{"id":9470,"date":"2021-11-12T07:52:17","date_gmt":"2021-11-12T07:52:17","guid":{"rendered":"https:\/\/lightup.lv\/product\/iebuvejams-drop-micro-matt-5-w-led-730lm-3000k\/"},"modified":"2024-01-29T12:59:12","modified_gmt":"2024-01-29T12:59:12","slug":"iebuvejams-drop-micro-matt-5-w-led-730lm-3000k","status":"publish","type":"product","link":"https:\/\/lightup.lv\/lt\/produktu-katalogas\/iebuvejams-drop-micro-matt-5-w-led-730lm-3000k\/","title":{"rendered":"Ieb\u016bv\u0113jams Drop Micro matt 5 W LED 730lm 3000K"},"content":{"rendered":"<p>\u012eleid\u017eiamas \u0161viestuvas:<\/p>\n<p>Galima rinktis i\u0161 \u012fvairi\u0173 spalv\u0173: tekst\u016bruota balta \/ tekst\u016bruota juoda<br \/>\nGalima rinktis i\u0161 \u012fvairi\u0173 konfig\u016bracij\u0173 \u2013 5 W \/ 7,5 W, 2700K \/ 3000K \/ 4000K \/<\/p>\n<p>ID A2240111NT<\/p>","protected":false},"excerpt":{"rendered":"<p>D:85 mm H:75mm<br \/>\n5 W LED 730lm 3000K<\/p>","protected":false},"featured_media":9471,"template":"","meta":{"_acf_changed":false},"product_brand":[],"product_cat":[42,86],"product_tag":[123],"class_list":{"0":"post-9470","1":"product","2":"type-product","3":"status-publish","4":"has-post-thumbnail","6":"product_cat-apgaismojums","7":"product_cat-iebuvejamas-lampas","8":"product_tag-arkoslight","10":"first","11":"instock","12":"shipping-taxable","13":"purchasable","14":"product-type-simple"},"acf":[],"_links":{"self":[{"href":"https:\/\/lightup.lv\/lt\/wp-json\/wp\/v2\/product\/9470","targetHints":{"allow":["GET"]}}],"collection":[{"href":"https:\/\/lightup.lv\/lt\/wp-json\/wp\/v2\/product"}],"about":[{"href":"https:\/\/lightup.lv\/lt\/wp-json\/wp\/v2\/types\/product"}],"wp:featuredmedia":[{"embeddable":true,"href":"https:\/\/lightup.lv\/lt\/wp-json\/wp\/v2\/media\/9471"}],"wp:attachment":[{"href":"https:\/\/lightup.lv\/lt\/wp-json\/wp\/v2\/media?parent=9470"}],"wp:term":[{"taxonomy":"product_brand","embeddable":true,"href":"https:\/\/lightup.lv\/lt\/wp-json\/wp\/v2\/product_brand?post=9470"},{"taxonomy":"product_cat","embeddable":true,"href":"https:\/\/lightup.lv\/lt\/wp-json\/wp\/v2\/product_cat?post=9470"},{"taxonomy":"product_tag","embeddable":true,"href":"https:\/\/lightup.lv\/lt\/wp-json\/wp\/v2\/product_tag?post=9470"}],"curies":[{"name":"wp","href":"https:\/\/api.w.org\/{rel}","templated":true}]}}