{"id":9508,"date":"2021-11-12T08:52:29","date_gmt":"2021-11-12T08:52:29","guid":{"rendered":"https:\/\/lightup.lv\/product\/iebuvejams-bath-square-ip65-5w-led-730lm-3000k\/"},"modified":"2024-01-29T12:56:32","modified_gmt":"2024-01-29T12:56:32","slug":"iebuvejams-bath-square-ip65-5w-led-730lm-3000k","status":"publish","type":"product","link":"https:\/\/lightup.lv\/lt\/produktu-katalogas\/iebuvejams-bath-square-ip65-5w-led-730lm-3000k\/","title":{"rendered":"Ieb\u016bv\u0113jams Bath square IP65 5W LED 730lm 3000K"},"content":{"rendered":"<p>\u012eleid\u017eiamas \u0161viestuvas:<\/p>\n<p>Pieejamas da\u017e\u0101da skr\u0101sas : Matt white \/ Matt chrome<br \/>\nGalima rinktis i\u0161 \u012fvairi\u0173 konfig\u016bracij\u0173 \u2013 5 W \/ 7,5 W, 2700K \/ 3000K \/ 4000K \/<\/p>\n<p>ID A1570111W<\/p>","protected":false},"excerpt":{"rendered":"<p>L\/W:88 mm H:70mm<br \/>\nIP65 5W LED 730lm 3000K<\/p>","protected":false},"featured_media":9509,"template":"","meta":{"_acf_changed":false},"product_brand":[],"product_cat":[42,86],"product_tag":[123],"class_list":{"0":"post-9508","1":"product","2":"type-product","3":"status-publish","4":"has-post-thumbnail","6":"product_cat-apgaismojums","7":"product_cat-iebuvejamas-lampas","8":"product_tag-arkoslight","10":"first","11":"instock","12":"shipping-taxable","13":"purchasable","14":"product-type-simple"},"acf":[],"_links":{"self":[{"href":"https:\/\/lightup.lv\/lt\/wp-json\/wp\/v2\/product\/9508","targetHints":{"allow":["GET"]}}],"collection":[{"href":"https:\/\/lightup.lv\/lt\/wp-json\/wp\/v2\/product"}],"about":[{"href":"https:\/\/lightup.lv\/lt\/wp-json\/wp\/v2\/types\/product"}],"wp:featuredmedia":[{"embeddable":true,"href":"https:\/\/lightup.lv\/lt\/wp-json\/wp\/v2\/media\/9509"}],"wp:attachment":[{"href":"https:\/\/lightup.lv\/lt\/wp-json\/wp\/v2\/media?parent=9508"}],"wp:term":[{"taxonomy":"product_brand","embeddable":true,"href":"https:\/\/lightup.lv\/lt\/wp-json\/wp\/v2\/product_brand?post=9508"},{"taxonomy":"product_cat","embeddable":true,"href":"https:\/\/lightup.lv\/lt\/wp-json\/wp\/v2\/product_cat?post=9508"},{"taxonomy":"product_tag","embeddable":true,"href":"https:\/\/lightup.lv\/lt\/wp-json\/wp\/v2\/product_tag?post=9508"}],"curies":[{"name":"wp","href":"https:\/\/api.w.org\/{rel}","templated":true}]}}