{"id":9553,"date":"2022-05-06T10:01:29","date_gmt":"2022-05-06T10:01:29","guid":{"rendered":"https:\/\/lightup.lv\/product\/babila-kresls\/"},"modified":"2024-01-30T16:01:54","modified_gmt":"2024-01-30T16:01:54","slug":"kudikio-kedute","status":"publish","type":"product","link":"https:\/\/lightup.lv\/lt\/precu-katalogs\/babila-kresls\/","title":{"rendered":"Pedrali Babila k\u0117d\u0117"},"content":{"rendered":"<p>Skirtingos spalvos<\/p>\n<p>Med\u017eiaga \u2013 metalin\u0117s kojel\u0117s, technopolimerin\u0117 s\u0117dyn\u0117<\/p>\n<p>K\u0117d\u0117s auk\u0161tis \u2013 80 cm<\/p>\n<p>K\u0117d\u0117s ilgis \u2013 50 cm<\/p>\n<p>S\u0117dyn\u0117s plotis \u2013 52 cm<\/p>\n<p>S\u0117dyn\u0117s auk\u0161tis \u2013 46,5 cm<\/p>\n<p>ID 2730<\/p>","protected":false},"excerpt":{"rendered":"<p>\u0160ios kolekcijos stipryb\u0117 \u2013 paprastumas ir tiesmuki\u0161kumas. K\u0117d\u0117 su technopolimero s\u0117dyne ir 16 mm plieninio vamzd\u017eio r\u0117mu, da\u017eyta milteliniu b\u016bdu ir tinkama naudoti lauke. Sudedama viena ant kitos. Kaina gali skirtis priklausomai nuo pasirinktos med\u017eiagos.<\/p>","protected":false},"featured_media":9554,"template":"","meta":{"_acf_changed":false},"product_brand":[],"product_cat":[121,28],"product_tag":[125],"class_list":{"0":"post-9553","1":"product","2":"type-product","3":"status-publish","4":"has-post-thumbnail","6":"product_cat-biroja-kresli","7":"product_cat-kresli","8":"product_tag-pedrali","10":"first","11":"instock","12":"shipping-taxable","13":"purchasable","14":"product-type-simple"},"acf":[],"_links":{"self":[{"href":"https:\/\/lightup.lv\/lt\/wp-json\/wp\/v2\/product\/9553","targetHints":{"allow":["GET"]}}],"collection":[{"href":"https:\/\/lightup.lv\/lt\/wp-json\/wp\/v2\/product"}],"about":[{"href":"https:\/\/lightup.lv\/lt\/wp-json\/wp\/v2\/types\/product"}],"wp:featuredmedia":[{"embeddable":true,"href":"https:\/\/lightup.lv\/lt\/wp-json\/wp\/v2\/media\/9554"}],"wp:attachment":[{"href":"https:\/\/lightup.lv\/lt\/wp-json\/wp\/v2\/media?parent=9553"}],"wp:term":[{"taxonomy":"product_brand","embeddable":true,"href":"https:\/\/lightup.lv\/lt\/wp-json\/wp\/v2\/product_brand?post=9553"},{"taxonomy":"product_cat","embeddable":true,"href":"https:\/\/lightup.lv\/lt\/wp-json\/wp\/v2\/product_cat?post=9553"},{"taxonomy":"product_tag","embeddable":true,"href":"https:\/\/lightup.lv\/lt\/wp-json\/wp\/v2\/product_tag?post=9553"}],"curies":[{"name":"wp","href":"https:\/\/api.w.org\/{rel}","templated":true}]}}