{"id":9608,"date":"2022-05-07T12:38:37","date_gmt":"2022-05-07T12:38:37","guid":{"rendered":"https:\/\/lightup.lv\/product\/kresls-pedrali-babila-2745\/"},"modified":"2024-01-30T15:59:06","modified_gmt":"2024-01-30T15:59:06","slug":"kresls-pedrali-babila-2745","status":"publish","type":"product","link":"https:\/\/lightup.lv\/lt\/precu-katalogs\/kresls-pedrali-babila-2745\/","title":{"rendered":"Pedrali Babila k\u0117d\u0117 su porankiais"},"content":{"rendered":"<p>Materi\u0101ls \u2013 Polipropil\u0113ns un Met\u0101ls<\/p>\n<p>\u012evairios spalvos<\/p>\n<p>Kr\u0113sla augstums \u2013 79 cm<\/p>\n<p>Poranki\u0173 auk\u0161tis yra 65 cm<\/p>\n<p>K\u0117d\u0117s ilgis \u2013 54,5 cm<\/p>\n<p>S\u0113des platums \u201353,5\u00a0 cm<\/p>\n<p>S\u0117dyn\u0117s auk\u0161tis \u2013 46 cm<\/p>\n<p>ID 2745<\/p>","protected":false},"excerpt":{"rendered":"<p>Kr\u0113sls ar polipropil\u0113na s\u0113di un \u00d811mm t\u0113rauda stie\u0146u r\u0101mi.<\/p>","protected":false},"featured_media":9609,"template":"","meta":{"_acf_changed":false},"product_brand":[],"product_cat":[126,121,28],"product_tag":[125],"class_list":{"0":"post-9608","1":"product","2":"type-product","3":"status-publish","4":"has-post-thumbnail","6":"product_cat-apmekletaju-kresli","7":"product_cat-biroja-kresli","8":"product_cat-kresli","9":"product_tag-pedrali","11":"first","12":"instock","13":"shipping-taxable","14":"purchasable","15":"product-type-simple"},"acf":[],"_links":{"self":[{"href":"https:\/\/lightup.lv\/lt\/wp-json\/wp\/v2\/product\/9608","targetHints":{"allow":["GET"]}}],"collection":[{"href":"https:\/\/lightup.lv\/lt\/wp-json\/wp\/v2\/product"}],"about":[{"href":"https:\/\/lightup.lv\/lt\/wp-json\/wp\/v2\/types\/product"}],"wp:featuredmedia":[{"embeddable":true,"href":"https:\/\/lightup.lv\/lt\/wp-json\/wp\/v2\/media\/9609"}],"wp:attachment":[{"href":"https:\/\/lightup.lv\/lt\/wp-json\/wp\/v2\/media?parent=9608"}],"wp:term":[{"taxonomy":"product_brand","embeddable":true,"href":"https:\/\/lightup.lv\/lt\/wp-json\/wp\/v2\/product_brand?post=9608"},{"taxonomy":"product_cat","embeddable":true,"href":"https:\/\/lightup.lv\/lt\/wp-json\/wp\/v2\/product_cat?post=9608"},{"taxonomy":"product_tag","embeddable":true,"href":"https:\/\/lightup.lv\/lt\/wp-json\/wp\/v2\/product_tag?post=9608"}],"curies":[{"name":"wp","href":"https:\/\/api.w.org\/{rel}","templated":true}]}}