{"id":9639,"date":"2022-05-08T16:07:13","date_gmt":"2022-05-08T16:07:13","guid":{"rendered":"https:\/\/lightup.lv\/product\/augstais-kresls-pedrali-babila\/"},"modified":"2024-01-30T15:57:48","modified_gmt":"2024-01-30T15:57:48","slug":"augstais-kresls-pedrali-babila","status":"publish","type":"product","link":"https:\/\/lightup.lv\/lt\/precu-katalogs\/augstais-kresls-pedrali-babila\/","title":{"rendered":"Pedrali Babila pusbario k\u0117d\u0117"},"content":{"rendered":"<p>Materi\u0101ls \u2013 Polipropil\u0113ns, T\u0113rauds, Stikla \u0161kiedra<br \/>\n\u012evairios spalvos<br \/>\nKr\u0113sla augstums \u201392 cm<br \/>\nK\u0117d\u0117s ilgis \u2013 48 cm<br \/>\nS\u0113des platums \u201350 cm<br \/>\nS\u0113des augstums \u2013 74,5 cm<\/p>\n<p>ID 2748<\/p>","protected":false},"excerpt":{"rendered":"<p>Augstais kr\u0113sls Babila ar atzveltni. T\u0113rauda k\u0101jas, s\u0113de izgatavota no polipropil\u0113na, kas pastiprin\u0101ts ar stikla \u0161\u0137iedru.<\/p>\n<p>Cena var at\u0161\u0137irties izv\u0113l\u0113t\u0101 materi\u0101la un kr\u0101sas d\u0113\u013c.<\/p>","protected":false},"featured_media":9640,"template":"","meta":{"_acf_changed":false},"product_brand":[],"product_cat":[126,121,28,41],"product_tag":[125],"class_list":{"0":"post-9639","1":"product","2":"type-product","3":"status-publish","4":"has-post-thumbnail","6":"product_cat-apmekletaju-kresli","7":"product_cat-biroja-kresli","8":"product_cat-kresli","9":"product_cat-pusbara-kresli","10":"product_tag-pedrali","12":"first","13":"instock","14":"shipping-taxable","15":"purchasable","16":"product-type-simple"},"acf":[],"_links":{"self":[{"href":"https:\/\/lightup.lv\/lt\/wp-json\/wp\/v2\/product\/9639","targetHints":{"allow":["GET"]}}],"collection":[{"href":"https:\/\/lightup.lv\/lt\/wp-json\/wp\/v2\/product"}],"about":[{"href":"https:\/\/lightup.lv\/lt\/wp-json\/wp\/v2\/types\/product"}],"wp:featuredmedia":[{"embeddable":true,"href":"https:\/\/lightup.lv\/lt\/wp-json\/wp\/v2\/media\/9640"}],"wp:attachment":[{"href":"https:\/\/lightup.lv\/lt\/wp-json\/wp\/v2\/media?parent=9639"}],"wp:term":[{"taxonomy":"product_brand","embeddable":true,"href":"https:\/\/lightup.lv\/lt\/wp-json\/wp\/v2\/product_brand?post=9639"},{"taxonomy":"product_cat","embeddable":true,"href":"https:\/\/lightup.lv\/lt\/wp-json\/wp\/v2\/product_cat?post=9639"},{"taxonomy":"product_tag","embeddable":true,"href":"https:\/\/lightup.lv\/lt\/wp-json\/wp\/v2\/product_tag?post=9639"}],"curies":[{"name":"wp","href":"https:\/\/api.w.org\/{rel}","templated":true}]}}