{"id":9715,"date":"2022-05-08T17:09:11","date_gmt":"2022-05-08T17:09:11","guid":{"rendered":"https:\/\/lightup.lv\/product\/koka-kresls-pedrali-brera\/"},"modified":"2024-01-30T15:54:08","modified_gmt":"2024-01-30T15:54:08","slug":"koka-kresls-pedrali-brera","status":"publish","type":"product","link":"https:\/\/lightup.lv\/lt\/precu-katalogs\/koka-kresls-pedrali-brera\/","title":{"rendered":"Koka kr\u0113sls Pedrali Brera"},"content":{"rendered":"<p>Materi\u0101ls \u2013 Koks<br \/>\n\u012evairios spalvos<br \/>\nK\u0117d\u0117s auk\u0161tis \u2013 80,5 cm<br \/>\nS\u0113des platums \u2013 35 cm<br \/>\nKr\u0113sla garums \u201342,5 cm<br \/>\nS\u0117dyn\u0117s auk\u0161tis \u2013 46 cm<\/p>\n<p>ID 380<\/p>","protected":false},"excerpt":{"rendered":"<p>Kompakti izm\u0113ri un ergonomiskas iez\u012bmes Brera kolekcijai, kuras nosaukums atsauc atmi\u0146\u0101 moderno restor\u0101nu valdzin\u0101jumu elegantaj\u0101 Mil\u0101nas rajon\u0101. Mas\u012bv\u0101 ozola konstrukcija kop\u0101 ar izliekto atzveltnes profilu pied\u0101v\u0101 vieglumu un veikl\u012bbu. Kr\u0113sls ar mas\u012bvkoka r\u0101mi.<\/p>\n<p>Cena var at\u0161\u0137irties izv\u0113l\u0113t\u0101 materi\u0101la un kr\u0101sas d\u0113\u013c.<\/p>","protected":false},"featured_media":9716,"template":"","meta":{"_acf_changed":false},"product_brand":[],"product_cat":[28,38,51,50],"product_tag":[125],"class_list":{"0":"post-9715","1":"product","2":"type-product","3":"status-publish","4":"has-post-thumbnail","6":"product_cat-kresli","7":"product_cat-kresli-pie-galda","8":"product_cat-kresli-terases-mebeles","9":"product_cat-terases-mebeles","10":"product_tag-pedrali","12":"first","13":"instock","14":"shipping-taxable","15":"purchasable","16":"product-type-simple"},"acf":[],"_links":{"self":[{"href":"https:\/\/lightup.lv\/lt\/wp-json\/wp\/v2\/product\/9715","targetHints":{"allow":["GET"]}}],"collection":[{"href":"https:\/\/lightup.lv\/lt\/wp-json\/wp\/v2\/product"}],"about":[{"href":"https:\/\/lightup.lv\/lt\/wp-json\/wp\/v2\/types\/product"}],"wp:featuredmedia":[{"embeddable":true,"href":"https:\/\/lightup.lv\/lt\/wp-json\/wp\/v2\/media\/9716"}],"wp:attachment":[{"href":"https:\/\/lightup.lv\/lt\/wp-json\/wp\/v2\/media?parent=9715"}],"wp:term":[{"taxonomy":"product_brand","embeddable":true,"href":"https:\/\/lightup.lv\/lt\/wp-json\/wp\/v2\/product_brand?post=9715"},{"taxonomy":"product_cat","embeddable":true,"href":"https:\/\/lightup.lv\/lt\/wp-json\/wp\/v2\/product_cat?post=9715"},{"taxonomy":"product_tag","embeddable":true,"href":"https:\/\/lightup.lv\/lt\/wp-json\/wp\/v2\/product_tag?post=9715"}],"curies":[{"name":"wp","href":"https:\/\/api.w.org\/{rel}","templated":true}]}}