{"id":9772,"date":"2022-05-08T17:58:25","date_gmt":"2022-05-08T17:58:25","guid":{"rendered":"https:\/\/lightup.lv\/product\/auduma-kresls-pedrali-buddy-5\/"},"modified":"2024-01-30T15:51:28","modified_gmt":"2024-01-30T15:51:28","slug":"auduma-kresls-pedrali-buddy-5","status":"publish","type":"product","link":"https:\/\/lightup.lv\/lt\/precu-katalogs\/auduma-kresls-pedrali-buddy-5\/","title":{"rendered":"Audinio k\u0117d\u0117 Pedrali Buddy"},"content":{"rendered":"<p>Med\u017eiaga \u2013 Audinys, plienas<br \/>\n\u012evairios spalvos<br \/>\nK\u0117d\u0117s auk\u0161tis \u2013 40 cm<br \/>\nS\u0117dyn\u0117s plotis \u2013 110 cm<\/p>\n<p>Kr\u0113sla dzi\u013cums &#8211; 55 cm<\/p>\n<p>Cena s\u0101kot NO: 841.55 eiro<br \/>\nKaina priklauso nuo konfig\u016bracijos ir pasirinkto audinio atspalvio.<\/p>\n<p>ID 214<\/p>","protected":false},"excerpt":{"rendered":"<p>\u201eBuddy\u201c kolekcija, sudaryta i\u0161 moderni\u0173 ir universali\u0173 element\u0173, i\u0161siskiria kontrastu tarp dr\u0105si\u0173 s\u0117dyn\u0117s t\u016bri\u0173 ir plono, lengvo r\u0117mo. Apmu\u0161tas pufas ir plienini\u0173 vamzd\u017ei\u0173 r\u0117mas.<\/p>","protected":false},"featured_media":9773,"template":"","meta":{"_acf_changed":false},"product_brand":[],"product_cat":[115,119,101,28,116],"product_tag":[125],"class_list":{"0":"post-9772","1":"product","2":"type-product","3":"status-publish","4":"has-post-thumbnail","6":"product_cat-atputas-kresli-publisko-telpu-mebeles","7":"product_cat-atputas-kresli-kresli","8":"product_cat-biroja-mebeles","9":"product_cat-kresli","10":"product_cat-pufi","11":"product_tag-pedrali","13":"first","14":"instock","15":"shipping-taxable","16":"purchasable","17":"product-type-simple"},"acf":[],"_links":{"self":[{"href":"https:\/\/lightup.lv\/lt\/wp-json\/wp\/v2\/product\/9772","targetHints":{"allow":["GET"]}}],"collection":[{"href":"https:\/\/lightup.lv\/lt\/wp-json\/wp\/v2\/product"}],"about":[{"href":"https:\/\/lightup.lv\/lt\/wp-json\/wp\/v2\/types\/product"}],"wp:featuredmedia":[{"embeddable":true,"href":"https:\/\/lightup.lv\/lt\/wp-json\/wp\/v2\/media\/9773"}],"wp:attachment":[{"href":"https:\/\/lightup.lv\/lt\/wp-json\/wp\/v2\/media?parent=9772"}],"wp:term":[{"taxonomy":"product_brand","embeddable":true,"href":"https:\/\/lightup.lv\/lt\/wp-json\/wp\/v2\/product_brand?post=9772"},{"taxonomy":"product_cat","embeddable":true,"href":"https:\/\/lightup.lv\/lt\/wp-json\/wp\/v2\/product_cat?post=9772"},{"taxonomy":"product_tag","embeddable":true,"href":"https:\/\/lightup.lv\/lt\/wp-json\/wp\/v2\/product_tag?post=9772"}],"curies":[{"name":"wp","href":"https:\/\/api.w.org\/{rel}","templated":true}]}}