{"id":9832,"date":"2022-05-08T19:48:38","date_gmt":"2022-05-08T19:48:38","guid":{"rendered":"https:\/\/lightup.lv\/product\/auduma-kresls-buddy-ar-atzveltni-3\/"},"modified":"2024-01-30T15:47:58","modified_gmt":"2024-01-30T15:47:58","slug":"auduma-kresls-buddy-ar-atzveltni-3","status":"publish","type":"product","link":"https:\/\/lightup.lv\/lt\/precu-katalogs\/auduma-kresls-buddy-ar-atzveltni-3\/","title":{"rendered":"Audinio k\u0117d\u0117 Buddy su atlo\u0161u"},"content":{"rendered":"<p>Dvigubas<\/p>\n<p>Med\u017eiaga \u2013 Audinys, plienas<br \/>\nKr\u0113sla augstums \u201372 cm<br \/>\nS\u0117dyn\u0117s plotis \u2013 110 cm<br \/>\nK\u0117d\u0117s ilgis \u2013 62 cm<br \/>\nS\u0113des augstums \u2013 40 cm<\/p>\n<p>Kaina nuo: 1673,67 euro<br \/>\nKaina priklauso nuo konfig\u016bracijos ir pasirinkto audinio atspalvio.<\/p>\n<p>ID 214S<\/p>","protected":false},"excerpt":{"rendered":"<p>\u201eBuddy\u201c kolekcija, sudaryta i\u0161 moderni\u0173 ir universali\u0173 element\u0173, i\u0161siskiria kontrastu tarp dr\u0105si\u0173 s\u0117dyn\u0117s t\u016bri\u0173 ir plono, lengvo r\u0117mo. Apmu\u0161tas pufas ir plienini\u0173 vamzd\u017ei\u0173 r\u0117mas.<\/p>","protected":false},"featured_media":9833,"template":"","meta":{"_acf_changed":false},"product_brand":[],"product_cat":[115,119,101,28,116,113],"product_tag":[125],"class_list":{"0":"post-9832","1":"product","2":"type-product","3":"status-publish","4":"has-post-thumbnail","6":"product_cat-atputas-kresli-publisko-telpu-mebeles","7":"product_cat-atputas-kresli-kresli","8":"product_cat-biroja-mebeles","9":"product_cat-kresli","10":"product_cat-pufi","11":"product_cat-uzgaidamie-divani","12":"product_tag-pedrali","14":"first","15":"instock","16":"shipping-taxable","17":"purchasable","18":"product-type-simple"},"acf":[],"_links":{"self":[{"href":"https:\/\/lightup.lv\/lt\/wp-json\/wp\/v2\/product\/9832","targetHints":{"allow":["GET"]}}],"collection":[{"href":"https:\/\/lightup.lv\/lt\/wp-json\/wp\/v2\/product"}],"about":[{"href":"https:\/\/lightup.lv\/lt\/wp-json\/wp\/v2\/types\/product"}],"wp:featuredmedia":[{"embeddable":true,"href":"https:\/\/lightup.lv\/lt\/wp-json\/wp\/v2\/media\/9833"}],"wp:attachment":[{"href":"https:\/\/lightup.lv\/lt\/wp-json\/wp\/v2\/media?parent=9832"}],"wp:term":[{"taxonomy":"product_brand","embeddable":true,"href":"https:\/\/lightup.lv\/lt\/wp-json\/wp\/v2\/product_brand?post=9832"},{"taxonomy":"product_cat","embeddable":true,"href":"https:\/\/lightup.lv\/lt\/wp-json\/wp\/v2\/product_cat?post=9832"},{"taxonomy":"product_tag","embeddable":true,"href":"https:\/\/lightup.lv\/lt\/wp-json\/wp\/v2\/product_tag?post=9832"}],"curies":[{"name":"wp","href":"https:\/\/api.w.org\/{rel}","templated":true}]}}