{"id":9913,"date":"2022-05-09T10:26:55","date_gmt":"2022-05-09T10:26:55","guid":{"rendered":"https:\/\/lightup.lv\/product\/augstais-kresls-dome-2\/"},"modified":"2024-01-30T15:44:01","modified_gmt":"2024-01-30T15:44:01","slug":"augstais-kresls-dome-2","status":"publish","type":"product","link":"https:\/\/lightup.lv\/lt\/precu-katalogs\/augstais-kresls-dome-2\/","title":{"rendered":"Kupolo baro k\u0117d\u0117"},"content":{"rendered":"<p>Med\u017eiaga \u2013 polipropilenas<br \/>\n\u012evairios spalvos<br \/>\nKr\u0113sla augstums \u201376 cm<br \/>\nK\u0101ju balstu augstums &#8211; 31,5 cm<br \/>\nS\u0113des platums \u2013 44 cm<br \/>\nKr\u0113sla garums \u201342 cm<\/p>\n<p>ID 268<\/p>","protected":false},"excerpt":{"rendered":"<p>Kr\u0113sls, kas piln\u012bb\u0101 izgatavoti no polipropil\u0113na, kas veidots ar gaisa form\u0113\u0161anas g\u0101zi. Novatoriska forma taisnst\u016brveida s\u0113deklim ar noapa\u013cotiem profiliem, kas sp\u0113j garant\u0113t ergonomisku s\u0113dekli pat ar \u013coti ierobe\u017eotu dzi\u013cumu. Saliekams viens uz otra.<\/p>","protected":false},"featured_media":9914,"template":"","meta":{"_acf_changed":false},"product_brand":[],"product_cat":[126,28,51,41,122,50],"product_tag":[125],"class_list":{"0":"post-9913","1":"product","2":"type-product","3":"status-publish","4":"has-post-thumbnail","6":"product_cat-apmekletaju-kresli","7":"product_cat-kresli","8":"product_cat-kresli-terases-mebeles","9":"product_cat-pusbara-kresli","10":"product_cat-terases-bara-kresli","11":"product_cat-terases-mebeles","12":"product_tag-pedrali","14":"first","15":"instock","16":"shipping-taxable","17":"purchasable","18":"product-type-simple"},"acf":[],"_links":{"self":[{"href":"https:\/\/lightup.lv\/lt\/wp-json\/wp\/v2\/product\/9913","targetHints":{"allow":["GET"]}}],"collection":[{"href":"https:\/\/lightup.lv\/lt\/wp-json\/wp\/v2\/product"}],"about":[{"href":"https:\/\/lightup.lv\/lt\/wp-json\/wp\/v2\/types\/product"}],"wp:featuredmedia":[{"embeddable":true,"href":"https:\/\/lightup.lv\/lt\/wp-json\/wp\/v2\/media\/9914"}],"wp:attachment":[{"href":"https:\/\/lightup.lv\/lt\/wp-json\/wp\/v2\/media?parent=9913"}],"wp:term":[{"taxonomy":"product_brand","embeddable":true,"href":"https:\/\/lightup.lv\/lt\/wp-json\/wp\/v2\/product_brand?post=9913"},{"taxonomy":"product_cat","embeddable":true,"href":"https:\/\/lightup.lv\/lt\/wp-json\/wp\/v2\/product_cat?post=9913"},{"taxonomy":"product_tag","embeddable":true,"href":"https:\/\/lightup.lv\/lt\/wp-json\/wp\/v2\/product_tag?post=9913"}],"curies":[{"name":"wp","href":"https:\/\/api.w.org\/{rel}","templated":true}]}}