{"id":9977,"date":"2022-05-10T07:01:37","date_gmt":"2022-05-10T07:01:37","guid":{"rendered":"https:\/\/lightup.lv\/product\/kresls-gliss-3\/"},"modified":"2024-01-30T15:30:05","modified_gmt":"2024-01-30T15:30:05","slug":"kedes-slydiklis-3","status":"publish","type":"product","link":"https:\/\/lightup.lv\/lt\/precu-katalogs\/kresls-gliss-3\/","title":{"rendered":"K\u0117d\u0117 Gliss"},"content":{"rendered":"<p>Med\u017eiaga \u2013 polikarbonatas, plienas<br \/>\nSkirtingos spalvos<br \/>\nK\u0117d\u0117s auk\u0161tis \u2013 74,5 cm<br \/>\nS\u0117dyn\u0117s plotis \u2013 59,5 cm<br \/>\nK\u0117d\u0117s ilgis \u2013 57 cm<br \/>\nS\u0117dyn\u0117s auk\u0161tis \u2013 44 cm<\/p>\n<p>ID 921<\/p>","protected":false},"excerpt":{"rendered":"<p>\u201eGliss\u201c \u2013 tai jauki ir ergonomi\u0161ka forma, \u012fkv\u0117pta ikoni\u0161k\u0173 \u201e\u0161e\u0161tojo de\u0161imtme\u010dio\u201c k\u0117d\u017ei\u0173, su b\u016bdinga skyle korpuse. Kolekcija i\u0161siskiria patogumu ir funkcionalumu, kur\u012f suteikia i\u0161lenkti porankiai, apgl\u0117biantys k\u016bn\u0105, ir lengvas valdymas. K\u0117d\u0117 su polikarbonato korpusu ir \u00d8 10 mm plieninio strypo r\u0117mu.<\/p>","protected":false},"featured_media":9978,"template":"","meta":{"_acf_changed":false},"product_brand":[],"product_cat":[126,80,115,101,28,51,50],"product_tag":[125],"class_list":{"0":"post-9977","1":"product","2":"type-product","3":"status-publish","4":"has-post-thumbnail","6":"product_cat-apmekletaju-kresli","7":"product_cat-atputas-kresli","8":"product_cat-atputas-kresli-publisko-telpu-mebeles","9":"product_cat-biroja-mebeles","10":"product_cat-kresli","11":"product_cat-kresli-terases-mebeles","12":"product_cat-terases-mebeles","13":"product_tag-pedrali","15":"first","16":"instock","17":"shipping-taxable","18":"purchasable","19":"product-type-simple"},"acf":[],"_links":{"self":[{"href":"https:\/\/lightup.lv\/lt\/wp-json\/wp\/v2\/product\/9977","targetHints":{"allow":["GET"]}}],"collection":[{"href":"https:\/\/lightup.lv\/lt\/wp-json\/wp\/v2\/product"}],"about":[{"href":"https:\/\/lightup.lv\/lt\/wp-json\/wp\/v2\/types\/product"}],"wp:featuredmedia":[{"embeddable":true,"href":"https:\/\/lightup.lv\/lt\/wp-json\/wp\/v2\/media\/9978"}],"wp:attachment":[{"href":"https:\/\/lightup.lv\/lt\/wp-json\/wp\/v2\/media?parent=9977"}],"wp:term":[{"taxonomy":"product_brand","embeddable":true,"href":"https:\/\/lightup.lv\/lt\/wp-json\/wp\/v2\/product_brand?post=9977"},{"taxonomy":"product_cat","embeddable":true,"href":"https:\/\/lightup.lv\/lt\/wp-json\/wp\/v2\/product_cat?post=9977"},{"taxonomy":"product_tag","embeddable":true,"href":"https:\/\/lightup.lv\/lt\/wp-json\/wp\/v2\/product_tag?post=9977"}],"curies":[{"name":"wp","href":"https:\/\/api.w.org\/{rel}","templated":true}]}}