{"id":9988,"date":"2022-05-10T07:09:58","date_gmt":"2022-05-10T07:09:58","guid":{"rendered":"https:\/\/lightup.lv\/product\/kresls-gliss-ar-riteniem\/"},"modified":"2024-01-30T15:29:10","modified_gmt":"2024-01-30T15:29:10","slug":"kresls-gliss-ar-riteniem","status":"publish","type":"product","link":"https:\/\/lightup.lv\/lt\/precu-katalogs\/kresls-gliss-ar-riteniem\/","title":{"rendered":"Gliss k\u0117d\u0117 su ratukais"},"content":{"rendered":"<p>Regul\u0113jams augstums<\/p>\n<p>Materi\u0101ls \u2013 Tehnopolim\u0113rs, Alum\u012bnijs<br \/>\nSkirtingos spalvos<br \/>\nKr\u0113sla augstums \u201372-84 cm<br \/>\nKr\u0113sla platums \u2013 75 cm<br \/>\nS\u0113des augstums \u2013 40-52 cm<\/p>\n<p>ID 960\/2<\/p>","protected":false},"excerpt":{"rendered":"<p>Gliss ir m\u0101j\u012bga un ergonomiska forma, ko iedvesmoju\u0161i ikoniskie \u201cFifties\u201d kr\u0113sli, ar rakstur\u012bgu caurumu korpus\u0101. Kolekcija izce\u013cas ar savu komfortu un funkcionalit\u0101ti, ko pie\u0161\u0137ir l\u012bkumotie roku balsti, kas aptver \u0137ermeni un \u0113rta vad\u0101m\u012bba. Groz\u0101mais kr\u0113sls ar tehnopolim\u0113ra apvalku un alum\u012bnija pamatni ar pieciem ritenti\u0146iem. Regul\u0113jams augstums.<\/p>","protected":false},"featured_media":9989,"template":"","meta":{"_acf_changed":false},"product_brand":[],"product_cat":[126,115,121,101,28],"product_tag":[125],"class_list":{"0":"post-9988","1":"product","2":"type-product","3":"status-publish","4":"has-post-thumbnail","6":"product_cat-apmekletaju-kresli","7":"product_cat-atputas-kresli-publisko-telpu-mebeles","8":"product_cat-biroja-kresli","9":"product_cat-biroja-mebeles","10":"product_cat-kresli","11":"product_tag-pedrali","13":"first","14":"instock","15":"shipping-taxable","16":"purchasable","17":"product-type-simple"},"acf":[],"_links":{"self":[{"href":"https:\/\/lightup.lv\/lt\/wp-json\/wp\/v2\/product\/9988","targetHints":{"allow":["GET"]}}],"collection":[{"href":"https:\/\/lightup.lv\/lt\/wp-json\/wp\/v2\/product"}],"about":[{"href":"https:\/\/lightup.lv\/lt\/wp-json\/wp\/v2\/types\/product"}],"wp:featuredmedia":[{"embeddable":true,"href":"https:\/\/lightup.lv\/lt\/wp-json\/wp\/v2\/media\/9989"}],"wp:attachment":[{"href":"https:\/\/lightup.lv\/lt\/wp-json\/wp\/v2\/media?parent=9988"}],"wp:term":[{"taxonomy":"product_brand","embeddable":true,"href":"https:\/\/lightup.lv\/lt\/wp-json\/wp\/v2\/product_brand?post=9988"},{"taxonomy":"product_cat","embeddable":true,"href":"https:\/\/lightup.lv\/lt\/wp-json\/wp\/v2\/product_cat?post=9988"},{"taxonomy":"product_tag","embeddable":true,"href":"https:\/\/lightup.lv\/lt\/wp-json\/wp\/v2\/product_tag?post=9988"}],"curies":[{"name":"wp","href":"https:\/\/api.w.org\/{rel}","templated":true}]}}