{"id":10090,"date":"2022-05-10T08:54:50","date_gmt":"2022-05-10T08:54:50","guid":{"rendered":"https:\/\/lightup.lv\/product\/atputas-kresls-host-lounge-3\/"},"modified":"2024-01-30T15:20:01","modified_gmt":"2024-01-30T15:20:01","slug":"atputas-kresls-host-lounge-3","status":"publish","type":"product","link":"https:\/\/lightup.lv\/ru\/precu-katalogs\/atputas-kresls-host-lounge-3\/","title":{"rendered":"\u041a\u0440\u0435\u0441\u043b\u043e \u0432 \u0433\u043e\u0441\u0442\u0438\u043d\u043e\u0439 \u0434\u043b\u044f \u0433\u043e\u0441\u0442\u0435\u0439"},"content":{"rendered":"<p>\u041c\u0430\u0442\u0435\u0440\u0438\u0430\u043b \u2013 \u0438\u0441\u043a\u0443\u0441\u0441\u0442\u0432\u0435\u043d\u043d\u0430\u044f \u043a\u043e\u0436\u0430, \u0441\u0442\u0430\u043b\u044c<br \/>\nKr\u0113sla augstums \u2013 40cm<br \/>\n\u0428\u0438\u0440\u0438\u043d\u0430 \u0438 \u0434\u043b\u0438\u043d\u0430 \u0441\u0438\u0434\u0435\u043d\u044c\u044f \u2013 74 \u0441\u043c.<\/p>\n<p>ID 793<\/p>","protected":false},"excerpt":{"rendered":"<p>Host ir modul\u0101ra vienviet\u012bgu, divviet\u012bgu un st\u016bra s\u0113dvietu sist\u0113ma, kas piem\u0113rota lielam skaitam kombin\u0101ciju un piel\u0101gojumu. Polster\u0113ts atp\u016btas d\u012bv\u0101na bloks no poliuret\u0101na put\u0101m ar \u00d8 16mm t\u0113rauda r\u0101mi.<\/p>","protected":false},"featured_media":10091,"template":"","meta":{"_acf_changed":false},"product_brand":[],"product_cat":[115,119,101,28,116,113],"product_tag":[125],"class_list":{"0":"post-10090","1":"product","2":"type-product","3":"status-publish","4":"has-post-thumbnail","6":"product_cat-atputas-kresli-publisko-telpu-mebeles","7":"product_cat-atputas-kresli-kresli","8":"product_cat-biroja-mebeles","9":"product_cat-kresli","10":"product_cat-pufi","11":"product_cat-uzgaidamie-divani","12":"product_tag-pedrali","14":"first","15":"instock","16":"shipping-taxable","17":"purchasable","18":"product-type-simple"},"acf":[],"_links":{"self":[{"href":"https:\/\/lightup.lv\/ru\/wp-json\/wp\/v2\/product\/10090","targetHints":{"allow":["GET"]}}],"collection":[{"href":"https:\/\/lightup.lv\/ru\/wp-json\/wp\/v2\/product"}],"about":[{"href":"https:\/\/lightup.lv\/ru\/wp-json\/wp\/v2\/types\/product"}],"wp:featuredmedia":[{"embeddable":true,"href":"https:\/\/lightup.lv\/ru\/wp-json\/wp\/v2\/media\/10091"}],"wp:attachment":[{"href":"https:\/\/lightup.lv\/ru\/wp-json\/wp\/v2\/media?parent=10090"}],"wp:term":[{"taxonomy":"product_brand","embeddable":true,"href":"https:\/\/lightup.lv\/ru\/wp-json\/wp\/v2\/product_brand?post=10090"},{"taxonomy":"product_cat","embeddable":true,"href":"https:\/\/lightup.lv\/ru\/wp-json\/wp\/v2\/product_cat?post=10090"},{"taxonomy":"product_tag","embeddable":true,"href":"https:\/\/lightup.lv\/ru\/wp-json\/wp\/v2\/product_tag?post=10090"}],"curies":[{"name":"WP","href":"https:\/\/api.w.org\/{rel}","templated":true}]}}