{"id":10110,"date":"2022-05-10T09:07:55","date_gmt":"2022-05-10T09:07:55","guid":{"rendered":"https:\/\/lightup.lv\/product\/kresls-inga-ar-atzveltni\/"},"modified":"2024-01-30T15:18:48","modified_gmt":"2024-01-30T15:18:48","slug":"kresls-inga-ar-atzveltni","status":"publish","type":"product","link":"https:\/\/lightup.lv\/ru\/precu-katalogs\/kresls-inga-ar-atzveltni\/","title":{"rendered":"\u0421\u0442\u0443\u043b \u0418\u043d\u0433\u0430 \u0441\u043e \u0441\u043f\u0438\u043d\u043a\u043e\u0439"},"content":{"rendered":"<p>Materi\u0101ls \u2013 Koks, T\u0113rauds<br \/>\n\u0414\u043e\u0441\u0442\u0443\u043f\u043d\u044b \u0440\u0430\u0437\u043b\u0438\u0447\u043d\u044b\u0435 \u0446\u0432\u0435\u0442\u0430<br \/>\n\u0412\u044b\u0441\u043e\u0442\u0430 \u0441\u0442\u0443\u043b\u0430 \u201380 \u0441\u043c.<br \/>\n\u0428\u0438\u0440\u0438\u043d\u0430 \u0441\u0438\u0434\u0435\u043d\u044c\u044f \u2013 54 \u0441\u043c.<br \/>\n\u0414\u043b\u0438\u043d\u0430 \u0441\u0442\u0443\u043b\u0430 \u201354 \u0441\u043c<br \/>\nS\u0113des augstums \u2013 45,5 cm<\/p>\n<p>Cena s\u0101kot NO: 245,63 eiro<br \/>\n\u0426\u0435\u043d\u0430 \u0437\u0430\u0432\u0438\u0441\u0438\u0442 \u043e\u0442 \u043a\u043e\u043c\u043f\u043b\u0435\u043a\u0442\u0430\u0446\u0438\u0438 \u0438 \u0432\u044b\u0431\u0440\u0430\u043d\u043d\u043e\u0433\u043e \u043e\u0442\u0442\u0435\u043d\u043a\u0430 \u0442\u043a\u0430\u043d\u0438.<\/p>\n<p>ID 5619<\/p>","protected":false},"excerpt":{"rendered":"<p>Kr\u0113sls ar finier\u0113ta ozola sapl\u0101k\u0161\u0146a apvalku un \u00d8 10mm t\u0113rauda r\u0101mi.<\/p>","protected":false},"featured_media":10111,"template":"","meta":{"_acf_changed":false},"product_brand":[],"product_cat":[121,28,38],"product_tag":[125],"class_list":{"0":"post-10110","1":"product","2":"type-product","3":"status-publish","4":"has-post-thumbnail","6":"product_cat-biroja-kresli","7":"product_cat-kresli","8":"product_cat-kresli-pie-galda","9":"product_tag-pedrali","11":"first","12":"instock","13":"shipping-taxable","14":"purchasable","15":"product-type-simple"},"acf":[],"_links":{"self":[{"href":"https:\/\/lightup.lv\/ru\/wp-json\/wp\/v2\/product\/10110","targetHints":{"allow":["GET"]}}],"collection":[{"href":"https:\/\/lightup.lv\/ru\/wp-json\/wp\/v2\/product"}],"about":[{"href":"https:\/\/lightup.lv\/ru\/wp-json\/wp\/v2\/types\/product"}],"wp:featuredmedia":[{"embeddable":true,"href":"https:\/\/lightup.lv\/ru\/wp-json\/wp\/v2\/media\/10111"}],"wp:attachment":[{"href":"https:\/\/lightup.lv\/ru\/wp-json\/wp\/v2\/media?parent=10110"}],"wp:term":[{"taxonomy":"product_brand","embeddable":true,"href":"https:\/\/lightup.lv\/ru\/wp-json\/wp\/v2\/product_brand?post=10110"},{"taxonomy":"product_cat","embeddable":true,"href":"https:\/\/lightup.lv\/ru\/wp-json\/wp\/v2\/product_cat?post=10110"},{"taxonomy":"product_tag","embeddable":true,"href":"https:\/\/lightup.lv\/ru\/wp-json\/wp\/v2\/product_tag?post=10110"}],"curies":[{"name":"WP","href":"https:\/\/api.w.org\/{rel}","templated":true}]}}