{"id":10213,"date":"2022-05-10T13:05:18","date_gmt":"2022-05-10T13:05:18","guid":{"rendered":"https:\/\/lightup.lv\/product\/kresls-nolita-artelpam-3\/"},"modified":"2024-01-30T14:30:38","modified_gmt":"2024-01-30T14:30:38","slug":"kresls-nolita-artelpam-3","status":"publish","type":"product","link":"https:\/\/lightup.lv\/ru\/%d0%ba%d0%b0%d1%82%d0%b0%d0%bb%d0%be%d0%b3-%d0%bf%d1%80%d0%be%d0%b4%d1%83%d0%ba%d1%86%d0%b8%d0%b8\/kresls-nolita-artelpam-3\/","title":{"rendered":"\u0421\u0430\u0434\u043e\u0432\u043e\u0435 \u043a\u0440\u0435\u0441\u043b\u043e Nolita"},"content":{"rendered":"<p>\u041c\u0430\u0442\u0435\u0440\u0438\u0430\u043b \u2013 \u0421\u0442\u0430\u043b\u044c<br \/>\n\u0414\u043e\u0441\u0442\u0443\u043f\u043d\u044b \u0440\u0430\u0437\u043b\u0438\u0447\u043d\u044b\u0435 \u0446\u0432\u0435\u0442\u0430<br \/>\n\u0412\u044b\u0441\u043e\u0442\u0430 \u0441\u0442\u0443\u043b\u0430 \u201377 \u0441\u043c.<br \/>\n\u0412\u044b\u0441\u043e\u0442\u0430 \u043f\u043e\u0434\u043b\u043e\u043a\u043e\u0442\u043d\u0438\u043a\u043e\u0432 65 \u0441\u043c.<br \/>\n\u0428\u0438\u0440\u0438\u043d\u0430 \u0441\u0438\u0434\u0435\u043d\u044c\u044f \u2013 59,5 \u0441\u043c.<br \/>\n\u0414\u043b\u0438\u043d\u0430 \u0441\u0442\u0443\u043b\u0430 \u201353 \u0441\u043c<br \/>\n\u0412\u044b\u0441\u043e\u0442\u0430 \u0441\u0438\u0434\u0435\u043d\u044c\u044f \u2013 46,5 \u0441\u043c.<\/p>\n<p>ID 3655<\/p>","protected":false},"excerpt":{"rendered":"<p>Nolita ir \u0101rtelpu kr\u0113slu kolekcija, kas atg\u0101dina v\u0113sturisk\u0101 kursa pirms\u0101kumus, ko Mario Pedrali aizs\u0101ka 1963. gad\u0101 ar saviem pirmajiem met\u0101la d\u0101rza kr\u0113sliem. Kr\u0113sls ar augstu atzveltni, t\u0113rauda r\u0101mi ar pulverkr\u0101sojumu, lieto\u0161anai \u0101rpus telp\u0101m.<\/p>","protected":false},"featured_media":10214,"template":"","meta":{"_acf_changed":false},"product_brand":[],"product_cat":[124,28,38,51,122,50],"product_tag":[125],"class_list":{"0":"post-10213","1":"product","2":"type-product","3":"status-publish","4":"has-post-thumbnail","6":"product_cat-kresli-konfernecu","7":"product_cat-kresli","8":"product_cat-kresli-pie-galda","9":"product_cat-kresli-terases-mebeles","10":"product_cat-terases-bara-kresli","11":"product_cat-terases-mebeles","12":"product_tag-pedrali","14":"first","15":"instock","16":"shipping-taxable","17":"purchasable","18":"product-type-simple"},"acf":[],"_links":{"self":[{"href":"https:\/\/lightup.lv\/ru\/wp-json\/wp\/v2\/product\/10213","targetHints":{"allow":["GET"]}}],"collection":[{"href":"https:\/\/lightup.lv\/ru\/wp-json\/wp\/v2\/product"}],"about":[{"href":"https:\/\/lightup.lv\/ru\/wp-json\/wp\/v2\/types\/product"}],"wp:featuredmedia":[{"embeddable":true,"href":"https:\/\/lightup.lv\/ru\/wp-json\/wp\/v2\/media\/10214"}],"wp:attachment":[{"href":"https:\/\/lightup.lv\/ru\/wp-json\/wp\/v2\/media?parent=10213"}],"wp:term":[{"taxonomy":"product_brand","embeddable":true,"href":"https:\/\/lightup.lv\/ru\/wp-json\/wp\/v2\/product_brand?post=10213"},{"taxonomy":"product_cat","embeddable":true,"href":"https:\/\/lightup.lv\/ru\/wp-json\/wp\/v2\/product_cat?post=10213"},{"taxonomy":"product_tag","embeddable":true,"href":"https:\/\/lightup.lv\/ru\/wp-json\/wp\/v2\/product_tag?post=10213"}],"curies":[{"name":"wp","href":"https:\/\/api.w.org\/{rel}","templated":true}]}}