{"id":10414,"date":"2022-05-10T16:56:24","date_gmt":"2022-05-10T16:56:24","guid":{"rendered":"https:\/\/lightup.lv\/product\/kresls-tatami-ar-atzveltni\/"},"modified":"2024-01-30T12:06:46","modified_gmt":"2024-01-30T12:06:46","slug":"kresls-tatami-ar-atzveltni","status":"publish","type":"product","link":"https:\/\/lightup.lv\/ru\/precu-katalogs\/kresls-tatami-ar-atzveltni\/","title":{"rendered":"\u0421\u0442\u0443\u043b \u0442\u0430\u0442\u0430\u043c\u0438 \u0441\u043e \u0441\u043f\u0438\u043d\u043a\u043e\u0439"},"content":{"rendered":"<p>\u041c\u0430\u0442\u0435\u0440\u0438\u0430\u043b \u2013 \u041f\u043e\u043b\u0438\u043f\u0440\u043e\u043f\u0438\u043b\u0435\u043d<br \/>\n\u0414\u043e\u0441\u0442\u0443\u043f\u043d\u044b \u0440\u0430\u0437\u043b\u0438\u0447\u043d\u044b\u0435 \u0446\u0432\u0435\u0442\u0430<br \/>\n\u0412\u044b\u0441\u043e\u0442\u0430 \u0441\u0442\u0443\u043b\u0430 \u2013 82 \u0441\u043c<br \/>\n\u0428\u0438\u0440\u0438\u043d\u0430 \u0441\u0438\u0434\u0435\u043d\u044c\u044f \u2013 47 \u0441\u043c.<br \/>\n\u0414\u043b\u0438\u043d\u0430 \u0441\u0442\u0443\u043b\u0430 \u201354 \u0441\u043c<br \/>\nS\u0113des augstums \u2013 44 cm<\/p>\n<p>ID 305<\/p>","protected":false},"excerpt":{"rendered":"<p>Tatami kolekcija pau\u017e v\u0113lmi dz\u012bvot br\u012bv\u0101 dab\u0101. Savdab\u012bg\u0101 s\u0113des au\u0161ana metode garant\u0113 komfortu un mudina atp\u016bsties. Polipropil\u0113na kr\u0113sls, pastiprin\u0101ts ar stikla \u0161\u0137iedr\u0101m.<\/p>","protected":false},"featured_media":10415,"template":"","meta":{"_acf_changed":false},"product_brand":[],"product_cat":[126,124,28,51,50],"product_tag":[125],"class_list":{"0":"post-10414","1":"product","2":"type-product","3":"status-publish","4":"has-post-thumbnail","6":"product_cat-apmekletaju-kresli","7":"product_cat-kresli-konfernecu","8":"product_cat-kresli","9":"product_cat-kresli-terases-mebeles","10":"product_cat-terases-mebeles","11":"product_tag-pedrali","13":"first","14":"instock","15":"shipping-taxable","16":"purchasable","17":"product-type-simple"},"acf":[],"_links":{"self":[{"href":"https:\/\/lightup.lv\/ru\/wp-json\/wp\/v2\/product\/10414","targetHints":{"allow":["GET"]}}],"collection":[{"href":"https:\/\/lightup.lv\/ru\/wp-json\/wp\/v2\/product"}],"about":[{"href":"https:\/\/lightup.lv\/ru\/wp-json\/wp\/v2\/types\/product"}],"wp:featuredmedia":[{"embeddable":true,"href":"https:\/\/lightup.lv\/ru\/wp-json\/wp\/v2\/media\/10415"}],"wp:attachment":[{"href":"https:\/\/lightup.lv\/ru\/wp-json\/wp\/v2\/media?parent=10414"}],"wp:term":[{"taxonomy":"product_brand","embeddable":true,"href":"https:\/\/lightup.lv\/ru\/wp-json\/wp\/v2\/product_brand?post=10414"},{"taxonomy":"product_cat","embeddable":true,"href":"https:\/\/lightup.lv\/ru\/wp-json\/wp\/v2\/product_cat?post=10414"},{"taxonomy":"product_tag","embeddable":true,"href":"https:\/\/lightup.lv\/ru\/wp-json\/wp\/v2\/product_tag?post=10414"}],"curies":[{"name":"WP","href":"https:\/\/api.w.org\/{rel}","templated":true}]}}