{"id":10453,"date":"2022-05-10T17:35:48","date_gmt":"2022-05-10T17:35:48","guid":{"rendered":"https:\/\/lightup.lv\/product\/kresls-tribeca-artelpam-2\/"},"modified":"2024-01-30T12:00:45","modified_gmt":"2024-01-30T12:00:45","slug":"kresls-tribeca-artelpam-2","status":"publish","type":"product","link":"https:\/\/lightup.lv\/ru\/precu-katalogs\/kresls-tribeca-artelpam-2\/","title":{"rendered":"\u0423\u043b\u0438\u0447\u043d\u043e\u0435 \u043a\u0440\u0435\u0441\u043b\u043e Tribeca"},"content":{"rendered":"<p>\u041c\u0430\u0442\u0435\u0440\u0438\u0430\u043b \u2013 \u041f\u0412\u0425, \u0441\u0442\u0430\u043b\u044c<br \/>\n\u0414\u043e\u0441\u0442\u0443\u043f\u043d\u044b \u0440\u0430\u0437\u043b\u0438\u0447\u043d\u044b\u0435 \u0446\u0432\u0435\u0442\u0430<br \/>\n\u0412\u044b\u0441\u043e\u0442\u0430 \u0441\u0442\u0443\u043b\u0430 \u201376,5 \u0441\u043c.<br \/>\n\u0428\u0438\u0440\u0438\u043d\u0430 \u0441\u0438\u0434\u0435\u043d\u044c\u044f \u2013 59 \u0441\u043c<br \/>\n\u0414\u043b\u0438\u043d\u0430 \u0441\u0442\u0443\u043b\u0430 \u2013 51,5 \u0441\u043c.<br \/>\n\u0412\u044b\u0441\u043e\u0442\u0430 \u0441\u0438\u0434\u0435\u043d\u044c\u044f \u2013 46,5 \u0441\u043c.<\/p>\n<p>ID Tribeca-3665<\/p>","protected":false},"excerpt":{"rendered":"<p>Tribeca atgrie\u017e m\u016bs pag\u0101tn\u0113 ar m\u016bsdien\u012bgu klasisko se\u0161desmito gadu terases kr\u0113slu interpret\u0101ciju, kas izgatavoti no t\u0113rauda un austa materi\u0101la. Atzveltnes kr\u0113sls ar \u00d820 mm caurules strukt\u016bru, kas p\u0101rkl\u0101ts ar pulvera p\u0101rkl\u0101jumu lieto\u0161anai \u0101rpus telp\u0101m, atzveltne un s\u0113deklis no austa ekstrud\u0113ta PVC ar neilona serdi. \u012apa\u0161i izstr\u0101d\u0101ts lieto\u0161anai \u0101rpus telp\u0101m. Saliekams viens uz otra.<\/p>","protected":false},"featured_media":10454,"template":"","meta":{"_acf_changed":false},"product_brand":[],"product_cat":[126,28,38,51,50],"product_tag":[125],"class_list":{"0":"post-10453","1":"product","2":"type-product","3":"status-publish","4":"has-post-thumbnail","6":"product_cat-apmekletaju-kresli","7":"product_cat-kresli","8":"product_cat-kresli-pie-galda","9":"product_cat-kresli-terases-mebeles","10":"product_cat-terases-mebeles","11":"product_tag-pedrali","13":"first","14":"instock","15":"shipping-taxable","16":"purchasable","17":"product-type-simple"},"acf":[],"_links":{"self":[{"href":"https:\/\/lightup.lv\/ru\/wp-json\/wp\/v2\/product\/10453","targetHints":{"allow":["GET"]}}],"collection":[{"href":"https:\/\/lightup.lv\/ru\/wp-json\/wp\/v2\/product"}],"about":[{"href":"https:\/\/lightup.lv\/ru\/wp-json\/wp\/v2\/types\/product"}],"wp:featuredmedia":[{"embeddable":true,"href":"https:\/\/lightup.lv\/ru\/wp-json\/wp\/v2\/media\/10454"}],"wp:attachment":[{"href":"https:\/\/lightup.lv\/ru\/wp-json\/wp\/v2\/media?parent=10453"}],"wp:term":[{"taxonomy":"product_brand","embeddable":true,"href":"https:\/\/lightup.lv\/ru\/wp-json\/wp\/v2\/product_brand?post=10453"},{"taxonomy":"product_cat","embeddable":true,"href":"https:\/\/lightup.lv\/ru\/wp-json\/wp\/v2\/product_cat?post=10453"},{"taxonomy":"product_tag","embeddable":true,"href":"https:\/\/lightup.lv\/ru\/wp-json\/wp\/v2\/product_tag?post=10453"}],"curies":[{"name":"WP","href":"https:\/\/api.w.org\/{rel}","templated":true}]}}