{"id":10525,"date":"2022-05-10T18:17:48","date_gmt":"2022-05-10T18:17:48","guid":{"rendered":"https:\/\/lightup.lv\/product\/kresls-tweet-ar-atzveltni-2\/"},"modified":"2024-01-30T11:56:34","modified_gmt":"2024-01-30T11:56:34","slug":"kresls-tweet-ar-atzveltni-2","status":"publish","type":"product","link":"https:\/\/lightup.lv\/ru\/%d0%ba%d0%b0%d1%82%d0%b0%d0%bb%d0%be%d0%b3-%d0%bf%d1%80%d0%be%d0%b4%d1%83%d0%ba%d1%86%d0%b8%d0%b8\/kresls-tweet-ar-atzveltni-2\/","title":{"rendered":"\u041a\u0440\u0435\u0441\u043b\u043e Tweet \u0441\u043e \u0441\u043f\u0438\u043d\u043a\u043e\u0439"},"content":{"rendered":"<p>\u041c\u0430\u0442\u0435\u0440\u0438\u0430\u043b \u2013 \u043f\u043e\u043b\u0438\u043f\u0440\u043e\u043f\u0438\u043b\u0435\u043d, \u0441\u0442\u0430\u043b\u044c<br \/>\n\u0414\u043e\u0441\u0442\u0443\u043f\u043d\u044b \u0440\u0430\u0437\u043b\u0438\u0447\u043d\u044b\u0435 \u0446\u0432\u0435\u0442\u0430<br \/>\n\u0412\u044b\u0441\u043e\u0442\u0430 \u0441\u0442\u0443\u043b\u0430 \u201380,5 \u0441\u043c.<br \/>\n\u0428\u0438\u0440\u0438\u043d\u0430 \u0441\u0438\u0434\u0435\u043d\u044c\u044f \u2013 56 \u0441\u043c.<br \/>\n\u0414\u043b\u0438\u043d\u0430 \u0441\u0442\u0443\u043b\u0430 \u201352 \u0441\u043c<br \/>\n\u0412\u044b\u0441\u043e\u0442\u0430 \u0441\u0438\u0434\u0435\u043d\u044c\u044f \u2013 46 \u0441\u043c.<\/p>\n<p>ID 894<\/p>","protected":false},"excerpt":{"rendered":"<p>Tweet ir s\u0113dek\u013cu kolekcija, ko raksturo racion\u0101ls un t\u012brs dizains. Saliekams kr\u0113sls ar polipropil\u0113na apvalku un \u00d811 mm t\u0113rauda stie\u0146a r\u0101mi. K\u0101 aksesu\u0101rs pieejama melna pl\u0101ksne, lai nodro\u0161in\u0101tu maksim\u0101lu piel\u0101go\u0161anos biroja videi.<\/p>","protected":false},"featured_media":10526,"template":"","meta":{"_acf_changed":false},"product_brand":[],"product_cat":[126,121,28],"product_tag":[125],"class_list":{"0":"post-10525","1":"product","2":"type-product","3":"status-publish","4":"has-post-thumbnail","6":"product_cat-apmekletaju-kresli","7":"product_cat-biroja-kresli","8":"product_cat-kresli","9":"product_tag-pedrali","11":"first","12":"instock","13":"shipping-taxable","14":"purchasable","15":"product-type-simple"},"acf":[],"_links":{"self":[{"href":"https:\/\/lightup.lv\/ru\/wp-json\/wp\/v2\/product\/10525","targetHints":{"allow":["GET"]}}],"collection":[{"href":"https:\/\/lightup.lv\/ru\/wp-json\/wp\/v2\/product"}],"about":[{"href":"https:\/\/lightup.lv\/ru\/wp-json\/wp\/v2\/types\/product"}],"wp:featuredmedia":[{"embeddable":true,"href":"https:\/\/lightup.lv\/ru\/wp-json\/wp\/v2\/media\/10526"}],"wp:attachment":[{"href":"https:\/\/lightup.lv\/ru\/wp-json\/wp\/v2\/media?parent=10525"}],"wp:term":[{"taxonomy":"product_brand","embeddable":true,"href":"https:\/\/lightup.lv\/ru\/wp-json\/wp\/v2\/product_brand?post=10525"},{"taxonomy":"product_cat","embeddable":true,"href":"https:\/\/lightup.lv\/ru\/wp-json\/wp\/v2\/product_cat?post=10525"},{"taxonomy":"product_tag","embeddable":true,"href":"https:\/\/lightup.lv\/ru\/wp-json\/wp\/v2\/product_tag?post=10525"}],"curies":[{"name":"wp","href":"https:\/\/api.w.org\/{rel}","templated":true}]}}