{"id":10540,"date":"2022-05-10T18:24:10","date_gmt":"2022-05-10T18:24:10","guid":{"rendered":"https:\/\/lightup.lv\/product\/kresls-tweet-ar-riteniem\/"},"modified":"2024-01-30T11:55:42","modified_gmt":"2024-01-30T11:55:42","slug":"kresls-tweet-ar-riteniem","status":"publish","type":"product","link":"https:\/\/lightup.lv\/ru\/precu-katalogs\/kresls-tweet-ar-riteniem\/","title":{"rendered":"\u0422\u0432\u0438\u0442-\u0441\u0442\u0443\u043b \u043d\u0430 \u043a\u043e\u043b\u0435\u0441\u0438\u043a\u0430\u0445"},"content":{"rendered":"<p>Materi\u0101ls \u2013 Polipropil\u0113ns, Alum\u012bnijs<br \/>\n\u0414\u043e\u0441\u0442\u0443\u043f\u043d\u044b \u0440\u0430\u0437\u043b\u0438\u0447\u043d\u044b\u0435 \u0446\u0432\u0435\u0442\u0430<br \/>\n\u0412\u044b\u0441\u043e\u0442\u0430 \u0441\u0442\u0443\u043b\u0430 \u201381 \u0441\u043c<br \/>\n\u0428\u0438\u0440\u0438\u043d\u0430 \u0441\u0438\u0434\u0435\u043d\u044c\u044f \u2013 49 \u0441\u043c.<br \/>\n\u0414\u043b\u0438\u043d\u0430 \u0441\u0442\u0443\u043b\u0430 \u201352,5 \u0441\u043c<br \/>\n\u0412\u044b\u0441\u043e\u0442\u0430 \u0441\u0438\u0434\u0435\u043d\u044c\u044f \u2013 46 \u0441\u043c.<\/p>\n<p>ID 893<\/p>","protected":false},"excerpt":{"rendered":"<p>Tweet ir kr\u0113slu kolekcija, kas apvieno racion\u0101lu un t\u012bru virsb\u016bves dizainu ar pla\u0161u r\u0101mju un apdares izv\u0113li, lai nodro\u0161in\u0101tu maksim\u0101lu piel\u0101go\u0161anos sadz\u012bves videi. Kr\u0113sls ar bi-injekcijas form\u0113tu polipropil\u0113na apvalku un alum\u012bnija centr\u0101lo pamatni ar \u010detr\u0101m k\u0101j\u0101m un ritenti\u0146iem.<\/p>","protected":false},"featured_media":10541,"template":"","meta":{"_acf_changed":false},"product_brand":[],"product_cat":[126,121,28],"product_tag":[125],"class_list":{"0":"post-10540","1":"product","2":"type-product","3":"status-publish","4":"has-post-thumbnail","6":"product_cat-apmekletaju-kresli","7":"product_cat-biroja-kresli","8":"product_cat-kresli","9":"product_tag-pedrali","11":"first","12":"instock","13":"shipping-taxable","14":"purchasable","15":"product-type-simple"},"acf":[],"_links":{"self":[{"href":"https:\/\/lightup.lv\/ru\/wp-json\/wp\/v2\/product\/10540","targetHints":{"allow":["GET"]}}],"collection":[{"href":"https:\/\/lightup.lv\/ru\/wp-json\/wp\/v2\/product"}],"about":[{"href":"https:\/\/lightup.lv\/ru\/wp-json\/wp\/v2\/types\/product"}],"wp:featuredmedia":[{"embeddable":true,"href":"https:\/\/lightup.lv\/ru\/wp-json\/wp\/v2\/media\/10541"}],"wp:attachment":[{"href":"https:\/\/lightup.lv\/ru\/wp-json\/wp\/v2\/media?parent=10540"}],"wp:term":[{"taxonomy":"product_brand","embeddable":true,"href":"https:\/\/lightup.lv\/ru\/wp-json\/wp\/v2\/product_brand?post=10540"},{"taxonomy":"product_cat","embeddable":true,"href":"https:\/\/lightup.lv\/ru\/wp-json\/wp\/v2\/product_cat?post=10540"},{"taxonomy":"product_tag","embeddable":true,"href":"https:\/\/lightup.lv\/ru\/wp-json\/wp\/v2\/product_tag?post=10540"}],"curies":[{"name":"WP","href":"https:\/\/api.w.org\/{rel}","templated":true}]}}