{"id":10568,"date":"2022-05-10T18:39:22","date_gmt":"2022-05-10T18:39:22","guid":{"rendered":"https:\/\/lightup.lv\/product\/kresls-volt-ar-roku-balstiem\/"},"modified":"2024-01-30T11:53:52","modified_gmt":"2024-01-30T11:53:52","slug":"kresls-volt-ar-roku-balstiem","status":"publish","type":"product","link":"https:\/\/lightup.lv\/ru\/precu-katalogs\/kresls-volt-ar-roku-balstiem\/","title":{"rendered":"\u0421\u0442\u0443\u043b Volt \u0441 \u043f\u043e\u0434\u043b\u043e\u043a\u043e\u0442\u043d\u0438\u043a\u0430\u043c\u0438"},"content":{"rendered":"<p>\u041c\u0430\u0442\u0435\u0440\u0438\u0430\u043b \u2013 \u041f\u043e\u043b\u0438\u043f\u0440\u043e\u043f\u0438\u043b\u0435\u043d<br \/>\n\u0414\u043e\u0441\u0442\u0443\u043f\u043d\u044b \u0440\u0430\u0437\u043b\u0438\u0447\u043d\u044b\u0435 \u0446\u0432\u0435\u0442\u0430<br \/>\nKr\u0113sla augstums \u2013 77,5 cm<br \/>\n\u0412\u044b\u0441\u043e\u0442\u0430 \u043f\u043e\u0434\u043b\u043e\u043a\u043e\u0442\u043d\u0438\u043a\u043e\u0432 65 \u0441\u043c.<br \/>\n\u0428\u0438\u0440\u0438\u043d\u0430 \u0441\u0438\u0434\u0435\u043d\u044c\u044f \u2013 60 \u0441\u043c<br \/>\n\u0414\u043b\u0438\u043d\u0430 \u0441\u0442\u0443\u043b\u0430 \u201352,5 \u0441\u043c<br \/>\n\u0412\u044b\u0441\u043e\u0442\u0430 \u0441\u0438\u0434\u0435\u043d\u044c\u044f \u2013 46 \u0441\u043c.<\/p>\n<p>ID 675<\/p>","protected":false},"excerpt":{"rendered":"<p>Volt kolekcija ir eleganta un omul\u012bga. Tam ir ergonomiska forma un jaukas proporcijas. Polipropil\u0113na kr\u0113sls, pastiprin\u0101ts ar stikla \u0161\u0137iedr\u0101m.<\/p>","protected":false},"featured_media":10569,"template":"","meta":{"_acf_changed":false},"product_brand":[],"product_cat":[126,121,124,28,51,50],"product_tag":[125],"class_list":{"0":"post-10568","1":"product","2":"type-product","3":"status-publish","4":"has-post-thumbnail","6":"product_cat-apmekletaju-kresli","7":"product_cat-biroja-kresli","8":"product_cat-kresli-konfernecu","9":"product_cat-kresli","10":"product_cat-kresli-terases-mebeles","11":"product_cat-terases-mebeles","12":"product_tag-pedrali","14":"first","15":"instock","16":"shipping-taxable","17":"purchasable","18":"product-type-simple"},"acf":[],"_links":{"self":[{"href":"https:\/\/lightup.lv\/ru\/wp-json\/wp\/v2\/product\/10568","targetHints":{"allow":["GET"]}}],"collection":[{"href":"https:\/\/lightup.lv\/ru\/wp-json\/wp\/v2\/product"}],"about":[{"href":"https:\/\/lightup.lv\/ru\/wp-json\/wp\/v2\/types\/product"}],"wp:featuredmedia":[{"embeddable":true,"href":"https:\/\/lightup.lv\/ru\/wp-json\/wp\/v2\/media\/10569"}],"wp:attachment":[{"href":"https:\/\/lightup.lv\/ru\/wp-json\/wp\/v2\/media?parent=10568"}],"wp:term":[{"taxonomy":"product_brand","embeddable":true,"href":"https:\/\/lightup.lv\/ru\/wp-json\/wp\/v2\/product_brand?post=10568"},{"taxonomy":"product_cat","embeddable":true,"href":"https:\/\/lightup.lv\/ru\/wp-json\/wp\/v2\/product_cat?post=10568"},{"taxonomy":"product_tag","embeddable":true,"href":"https:\/\/lightup.lv\/ru\/wp-json\/wp\/v2\/product_tag?post=10568"}],"curies":[{"name":"WP","href":"https:\/\/api.w.org\/{rel}","templated":true}]}}