{"id":10829,"date":"2022-05-12T17:46:44","date_gmt":"2022-05-12T17:46:44","guid":{"rendered":"https:\/\/lightup.lv\/product\/one-linear-100-misina-piekarinama-lampa\/"},"modified":"2024-02-04T08:26:22","modified_gmt":"2024-02-04T08:26:22","slug":"one-linear-100-misina-piekarinama-lampa","status":"publish","type":"product","link":"https:\/\/lightup.lv\/ru\/%d0%ba%d0%b0%d1%82%d0%b0%d0%bb%d0%be%d0%b3-%d0%bf%d1%80%d0%be%d0%b4%d1%83%d0%ba%d1%86%d0%b8%d0%b8\/one-linear-100-misina-piekarinama-lampa\/","title":{"rendered":"ONE LINEAR 100 misi\u0146a piekaram\u0101 lampa"},"content":{"rendered":"<p>24W, 2700\/3000 K, 1250 lm ( regul\u0113jama gaismas temperat\u016bra)<\/p>\n<p>\u0414\u0438\u043c\u043c\u0438\u0440\u0443\u0435\u043c\u044b\u0439 \u2013 \u0440\u0435\u0433\u0443\u043b\u0438\u0440\u0443\u0435\u043c\u043e\u0435 \u043a\u043e\u043b\u0438\u0447\u0435\u0441\u0442\u0432\u043e \u0441\u0432\u0435\u0442\u0430<\/p>\n<p>Lampas augstums \u2013 180 cm<\/p>\n<p>Lampas platums &#8211; 104 cm<\/p>\n<p> ID 1006187<\/p>","protected":false},"excerpt":{"rendered":"<p>kaisl\u012bba, atbild\u012bba, cie\u0146a un uzticam\u012bba. T\u0101s ir m\u016bsu pamatv\u0113rt\u012bbas. V\u0101rdi, kas nav tikai tuk\u0161i m\u0101rketinga v\u0101rdi, bet ir piepild\u012bti ar j\u0113gu un dz\u012bvi. M\u016bsu aizrau\u0161an\u0101s ar gaismu ir tikpat dinamiska k\u0101 pati gaisma. Apgaismojuma padar\u012b\u0161ana par pieredzi \u2014 un l\u012bdz ar to mirklis, ar kuru var dal\u012bties, ir m\u016bsu dzin\u0113jsp\u0113ks. M\u0113s v\u0113lamies b\u016bt risin\u0101jums j\u016bsu gaismas redz\u0113jumam. P\u0113d\u0113jo 40 gadu laik\u0101 SLV Lighting Group ir pilnveidojusi profesion\u0101lus apgaismojuma risin\u0101jumus, p\u0101rdodot tos vair\u0101k nek\u0101 100 valst\u012bs. Ar\u012b m\u016bsu z\u012bmola pamatv\u0113rt\u012bbas nav main\u012bju\u0161\u0101s, jo m\u0113s turpin\u0101m izp\u0113t\u012bt vair\u0101k veidu, k\u0101 iepriecin\u0101t savus klientus ar jaun\u0101kaj\u0101m inov\u0101cij\u0101m un stil\u012bgiem uzlabojumiem m\u0101jas, darba un komerci\u0101laj\u0101 vid\u0113.<\/p>","protected":false},"featured_media":10830,"template":"","meta":{"_acf_changed":false},"product_brand":[],"product_cat":[42,106],"product_tag":[127],"class_list":{"0":"post-10829","1":"product","2":"type-product","3":"status-publish","4":"has-post-thumbnail","6":"product_cat-apgaismojums","7":"product_cat-biroja-lampas","8":"product_tag-slv","10":"first","11":"instock","12":"shipping-taxable","13":"purchasable","14":"product-type-simple"},"acf":[],"_links":{"self":[{"href":"https:\/\/lightup.lv\/ru\/wp-json\/wp\/v2\/product\/10829","targetHints":{"allow":["GET"]}}],"collection":[{"href":"https:\/\/lightup.lv\/ru\/wp-json\/wp\/v2\/product"}],"about":[{"href":"https:\/\/lightup.lv\/ru\/wp-json\/wp\/v2\/types\/product"}],"wp:featuredmedia":[{"embeddable":true,"href":"https:\/\/lightup.lv\/ru\/wp-json\/wp\/v2\/media\/10830"}],"wp:attachment":[{"href":"https:\/\/lightup.lv\/ru\/wp-json\/wp\/v2\/media?parent=10829"}],"wp:term":[{"taxonomy":"product_brand","embeddable":true,"href":"https:\/\/lightup.lv\/ru\/wp-json\/wp\/v2\/product_brand?post=10829"},{"taxonomy":"product_cat","embeddable":true,"href":"https:\/\/lightup.lv\/ru\/wp-json\/wp\/v2\/product_cat?post=10829"},{"taxonomy":"product_tag","embeddable":true,"href":"https:\/\/lightup.lv\/ru\/wp-json\/wp\/v2\/product_tag?post=10829"}],"curies":[{"name":"wp","href":"https:\/\/api.w.org\/{rel}","templated":true}]}}