{"id":122,"date":"2018-07-23T11:07:44","date_gmt":"2018-07-23T11:07:44","guid":{"rendered":"https:\/\/lightup.lv\/product\/link-akustiskie-sienas-paneli\/"},"modified":"2025-03-14T16:52:46","modified_gmt":"2025-03-14T14:52:46","slug":"link-akustiskie-sienas-paneli","status":"publish","type":"product","link":"https:\/\/lightup.lv\/ru\/precu-katalogs\/link-akustiskie-sienas-paneli\/","title":{"rendered":"\u0410\u043a\u0443\u0441\u0442\u0438\u0447\u0435\u0441\u043a\u0438\u0435 \u0441\u0442\u0435\u043d\u043e\u0432\u044b\u0435 \u043f\u0430\u043d\u0435\u043b\u0438 Link"},"content":{"rendered":"<p><span style=\"font-family: georgia, palatino, serif;\">\u0420\u0430\u0437\u043c\u0435\u0440\u044b:<\/span><\/p>\n<p><span style=\"font-family: georgia, palatino, serif;\">530 x 530 x 575 x 265 x 20\/50 mm<\/span><\/p>\n<p><span style=\"font-family: georgia, palatino, serif;\">\u0422\u0440\u0435\u0431\u0443\u0435\u0442\u0441\u044f \u0434\u043e\u043f\u043e\u043b\u043d\u0438\u0442\u0435\u043b\u044c\u043d\u044b\u0439 \u043c\u043e\u043d\u0442\u0430\u0436\u043d\u044b\u0439 \u043a\u043b\u0435\u0439.\u00a0<\/span><\/p>\n<p>ID Link<\/p>","protected":false},"excerpt":{"rendered":"<p>Liels, biezs 3D panelis, kas par\u0101da lielu virsmu. T\u0101pat ieteicams k\u0101 br\u012bvs izvietojums no vair\u0101kiem elementiem, veidojot abstraktu sienu apdari.<\/p>","protected":false},"featured_media":123,"template":"","meta":{"_acf_changed":false},"product_brand":[],"product_cat":[18,21],"product_tag":[20],"class_list":{"0":"post-122","1":"product","2":"type-product","3":"status-publish","4":"has-post-thumbnail","6":"product_cat-dizaina-skanas-izolacija","7":"product_cat-fluffo-soft-sienam","8":"product_tag-fluffo","10":"first","11":"instock","12":"shipping-taxable","13":"purchasable","14":"product-type-simple"},"acf":[],"_links":{"self":[{"href":"https:\/\/lightup.lv\/ru\/wp-json\/wp\/v2\/product\/122","targetHints":{"allow":["GET"]}}],"collection":[{"href":"https:\/\/lightup.lv\/ru\/wp-json\/wp\/v2\/product"}],"about":[{"href":"https:\/\/lightup.lv\/ru\/wp-json\/wp\/v2\/types\/product"}],"wp:featuredmedia":[{"embeddable":true,"href":"https:\/\/lightup.lv\/ru\/wp-json\/wp\/v2\/media\/123"}],"wp:attachment":[{"href":"https:\/\/lightup.lv\/ru\/wp-json\/wp\/v2\/media?parent=122"}],"wp:term":[{"taxonomy":"product_brand","embeddable":true,"href":"https:\/\/lightup.lv\/ru\/wp-json\/wp\/v2\/product_brand?post=122"},{"taxonomy":"product_cat","embeddable":true,"href":"https:\/\/lightup.lv\/ru\/wp-json\/wp\/v2\/product_cat?post=122"},{"taxonomy":"product_tag","embeddable":true,"href":"https:\/\/lightup.lv\/ru\/wp-json\/wp\/v2\/product_tag?post=122"}],"curies":[{"name":"WP","href":"https:\/\/api.w.org\/{rel}","templated":true}]}}