{"id":12703,"date":"2022-05-15T17:57:43","date_gmt":"2022-05-15T17:57:43","guid":{"rendered":"https:\/\/lightup.lv\/product\/puri-melna-piekarama-lempa\/"},"modified":"2024-02-04T08:26:35","modified_gmt":"2024-02-04T08:26:35","slug":"puri-melna-piekarama-lempa","status":"publish","type":"product","link":"https:\/\/lightup.lv\/ru\/%d0%ba%d0%b0%d1%82%d0%b0%d0%bb%d0%be%d0%b3-%d0%bf%d1%80%d0%be%d0%b4%d1%83%d0%ba%d1%86%d0%b8%d0%b8\/puri-melna-piekarama-lempa\/","title":{"rendered":"\u0422\u0440\u0435\u043a\u043e\u0432\u0430\u044f \u0441\u0438\u0441\u0442\u0435\u043c\u0430 \u043e\u0441\u0432\u0435\u0449\u0435\u043d\u0438\u044f PURI"},"content":{"rendered":"<p>\u0426\u043e\u043a\u043e\u043b\u044c GU10, \u043c\u0430\u043a\u0441. 50 \u0412\u0442, QPAR51<\/p>\n<p>\u041b\u0430\u043c\u043f\u043e\u0447\u043a\u0438 \u0432 \u043a\u043e\u043c\u043f\u043b\u0435\u043a\u0442 \u043d\u0435 \u0432\u0445\u043e\u0434\u044f\u0442.<\/p>\n<p>\u0414\u0438\u0430\u043f\u0430\u0437\u043e\u043d \u0432\u0435\u0440\u0442\u0438\u043a\u0430\u043b\u044c\u043d\u043e\u0433\u043e \u043d\u0430\u043a\u043b\u043e\u043d\u0430 85 \u0433\u0440\u0430\u0434\u0443\u0441\u043e\u0432, <span data-sheets-value=\"{&quot;1&quot;:2,&quot;2&quot;:&quot;GU10 ligzda, max. 50 W, QPAR51nnnnSpuldzes nav iek\u013cautasnnnnVertik\u0101lais sl\u012bpuma diapazons 90 gr\u0101di, horizont\u0101l\u0101 - 350 gr\u0101dinnnnIP klasifik\u0101cija - IP20nnnnKr\u0101sa - baltannnnLampas garums - 13 cmnnnnLampas augstums - 8 cmnnnnLampas diametrs - 6,2 cm&quot;}\" data-sheets-userformat=\"{&quot;2&quot;:15233,&quot;3&quot;:{&quot;1&quot;:0},&quot;10&quot;:2,&quot;11&quot;:3,&quot;12&quot;:0,&quot;14&quot;:{&quot;1&quot;:2,&quot;2&quot;:0},&quot;15&quot;:&quot;Calibri, sans-serif&quot;,&quot;16&quot;:11}\">\u0433\u043e\u0440\u0438\u0437\u043e\u043d\u0442\u0430\u043b\u044c\u043d\u044b\u0439 <\/span>\u2013 350 \u0433\u0440\u0430\u0434\u0443\u0441\u043e\u0432<\/p>\n<p>\u041a\u043b\u0430\u0441\u0441\u0438\u0444\u0438\u043a\u0430\u0446\u0438\u044f IP \u2013 IP20<\/p>\n<p>\u0426\u0432\u0435\u0442 \u2013 \u0447\u0435\u0440\u043d\u044b\u0439<\/p>\n<p>\u0414\u043b\u0438\u043d\u0430 \u043b\u0430\u043c\u043f\u044b \u2013 8,3 \u0441\u043c.<\/p>\n<p>\u0412\u044b\u0441\u043e\u0442\u0430 \u043b\u0430\u043c\u043f\u044b \u2013 7,4 \u0441\u043c.<\/p>\n<p>\u0414\u0438\u0430\u043c\u0435\u0442\u0440 \u043b\u0430\u043c\u043f\u044b \u2013 5,4 \u0441\u043c.<\/p>\n<p> ID 143390<\/p>","protected":false},"excerpt":{"rendered":"<p>\u0421\u0442\u0440\u0430\u0441\u0442\u044c, \u043e\u0442\u0432\u0435\u0442\u0441\u0442\u0432\u0435\u043d\u043d\u043e\u0441\u0442\u044c, \u0443\u0432\u0430\u0436\u0435\u043d\u0438\u0435 \u0438 \u043d\u0430\u0434\u0451\u0436\u043d\u043e\u0441\u0442\u044c. \u0412\u043e\u0442 \u043d\u0430\u0448\u0438 \u043e\u0441\u043d\u043e\u0432\u043d\u044b\u0435 \u0446\u0435\u043d\u043d\u043e\u0441\u0442\u0438. \u042d\u0442\u0438 \u0441\u043b\u043e\u0432\u0430 \u2014 \u043d\u0435 \u043f\u0440\u043e\u0441\u0442\u043e \u043f\u0443\u0441\u0442\u044b\u0435 \u043c\u0430\u0440\u043a\u0435\u0442\u0438\u043d\u0433\u043e\u0432\u044b\u0435 \u0437\u0430\u044f\u0432\u043b\u0435\u043d\u0438\u044f, \u0430 \u043d\u0430\u043f\u043e\u043b\u043d\u0435\u043d\u043d\u044b\u0435 \u0441\u043c\u044b\u0441\u043b\u043e\u043c \u0438 \u0436\u0438\u0437\u043d\u044c\u044e. \u041d\u0430\u0448\u0430 \u0441\u0442\u0440\u0430\u0441\u0442\u044c \u043a \u0441\u0432\u0435\u0442\u0443 \u0442\u0430\u043a \u0436\u0435 \u0434\u0438\u043d\u0430\u043c\u0438\u0447\u043d\u0430, \u043a\u0430\u043a \u0438 \u0441\u0430\u043c \u0441\u0432\u0435\u0442. \u041d\u0430\u0448\u0430 \u0434\u0432\u0438\u0436\u0443\u0449\u0430\u044f \u0441\u0438\u043b\u0430 \u2014 \u0441\u0434\u0435\u043b\u0430\u0442\u044c \u043e\u0441\u0432\u0435\u0449\u0435\u043d\u0438\u0435 \u0441\u043e\u0431\u044b\u0442\u0438\u0435\u043c, \u0430 \u0437\u043d\u0430\u0447\u0438\u0442, \u0438 \u043c\u043e\u043c\u0435\u043d\u0442\u043e\u043c, \u043a\u043e\u0442\u043e\u0440\u044b\u043c \u0445\u043e\u0447\u0435\u0442\u0441\u044f \u043f\u043e\u0434\u0435\u043b\u0438\u0442\u044c\u0441\u044f. \u041c\u044b \u0441\u0442\u0440\u0435\u043c\u0438\u043c\u0441\u044f \u0441\u0442\u0430\u0442\u044c \u0440\u0435\u0448\u0435\u043d\u0438\u0435\u043c \u0432\u0430\u0448\u0435\u0439 \u043c\u0435\u0447\u0442\u044b \u043e\u0431 \u043e\u0441\u0432\u0435\u0449\u0435\u043d\u0438\u0438. \u0417\u0430 \u043f\u043e\u0441\u043b\u0435\u0434\u043d\u0438\u0435 40 \u043b\u0435\u0442 SLV Lighting Group \u0443\u0441\u043e\u0432\u0435\u0440\u0448\u0435\u043d\u0441\u0442\u0432\u043e\u0432\u0430\u043b\u0430 \u043f\u0440\u043e\u0444\u0435\u0441\u0441\u0438\u043e\u043d\u0430\u043b\u044c\u043d\u044b\u0435 \u0441\u0432\u0435\u0442\u043e\u0432\u044b\u0435 \u0440\u0435\u0448\u0435\u043d\u0438\u044f, \u043f\u0440\u043e\u0434\u0430\u0432\u0430\u044f \u0438\u0445 \u0431\u043e\u043b\u0435\u0435 \u0447\u0435\u043c \u0432 100 \u0441\u0442\u0440\u0430\u043d\u0430\u0445. \u041e\u0441\u043d\u043e\u0432\u043d\u044b\u0435 \u0446\u0435\u043d\u043d\u043e\u0441\u0442\u0438 \u043d\u0430\u0448\u0435\u0433\u043e \u0431\u0440\u0435\u043d\u0434\u0430 \u043d\u0435 \u0438\u0437\u043c\u0435\u043d\u0438\u043b\u0438\u0441\u044c, \u0438 \u043c\u044b \u043f\u0440\u043e\u0434\u043e\u043b\u0436\u0430\u0435\u043c \u0438\u0441\u043a\u0430\u0442\u044c \u043d\u043e\u0432\u044b\u0435 \u0441\u043f\u043e\u0441\u043e\u0431\u044b \u0440\u0430\u0434\u043e\u0432\u0430\u0442\u044c \u043d\u0430\u0448\u0438\u0445 \u043a\u043b\u0438\u0435\u043d\u0442\u043e\u0432 \u043d\u043e\u0432\u0435\u0439\u0448\u0438\u043c\u0438 \u0438\u043d\u043d\u043e\u0432\u0430\u0446\u0438\u044f\u043c\u0438 \u0438 \u0441\u0442\u0438\u043b\u044c\u043d\u044b\u043c\u0438 \u0440\u0435\u0448\u0435\u043d\u0438\u044f\u043c\u0438 \u0434\u043b\u044f \u0434\u043e\u043c\u0430, \u0440\u0430\u0431\u043e\u0442\u044b \u0438 \u0431\u0438\u0437\u043d\u0435\u0441\u0430.<\/p>","protected":false},"featured_media":12704,"template":"","meta":{"_acf_changed":false},"product_brand":[],"product_cat":[42,128],"product_tag":[127],"class_list":{"0":"post-12703","1":"product","2":"type-product","3":"status-publish","4":"has-post-thumbnail","6":"product_cat-apgaismojums","7":"product_cat-sliezu-sistemas-prozektori","8":"product_tag-slv","10":"first","11":"instock","12":"shipping-taxable","13":"purchasable","14":"product-type-simple"},"acf":[],"_links":{"self":[{"href":"https:\/\/lightup.lv\/ru\/wp-json\/wp\/v2\/product\/12703","targetHints":{"allow":["GET"]}}],"collection":[{"href":"https:\/\/lightup.lv\/ru\/wp-json\/wp\/v2\/product"}],"about":[{"href":"https:\/\/lightup.lv\/ru\/wp-json\/wp\/v2\/types\/product"}],"wp:featuredmedia":[{"embeddable":true,"href":"https:\/\/lightup.lv\/ru\/wp-json\/wp\/v2\/media\/12704"}],"wp:attachment":[{"href":"https:\/\/lightup.lv\/ru\/wp-json\/wp\/v2\/media?parent=12703"}],"wp:term":[{"taxonomy":"product_brand","embeddable":true,"href":"https:\/\/lightup.lv\/ru\/wp-json\/wp\/v2\/product_brand?post=12703"},{"taxonomy":"product_cat","embeddable":true,"href":"https:\/\/lightup.lv\/ru\/wp-json\/wp\/v2\/product_cat?post=12703"},{"taxonomy":"product_tag","embeddable":true,"href":"https:\/\/lightup.lv\/ru\/wp-json\/wp\/v2\/product_tag?post=12703"}],"curies":[{"name":"wp","href":"https:\/\/api.w.org\/{rel}","templated":true}]}}