{"id":13189,"date":"2022-05-16T15:58:05","date_gmt":"2022-05-16T15:58:05","guid":{"rendered":"https:\/\/lightup.lv\/product\/darza-lampa-grafit-e27-90-pole-square\/"},"modified":"2024-02-04T08:26:39","modified_gmt":"2024-02-04T08:26:39","slug":"darza-lampa-grafit-e27-90-pole-square","status":"publish","type":"product","link":"https:\/\/lightup.lv\/ru\/%d0%ba%d0%b0%d1%82%d0%b0%d0%bb%d0%be%d0%b3-%d0%bf%d1%80%d0%be%d0%b4%d1%83%d0%ba%d1%86%d0%b8%d0%b8\/darza-lampa-grafit-e27-90-pole-square\/","title":{"rendered":"D\u0101rza lampa GRAFIT E27 90 Pole square"},"content":{"rendered":"<p><span data-sheets-value=\"{&quot;1&quot;:2,&quot;2&quot;:&quot;E27 ligzda, max. 11 WnnnnMateri\u0101ls - alum\u012bnijsnnnnIP klasifik\u0101cija - IP44nnnnKr\u0101sa - pel\u0113kannnnLampas augstums - 90 cmnnnnLampas pamatnes izm\u0113ri - 12x12 cmnnnnSvars - 1.89 kg&quot;}\" data-sheets-userformat=\"{&quot;2&quot;:15233,&quot;3&quot;:{&quot;1&quot;:0},&quot;10&quot;:2,&quot;11&quot;:3,&quot;12&quot;:0,&quot;14&quot;:{&quot;1&quot;:2,&quot;2&quot;:0},&quot;15&quot;:&quot;Calibri, sans-serif&quot;,&quot;16&quot;:11}\">\u0426\u043e\u043a\u043e\u043b\u044c E27, \u043c\u0430\u043a\u0441. 11 \u0412\u0442<br \/>\n\u041c\u0430\u0442\u0435\u0440\u0438\u0430\u043b \u2013 \u0430\u043b\u044e\u043c\u0438\u043d\u0438\u0439<br \/>\n\u041a\u043b\u0430\u0441\u0441\u0438\u0444\u0438\u043a\u0430\u0446\u0438\u044f IP \u2013 IP44<br \/>\n\u0426\u0432\u0435\u0442 \u2013 \u0442\u0435\u043c\u043d\u043e-\u0441\u0435\u0440\u044b\u0439<br \/>\nLampas augstums &#8211; 90 cm<br \/>\nLampas pamatnes izm\u0113ri &#8211; 12&#215;12 cm<br \/>\nSvars &#8211; 1.89 kg<\/span><\/p>\n<p> ID 1006184<\/p>","protected":false},"excerpt":{"rendered":"<p><span data-sheets-value=\"{&quot;1&quot;:2,&quot;2&quot;:&quot;Kaisl\u012bba, atbild\u012bba, cie\u0146a un uzticam\u012bba. T\u0101s ir m\u016bsu pamatv\u0113rt\u012bbas. V\u0101rdi, kas nav tikai tuk\u0161i m\u0101rketinga v\u0101rdi, bet ir piepild\u012bti ar j\u0113gu un dz\u012bvi. M\u016bsu aizrau\u0161an\u0101s ar gaismu ir tikpat dinamiska k\u0101 pati gaisma. Apgaismojuma padar\u012b\u0161ana par pieredzi \u2014 un l\u012bdz ar to mirklis, ar kuru var dal\u012bties, ir m\u016bsu dzin\u0113jsp\u0113ks. M\u0113s v\u0113lamies b\u016bt risin\u0101jums j\u016bsu gaismas redz\u0113jumam. P\u0113d\u0113jo 40 gadu laik\u0101 SLV Lighting Group ir pilnveidojusi profesion\u0101lus apgaismojuma risin\u0101jumus, p\u0101rdodot tos vair\u0101k nek\u0101 100 valst\u012bs. Ar\u012b m\u016bsu z\u012bmola pamatv\u0113rt\u012bbas nav main\u012bju\u0161\u0101s, jo m\u0113s turpin\u0101m izp\u0113t\u012bt vair\u0101k veidu, k\u0101 iepriecin\u0101t savus klientus ar jaun\u0101kaj\u0101m inov\u0101cij\u0101m un stil\u012bgiem uzlabojumiem m\u0101jas, darba un komerci\u0101laj\u0101 vid\u0113.&quot;}\" data-sheets-userformat=\"{&quot;2&quot;:769,&quot;3&quot;:{&quot;1&quot;:0},&quot;11&quot;:3,&quot;12&quot;:0}\">\u0421\u0442\u0440\u0430\u0441\u0442\u044c, \u043e\u0442\u0432\u0435\u0442\u0441\u0442\u0432\u0435\u043d\u043d\u043e\u0441\u0442\u044c, \u0443\u0432\u0430\u0436\u0435\u043d\u0438\u0435 \u0438 \u043d\u0430\u0434\u0451\u0436\u043d\u043e\u0441\u0442\u044c. \u0412\u043e\u0442 \u043d\u0430\u0448\u0438 \u043e\u0441\u043d\u043e\u0432\u043d\u044b\u0435 \u0446\u0435\u043d\u043d\u043e\u0441\u0442\u0438. \u042d\u0442\u0438 \u0441\u043b\u043e\u0432\u0430 \u2014 \u043d\u0435 \u043f\u0440\u043e\u0441\u0442\u043e \u043f\u0443\u0441\u0442\u044b\u0435 \u043c\u0430\u0440\u043a\u0435\u0442\u0438\u043d\u0433\u043e\u0432\u044b\u0435 \u0437\u0430\u044f\u0432\u043b\u0435\u043d\u0438\u044f, \u0430 \u043d\u0430\u043f\u043e\u043b\u043d\u0435\u043d\u043d\u044b\u0435 \u0441\u043c\u044b\u0441\u043b\u043e\u043c \u0438 \u0436\u0438\u0437\u043d\u044c\u044e. \u041d\u0430\u0448\u0430 \u0441\u0442\u0440\u0430\u0441\u0442\u044c \u043a \u0441\u0432\u0435\u0442\u0443 \u0442\u0430\u043a \u0436\u0435 \u0434\u0438\u043d\u0430\u043c\u0438\u0447\u043d\u0430, \u043a\u0430\u043a \u0438 \u0441\u0430\u043c \u0441\u0432\u0435\u0442. \u041d\u0430\u0448\u0430 \u0434\u0432\u0438\u0436\u0443\u0449\u0430\u044f \u0441\u0438\u043b\u0430 \u2014 \u0441\u0434\u0435\u043b\u0430\u0442\u044c \u043e\u0441\u0432\u0435\u0449\u0435\u043d\u0438\u0435 \u0441\u043e\u0431\u044b\u0442\u0438\u0435\u043c, \u0430 \u0437\u043d\u0430\u0447\u0438\u0442, \u0438 \u043c\u043e\u043c\u0435\u043d\u0442\u043e\u043c, \u043a\u043e\u0442\u043e\u0440\u044b\u043c \u0445\u043e\u0447\u0435\u0442\u0441\u044f \u043f\u043e\u0434\u0435\u043b\u0438\u0442\u044c\u0441\u044f. \u041c\u044b \u0441\u0442\u0440\u0435\u043c\u0438\u043c\u0441\u044f \u0441\u0442\u0430\u0442\u044c \u0440\u0435\u0448\u0435\u043d\u0438\u0435\u043c \u0432\u0430\u0448\u0435\u0439 \u043c\u0435\u0447\u0442\u044b \u043e\u0431 \u043e\u0441\u0432\u0435\u0449\u0435\u043d\u0438\u0438. \u0417\u0430 \u043f\u043e\u0441\u043b\u0435\u0434\u043d\u0438\u0435 40 \u043b\u0435\u0442 SLV Lighting Group \u0443\u0441\u043e\u0432\u0435\u0440\u0448\u0435\u043d\u0441\u0442\u0432\u043e\u0432\u0430\u043b\u0430 \u043f\u0440\u043e\u0444\u0435\u0441\u0441\u0438\u043e\u043d\u0430\u043b\u044c\u043d\u044b\u0435 \u0441\u0432\u0435\u0442\u043e\u0432\u044b\u0435 \u0440\u0435\u0448\u0435\u043d\u0438\u044f, \u043f\u0440\u043e\u0434\u0430\u0432\u0430\u044f \u0438\u0445 \u0431\u043e\u043b\u0435\u0435 \u0447\u0435\u043c \u0432 100 \u0441\u0442\u0440\u0430\u043d\u0430\u0445. \u041e\u0441\u043d\u043e\u0432\u043d\u044b\u0435 \u0446\u0435\u043d\u043d\u043e\u0441\u0442\u0438 \u043d\u0430\u0448\u0435\u0433\u043e \u0431\u0440\u0435\u043d\u0434\u0430 \u043d\u0435 \u0438\u0437\u043c\u0435\u043d\u0438\u043b\u0438\u0441\u044c, \u0438 \u043c\u044b \u043f\u0440\u043e\u0434\u043e\u043b\u0436\u0430\u0435\u043c \u0438\u0441\u043a\u0430\u0442\u044c \u043d\u043e\u0432\u044b\u0435 \u0441\u043f\u043e\u0441\u043e\u0431\u044b \u0440\u0430\u0434\u043e\u0432\u0430\u0442\u044c \u043d\u0430\u0448\u0438\u0445 \u043a\u043b\u0438\u0435\u043d\u0442\u043e\u0432 \u043d\u043e\u0432\u0435\u0439\u0448\u0438\u043c\u0438 \u0438\u043d\u043d\u043e\u0432\u0430\u0446\u0438\u044f\u043c\u0438 \u0438 \u0441\u0442\u0438\u043b\u044c\u043d\u044b\u043c\u0438 \u0440\u0435\u0448\u0435\u043d\u0438\u044f\u043c\u0438 \u0434\u043b\u044f \u0434\u043e\u043c\u0430, \u0440\u0430\u0431\u043e\u0442\u044b \u0438 \u0431\u0438\u0437\u043d\u0435\u0441\u0430.<\/span><\/p>","protected":false},"featured_media":13190,"template":"","meta":{"_acf_changed":false},"product_brand":[],"product_cat":[42,129],"product_tag":[127],"class_list":{"0":"post-13189","1":"product","2":"type-product","3":"status-publish","4":"has-post-thumbnail","6":"product_cat-apgaismojums","7":"product_cat-darza-un-terases-apgaismojums","8":"product_tag-slv","10":"first","11":"instock","12":"shipping-taxable","13":"purchasable","14":"product-type-simple"},"acf":[],"_links":{"self":[{"href":"https:\/\/lightup.lv\/ru\/wp-json\/wp\/v2\/product\/13189","targetHints":{"allow":["GET"]}}],"collection":[{"href":"https:\/\/lightup.lv\/ru\/wp-json\/wp\/v2\/product"}],"about":[{"href":"https:\/\/lightup.lv\/ru\/wp-json\/wp\/v2\/types\/product"}],"wp:featuredmedia":[{"embeddable":true,"href":"https:\/\/lightup.lv\/ru\/wp-json\/wp\/v2\/media\/13190"}],"wp:attachment":[{"href":"https:\/\/lightup.lv\/ru\/wp-json\/wp\/v2\/media?parent=13189"}],"wp:term":[{"taxonomy":"product_brand","embeddable":true,"href":"https:\/\/lightup.lv\/ru\/wp-json\/wp\/v2\/product_brand?post=13189"},{"taxonomy":"product_cat","embeddable":true,"href":"https:\/\/lightup.lv\/ru\/wp-json\/wp\/v2\/product_cat?post=13189"},{"taxonomy":"product_tag","embeddable":true,"href":"https:\/\/lightup.lv\/ru\/wp-json\/wp\/v2\/product_tag?post=13189"}],"curies":[{"name":"wp","href":"https:\/\/api.w.org\/{rel}","templated":true}]}}