{"id":154,"date":"2018-07-23T11:21:06","date_gmt":"2018-07-23T11:21:06","guid":{"rendered":"https:\/\/lightup.lv\/product\/cubic-akustiskie-sienas-paneli\/"},"modified":"2025-03-14T16:09:40","modified_gmt":"2025-03-14T14:09:40","slug":"cubic-akustiskie-sienas-paneli","status":"publish","type":"product","link":"https:\/\/lightup.lv\/ru\/%d0%ba%d0%b0%d1%82%d0%b0%d0%bb%d0%be%d0%b3-%d0%bf%d1%80%d0%be%d0%b4%d1%83%d0%ba%d1%86%d0%b8%d0%b8\/cubic-akustiskie-sienas-paneli\/","title":{"rendered":"\u041a\u0443\u0431\u0438\u0447\u0435\u0441\u043a\u0438\u0435 \u0430\u043a\u0443\u0441\u0442\u0438\u0447\u0435\u0441\u043a\u0438\u0435 \u0441\u0442\u0435\u043d\u043e\u0432\u044b\u0435 \u043f\u0430\u043d\u0435\u043b\u0438"},"content":{"rendered":"<p><span style=\"font-family: georgia, palatino, serif;\">\u0420\u0430\u0437\u043c\u0435\u0440\u044b:<\/span><\/p>\n<p><span style=\"font-family: georgia, palatino, serif;\">250 x 250 x 20\/50 mm<\/span><\/p>\n<p><span style=\"font-family: georgia, palatino, serif;\">\u0422\u0440\u0435\u0431\u0443\u0435\u0442\u0441\u044f \u0434\u043e\u043f\u043e\u043b\u043d\u0438\u0442\u0435\u043b\u044c\u043d\u044b\u0439 \u043c\u043e\u043d\u0442\u0430\u0436\u043d\u044b\u0439 \u043a\u043b\u0435\u0439.\u00a0<\/span><\/p>\n<p>ID Cubic<\/p>","protected":false},"excerpt":{"rendered":"<p>Minecraft no Kuba &#8211; neliels kvadr\u0101tveida ar t\u0101 virsmu samazin\u0101t le\u0146\u0137\u012b. Pateicoties b\u016btiskaj\u0101m pane\u013cu biezuma at\u0161\u0137ir\u012bb\u0101m pret\u0113j\u0101s mal\u0101s, tas rada satrieco\u0161u 3D efektu, kuru var uzlabot ar kr\u0101su. Tas ir ide\u0101ls maziem, kompaktiem kompoz\u012bcij\u0101m.<\/p>","protected":false},"featured_media":155,"template":"","meta":{"_acf_changed":false},"product_brand":[],"product_cat":[18,21],"product_tag":[20],"class_list":{"0":"post-154","1":"product","2":"type-product","3":"status-publish","4":"has-post-thumbnail","6":"product_cat-dizaina-skanas-izolacija","7":"product_cat-fluffo-soft-sienam","8":"product_tag-fluffo","10":"first","11":"instock","12":"shipping-taxable","13":"purchasable","14":"product-type-simple"},"acf":[],"_links":{"self":[{"href":"https:\/\/lightup.lv\/ru\/wp-json\/wp\/v2\/product\/154","targetHints":{"allow":["GET"]}}],"collection":[{"href":"https:\/\/lightup.lv\/ru\/wp-json\/wp\/v2\/product"}],"about":[{"href":"https:\/\/lightup.lv\/ru\/wp-json\/wp\/v2\/types\/product"}],"wp:featuredmedia":[{"embeddable":true,"href":"https:\/\/lightup.lv\/ru\/wp-json\/wp\/v2\/media\/155"}],"wp:attachment":[{"href":"https:\/\/lightup.lv\/ru\/wp-json\/wp\/v2\/media?parent=154"}],"wp:term":[{"taxonomy":"product_brand","embeddable":true,"href":"https:\/\/lightup.lv\/ru\/wp-json\/wp\/v2\/product_brand?post=154"},{"taxonomy":"product_cat","embeddable":true,"href":"https:\/\/lightup.lv\/ru\/wp-json\/wp\/v2\/product_cat?post=154"},{"taxonomy":"product_tag","embeddable":true,"href":"https:\/\/lightup.lv\/ru\/wp-json\/wp\/v2\/product_tag?post=154"}],"curies":[{"name":"wp","href":"https:\/\/api.w.org\/{rel}","templated":true}]}}