{"id":16890,"date":"2022-06-14T08:22:30","date_gmt":"2022-06-14T08:22:30","guid":{"rendered":"https:\/\/lightup.lv\/product\/ar-roku-krasots-keramikas-ramis-2-sledzi-balts-vacins\/"},"modified":"2024-02-08T06:44:17","modified_gmt":"2024-02-08T06:44:17","slug":"ar-roku-krasots-keramikas-ramis-2-sledzi-balts-vacins","status":"publish","type":"product","link":"https:\/\/lightup.lv\/ru\/precu-katalogs\/ar-roku-krasots-keramikas-ramis-2-sledzi-balts-vacins\/","title":{"rendered":"Ar roku kr\u0101sots keramikas r\u0101mis, 2 sl\u0113d\u017ei, balts v\u0101ci\u0146\u0161"},"content":{"rendered":"<p>Ar rok\u0101m apgleznotas baltas keramikas kolekcija pied\u0101v\u0101 r\u0101mjus \u010detros folkloras rakstos. Tos var kombin\u0113t ar jebkuru no m\u016bsu pied\u0101v\u0101tajiem v\u0101ci\u0146iem un sl\u0113d\u017eiem.<\/p>\n<p>\u0415\u0441\u043b\u0438 \u0443 \u0432\u0430\u0441 \u0435\u0441\u0442\u044c \u043a\u043e\u043d\u043a\u0440\u0435\u0442\u043d\u043e\u0435 \u043a\u043e\u043b\u0438\u0447\u0435\u0441\u0442\u0432\u043e, \u043f\u043e\u0436\u0430\u043b\u0443\u0439\u0441\u0442\u0430, \u0441\u0432\u044f\u0436\u0438\u0442\u0435\u0441\u044c \u0441 \u043d\u0430\u043c\u0438, \u0438 \u043c\u044b \u043f\u043e\u0434\u0433\u043e\u0442\u043e\u0432\u0438\u043c \u0434\u043b\u044f \u0432\u0430\u0441 \u043f\u043e\u0434\u0440\u043e\u0431\u043d\u043e\u0435 \u043a\u043e\u043c\u043c\u0435\u0440\u0447\u0435\u0441\u043a\u043e\u0435 \u043f\u0440\u0435\u0434\u043b\u043e\u0436\u0435\u043d\u0438\u0435 \u0432 \u0437\u0430\u0432\u0438\u0441\u0438\u043c\u043e\u0441\u0442\u0438 \u043e\u0442 \u0432\u044b\u0431\u0440\u0430\u043d\u043d\u043e\u0439 \u043a\u043e\u043b\u043b\u0435\u043a\u0446\u0438\u0438, \u043a\u043e\u043b\u0438\u0447\u0435\u0441\u0442\u0432\u0430 \u0440\u0430\u043c\u043e\u043a, \u043e\u0431\u044a\u0451\u043c\u0430 \u0438 \u043a\u043e\u043c\u043f\u043b\u0435\u043a\u0442\u0430\u0446\u0438\u0438. \u0426\u0435\u043d\u0430 \u0437\u0430\u0432\u0438\u0441\u0438\u0442 \u043e\u0442 \u0432\u044b\u0431\u0440\u0430\u043d\u043d\u043e\u0433\u043e \u043c\u0430\u0442\u0435\u0440\u0438\u0430\u043b\u0430 \u0438 \u0446\u0432\u0435\u0442\u0430.<\/p>","protected":false},"excerpt":{"rendered":"<p>\u041d\u043e\u0432\u0430\u044f \u0441\u0435\u0440\u0438\u044f \u0432\u044b\u043a\u043b\u044e\u0447\u0430\u0442\u0435\u043b\u0435\u0439 \u0438 \u0440\u043e\u0437\u0435\u0442\u043e\u043a RETRO \u043f\u0440\u0435\u0434\u0441\u0442\u0430\u0432\u043b\u044f\u0435\u0442 \u043e\u0440\u0438\u0433\u0438\u043d\u0430\u043b\u044c\u043d\u044b\u0439 \u0434\u0438\u0437\u0430\u0439\u043d, \u0432\u0434\u043e\u0445\u043d\u043e\u0432\u043b\u0451\u043d\u043d\u044b\u0439 \u0441\u043e\u0447\u0435\u0442\u0430\u043d\u0438\u0435\u043c \u043f\u043e\u0432\u043e\u0440\u043e\u0442\u043d\u044b\u0445 \u043a\u0435\u0440\u0430\u043c\u0438\u0447\u0435\u0441\u043a\u0438\u0445 \u0432\u044b\u043a\u043b\u044e\u0447\u0430\u0442\u0435\u043b\u0435\u0439 1930-\u0445 \u0433\u043e\u0434\u043e\u0432 \u0438 \u0443\u043d\u0438\u043a\u0430\u043b\u044c\u043d\u043e\u0439 \u0444\u0443\u043d\u043a\u0446\u0438\u043e\u043d\u0430\u043b\u044c\u043d\u043e\u0439 \u0430\u0440\u0445\u0438\u0442\u0435\u043a\u0442\u0443\u0440\u044b \u0433\u043e\u0440\u043e\u0434\u0430 \u0417\u043b\u0438\u043d, \u0433\u0434\u0435 \u0437\u0430\u0440\u043e\u0434\u0438\u043b\u0441\u044f OBZOR. \u0418\u043c\u0435\u043d\u043d\u043e \u043f\u043e\u044d\u0442\u043e\u043c\u0443 \u0441\u0435\u0440\u0438\u044f RETRO \u043d\u0430\u0439\u0434\u0451\u0442 \u0441\u0432\u043e\u0451 \u043c\u0435\u0441\u0442\u043e \u043d\u0435 \u0442\u043e\u043b\u044c\u043a\u043e \u0432 \u0438\u043d\u0442\u0435\u0440\u044c\u0435\u0440\u0430\u0445 \u0432 \u0441\u0442\u0438\u043b\u0435 \u0440\u0435\u0442\u0440\u043e, \u043d\u043e \u0438 \u0432 \u0441\u043e\u0432\u0440\u0435\u043c\u0435\u043d\u043d\u044b\u0445 \u043b\u043e\u0444\u0442\u0430\u0445, \u043c\u0438\u043d\u0438\u043c\u0430\u043b\u0438\u0441\u0442\u0438\u0447\u043d\u044b\u0445 \u0438 \u0438\u043d\u0434\u0443\u0441\u0442\u0440\u0438\u0430\u043b\u044c\u043d\u044b\u0445 \u0438\u043d\u0442\u0435\u0440\u044c\u0435\u0440\u0430\u0445.<\/p>","protected":false},"featured_media":16891,"template":"","meta":{"_acf_changed":false},"product_brand":[],"product_cat":[134,133],"product_tag":[135],"class_list":{"0":"post-16890","1":"product","2":"type-product","3":"status-publish","4":"has-post-thumbnail","6":"product_cat-retro","7":"product_cat-sledzi","8":"product_tag-obzor","10":"first","11":"instock","12":"shipping-taxable","13":"purchasable","14":"product-type-simple"},"acf":[],"_links":{"self":[{"href":"https:\/\/lightup.lv\/ru\/wp-json\/wp\/v2\/product\/16890","targetHints":{"allow":["GET"]}}],"collection":[{"href":"https:\/\/lightup.lv\/ru\/wp-json\/wp\/v2\/product"}],"about":[{"href":"https:\/\/lightup.lv\/ru\/wp-json\/wp\/v2\/types\/product"}],"wp:featuredmedia":[{"embeddable":true,"href":"https:\/\/lightup.lv\/ru\/wp-json\/wp\/v2\/media\/16891"}],"wp:attachment":[{"href":"https:\/\/lightup.lv\/ru\/wp-json\/wp\/v2\/media?parent=16890"}],"wp:term":[{"taxonomy":"product_brand","embeddable":true,"href":"https:\/\/lightup.lv\/ru\/wp-json\/wp\/v2\/product_brand?post=16890"},{"taxonomy":"product_cat","embeddable":true,"href":"https:\/\/lightup.lv\/ru\/wp-json\/wp\/v2\/product_cat?post=16890"},{"taxonomy":"product_tag","embeddable":true,"href":"https:\/\/lightup.lv\/ru\/wp-json\/wp\/v2\/product_tag?post=16890"}],"curies":[{"name":"WP","href":"https:\/\/api.w.org\/{rel}","templated":true}]}}