{"id":16970,"date":"2022-06-14T12:35:42","date_gmt":"2022-06-14T12:35:42","guid":{"rendered":"https:\/\/lightup.lv\/product\/retro-balts-keramikas-ramis-2-balti-sledzi\/"},"modified":"2024-02-08T06:41:02","modified_gmt":"2024-02-08T06:41:02","slug":"retro-balts-keramikas-ramis-2-balti-sledzi","status":"publish","type":"product","link":"https:\/\/lightup.lv\/ru\/%d0%ba%d0%b0%d1%82%d0%b0%d0%bb%d0%be%d0%b3-%d0%bf%d1%80%d0%be%d0%b4%d1%83%d0%ba%d1%86%d0%b8%d0%b8\/retro-balts-keramikas-ramis-2-balti-sledzi\/","title":{"rendered":"Retro balts keramikas r\u0101mis, 2 balti sl\u0113d\u017ei"},"content":{"rendered":"<p>Izk\u0101rtojums 5, 6+6, 7+7. Pied\u0101v\u0101jam baltas un melnas kr\u0101sas kombin\u0101cijas r\u0101m\u012b\u0161iem, v\u0101ci\u0146iem un sl\u0113d\u017eiem.<\/p>\n<p>Ja jums ir konkr\u0113ti apjomi, tad dro\u0161i sazinieties ar mums, un m\u0113s jums sagatavosim detaliz\u0113tu cenu pied\u0101v\u0101jumu atkar\u012bb\u0101 no izv\u0113l\u0113t\u0101s kr\u0101sas, kolekcijas, r\u0101m\u012b\u0161u skaita apjoma un konfigur\u0101cijas. Cena ir atkar\u012bga no izv\u0113l\u0113t\u0101 materi\u0101la un kr\u0101sas.<\/p>","protected":false},"excerpt":{"rendered":"<p>\u041d\u043e\u0432\u0430\u044f \u0441\u0435\u0440\u0438\u044f \u0432\u044b\u043a\u043b\u044e\u0447\u0430\u0442\u0435\u043b\u0435\u0439 \u0438 \u0440\u043e\u0437\u0435\u0442\u043e\u043a RETRO \u043f\u0440\u0435\u0434\u0441\u0442\u0430\u0432\u043b\u044f\u0435\u0442 \u043e\u0440\u0438\u0433\u0438\u043d\u0430\u043b\u044c\u043d\u044b\u0439 \u0434\u0438\u0437\u0430\u0439\u043d, \u0432\u0434\u043e\u0445\u043d\u043e\u0432\u043b\u0451\u043d\u043d\u044b\u0439 \u0441\u043e\u0447\u0435\u0442\u0430\u043d\u0438\u0435\u043c \u043f\u043e\u0432\u043e\u0440\u043e\u0442\u043d\u044b\u0445 \u043a\u0435\u0440\u0430\u043c\u0438\u0447\u0435\u0441\u043a\u0438\u0445 \u0432\u044b\u043a\u043b\u044e\u0447\u0430\u0442\u0435\u043b\u0435\u0439 1930-\u0445 \u0433\u043e\u0434\u043e\u0432 \u0438 \u0443\u043d\u0438\u043a\u0430\u043b\u044c\u043d\u043e\u0439 \u0444\u0443\u043d\u043a\u0446\u0438\u043e\u043d\u0430\u043b\u044c\u043d\u043e\u0439 \u0430\u0440\u0445\u0438\u0442\u0435\u043a\u0442\u0443\u0440\u044b \u0433\u043e\u0440\u043e\u0434\u0430 \u0417\u043b\u0438\u043d, \u0433\u0434\u0435 \u0437\u0430\u0440\u043e\u0434\u0438\u043b\u0441\u044f OBZOR. \u0418\u043c\u0435\u043d\u043d\u043e \u043f\u043e\u044d\u0442\u043e\u043c\u0443 \u0441\u0435\u0440\u0438\u044f RETRO \u043d\u0430\u0439\u0434\u0451\u0442 \u0441\u0432\u043e\u0451 \u043c\u0435\u0441\u0442\u043e \u043d\u0435 \u0442\u043e\u043b\u044c\u043a\u043e \u0432 \u0438\u043d\u0442\u0435\u0440\u044c\u0435\u0440\u0430\u0445 \u0432 \u0441\u0442\u0438\u043b\u0435 \u0440\u0435\u0442\u0440\u043e, \u043d\u043e \u0438 \u0432 \u0441\u043e\u0432\u0440\u0435\u043c\u0435\u043d\u043d\u044b\u0445 \u043b\u043e\u0444\u0442\u0430\u0445, \u043c\u0438\u043d\u0438\u043c\u0430\u043b\u0438\u0441\u0442\u0438\u0447\u043d\u044b\u0445 \u0438 \u0438\u043d\u0434\u0443\u0441\u0442\u0440\u0438\u0430\u043b\u044c\u043d\u044b\u0445 \u0438\u043d\u0442\u0435\u0440\u044c\u0435\u0440\u0430\u0445.<\/p>","protected":false},"featured_media":16971,"template":"","meta":{"_acf_changed":false},"product_brand":[],"product_cat":[134,133],"product_tag":[135],"class_list":{"0":"post-16970","1":"product","2":"type-product","3":"status-publish","4":"has-post-thumbnail","6":"product_cat-retro","7":"product_cat-sledzi","8":"product_tag-obzor","10":"first","11":"instock","12":"shipping-taxable","13":"purchasable","14":"product-type-simple"},"acf":[],"_links":{"self":[{"href":"https:\/\/lightup.lv\/ru\/wp-json\/wp\/v2\/product\/16970","targetHints":{"allow":["GET"]}}],"collection":[{"href":"https:\/\/lightup.lv\/ru\/wp-json\/wp\/v2\/product"}],"about":[{"href":"https:\/\/lightup.lv\/ru\/wp-json\/wp\/v2\/types\/product"}],"wp:featuredmedia":[{"embeddable":true,"href":"https:\/\/lightup.lv\/ru\/wp-json\/wp\/v2\/media\/16971"}],"wp:attachment":[{"href":"https:\/\/lightup.lv\/ru\/wp-json\/wp\/v2\/media?parent=16970"}],"wp:term":[{"taxonomy":"product_brand","embeddable":true,"href":"https:\/\/lightup.lv\/ru\/wp-json\/wp\/v2\/product_brand?post=16970"},{"taxonomy":"product_cat","embeddable":true,"href":"https:\/\/lightup.lv\/ru\/wp-json\/wp\/v2\/product_cat?post=16970"},{"taxonomy":"product_tag","embeddable":true,"href":"https:\/\/lightup.lv\/ru\/wp-json\/wp\/v2\/product_tag?post=16970"}],"curies":[{"name":"wp","href":"https:\/\/api.w.org\/{rel}","templated":true}]}}