{"id":17220,"date":"2022-06-14T19:13:09","date_gmt":"2022-06-14T19:13:09","guid":{"rendered":"https:\/\/lightup.lv\/product\/decente-balta-dubulta-komunikaciju-rozete-ar-stikla-rami\/"},"modified":"2024-02-08T06:09:21","modified_gmt":"2024-02-08T06:09:21","slug":"decente-balta-dubulta-komunikaciju-rozete-ar-stikla-rami","status":"publish","type":"product","link":"https:\/\/lightup.lv\/ru\/%d0%ba%d0%b0%d1%82%d0%b0%d0%bb%d0%be%d0%b3-%d0%bf%d1%80%d0%be%d0%b4%d1%83%d0%ba%d1%86%d0%b8%d0%b8\/decente-balta-dubulta-komunikaciju-rozete-ar-stikla-rami\/","title":{"rendered":"Decente balta dubult\u0101 komunik\u0101ciju rozete ar stikla r\u0101mi"},"content":{"rendered":"<p>(RJ 45 &#8211; 8 Cat. 5E)<br \/>\n(RJ 45 &#8211; 8 Cat. 6)<br \/>\n(RJ 45 Cat. 6 nosegts)<br \/>\n(RJ 45 Cat. 6A nosegts)<\/p>\n<p>Pla\u0161as kr\u0101su izv\u0113les iesp\u0113jas r\u0101m\u012b\u0161iem un v\u0101ci\u0146iem.<\/p>\n<p>\u0415\u0441\u043b\u0438 \u0443 \u0432\u0430\u0441 \u0435\u0441\u0442\u044c \u043a\u043e\u043d\u043a\u0440\u0435\u0442\u043d\u043e\u0435 \u043a\u043e\u043b\u0438\u0447\u0435\u0441\u0442\u0432\u043e, \u043f\u043e\u0436\u0430\u043b\u0443\u0439\u0441\u0442\u0430, \u0441\u0432\u044f\u0436\u0438\u0442\u0435\u0441\u044c \u0441 \u043d\u0430\u043c\u0438, \u0438 \u043c\u044b \u043f\u043e\u0434\u0433\u043e\u0442\u043e\u0432\u0438\u043c \u0434\u043b\u044f \u0432\u0430\u0441 \u043f\u043e\u0434\u0440\u043e\u0431\u043d\u043e\u0435 \u043a\u043e\u043c\u043c\u0435\u0440\u0447\u0435\u0441\u043a\u043e\u0435 \u043f\u0440\u0435\u0434\u043b\u043e\u0436\u0435\u043d\u0438\u0435 \u0432 \u0437\u0430\u0432\u0438\u0441\u0438\u043c\u043e\u0441\u0442\u0438 \u043e\u0442 \u0432\u044b\u0431\u0440\u0430\u043d\u043d\u043e\u0439 \u043a\u043e\u043b\u043b\u0435\u043a\u0446\u0438\u0438, \u043a\u043e\u043b\u0438\u0447\u0435\u0441\u0442\u0432\u0430 \u0440\u0430\u043c\u043e\u043a, \u043e\u0431\u044a\u0451\u043c\u0430 \u0438 \u043a\u043e\u043c\u043f\u043b\u0435\u043a\u0442\u0430\u0446\u0438\u0438. \u0426\u0435\u043d\u0430 \u0437\u0430\u0432\u0438\u0441\u0438\u0442 \u043e\u0442 \u0432\u044b\u0431\u0440\u0430\u043d\u043d\u043e\u0433\u043e \u043c\u0430\u0442\u0435\u0440\u0438\u0430\u043b\u0430 \u0438 \u0446\u0432\u0435\u0442\u0430.<\/p>","protected":false},"excerpt":{"rendered":"<p>\u0427\u0438\u0441\u0442\u044b\u0435 \u043b\u0438\u043d\u0438\u0438, \u0432\u043d\u0435\u0432\u0440\u0435\u043c\u0435\u043d\u043d\u043e\u0439 \u0434\u0438\u0437\u0430\u0439\u043d \u0432 \u0441\u043e\u0447\u0435\u0442\u0430\u043d\u0438\u0438 \u0441 \u0431\u043b\u0430\u0433\u043e\u0440\u043e\u0434\u043d\u044b\u043c\u0438 \u043d\u0430\u0442\u0443\u0440\u0430\u043b\u044c\u043d\u044b\u043c\u0438 \u043c\u0430\u0442\u0435\u0440\u0438\u0430\u043b\u0430\u043c\u0438 \u0445\u0430\u0440\u0430\u043a\u0442\u0435\u0440\u0438\u0437\u0443\u044e\u0442 \u0441\u0435\u0440\u0438\u044e DECENTE. \u0428\u0438\u0440\u043e\u043a\u0438\u0435, \u0440\u043e\u0441\u043a\u043e\u0448\u043d\u044b\u0435 \u043e\u043f\u0440\u0430\u0432\u044b \u0438\u0437 \u0441\u0442\u0435\u043a\u043b\u0430, \u0434\u0435\u0440\u0435\u0432\u0430, \u043c\u0435\u0442\u0430\u043b\u043b\u0430, \u0431\u0435\u0442\u043e\u043d\u0430 \u0438\u043b\u0438 \u043e\u0440\u0433\u0441\u0442\u0435\u043a\u043b\u0430 \u0438\u0434\u0435\u0430\u043b\u044c\u043d\u043e \u0432\u043f\u0438\u0441\u044b\u0432\u0430\u044e\u0442\u0441\u044f \u0432 \u0440\u0430\u0437\u043b\u0438\u0447\u043d\u044b\u0435 \u0441\u043e\u0432\u0440\u0435\u043c\u0435\u043d\u043d\u044b\u0435 \u0438\u043d\u0442\u0435\u0440\u044c\u0435\u0440\u044b. \u041d\u0435\u0431\u043e\u043b\u044c\u0448\u0430\u044f \u0442\u043e\u043b\u0449\u0438\u043d\u0430 \u043e\u043f\u0440\u0430\u0432\u044b \u043f\u0440\u0438\u0434\u0430\u0435\u0442 \u044d\u043b\u0435\u0433\u0430\u043d\u0442\u043d\u043e\u0441\u0442\u044c. \u041a\u043e\u043b\u043f\u0430\u0447\u043a\u0438 \u0438\u0437\u0433\u043e\u0442\u043e\u0432\u043b\u0435\u043d\u044b \u0438\u0437 \u0432\u044b\u0441\u043e\u043a\u043e\u043a\u0430\u0447\u0435\u0441\u0442\u0432\u0435\u043d\u043d\u043e\u0433\u043e \u043f\u043b\u0430\u0441\u0442\u0438\u043a\u0430, \u0443\u0441\u0442\u043e\u0439\u0447\u0438\u0432\u043e\u0433\u043e \u043a \u0443\u043b\u044c\u0442\u0440\u0430\u0444\u0438\u043e\u043b\u0435\u0442\u043e\u0432\u043e\u043c\u0443 \u0438\u0437\u043b\u0443\u0447\u0435\u043d\u0438\u044e.<\/p>","protected":false},"featured_media":17221,"template":"","meta":{"_acf_changed":false},"product_brand":[],"product_cat":[136,133],"product_tag":[135],"class_list":{"0":"post-17220","1":"product","2":"type-product","3":"status-publish","4":"has-post-thumbnail","6":"product_cat-decente","7":"product_cat-sledzi","8":"product_tag-obzor","10":"first","11":"instock","12":"shipping-taxable","13":"purchasable","14":"product-type-simple"},"acf":[],"_links":{"self":[{"href":"https:\/\/lightup.lv\/ru\/wp-json\/wp\/v2\/product\/17220","targetHints":{"allow":["GET"]}}],"collection":[{"href":"https:\/\/lightup.lv\/ru\/wp-json\/wp\/v2\/product"}],"about":[{"href":"https:\/\/lightup.lv\/ru\/wp-json\/wp\/v2\/types\/product"}],"wp:featuredmedia":[{"embeddable":true,"href":"https:\/\/lightup.lv\/ru\/wp-json\/wp\/v2\/media\/17221"}],"wp:attachment":[{"href":"https:\/\/lightup.lv\/ru\/wp-json\/wp\/v2\/media?parent=17220"}],"wp:term":[{"taxonomy":"product_brand","embeddable":true,"href":"https:\/\/lightup.lv\/ru\/wp-json\/wp\/v2\/product_brand?post=17220"},{"taxonomy":"product_cat","embeddable":true,"href":"https:\/\/lightup.lv\/ru\/wp-json\/wp\/v2\/product_cat?post=17220"},{"taxonomy":"product_tag","embeddable":true,"href":"https:\/\/lightup.lv\/ru\/wp-json\/wp\/v2\/product_tag?post=17220"}],"curies":[{"name":"wp","href":"https:\/\/api.w.org\/{rel}","templated":true}]}}