{"id":1891,"date":"2020-03-04T13:22:10","date_gmt":"2020-03-04T13:22:10","guid":{"rendered":"https:\/\/lightup.lv\/product\/diamante-iekarinama-lampa\/"},"modified":"2024-02-04T06:15:06","modified_gmt":"2024-02-04T06:15:06","slug":"diamante-iekarinama-lampa","status":"publish","type":"product","link":"https:\/\/lightup.lv\/ru\/precu-katalogs\/diamante-iekarinama-lampa\/","title":{"rendered":"Diamante iekarin\u0101ma lampa"},"content":{"rendered":"<p>6 x 42W G9 230V<\/p>\n<p>\u00d8: 46 cm<\/p>\n<p>H: max 135 cm<\/p>\n<p>Kr\u0101sa: Hroms<\/p>\n<p>\u041c\u0430\u0442\u0435\u0440\u0438\u0430\u043b: \u0441\u0442\u0435\u043a\u043b\u043e, \u043c\u0435\u0442\u0430\u043b\u043b<\/p>\n<p>\u041b\u0430\u043c\u043f\u043e\u0447\u043a\u0438 \u0432 \u043a\u043e\u043c\u043f\u043b\u0435\u043a\u0442 \u043d\u0435 \u0432\u0445\u043e\u0434\u044f\u0442.<\/p>\n<p>ID P0238<\/p>","protected":false},"excerpt":{"rendered":"<p>Diamante gaismas \u0137erme\u0146i (plafonds un piekaramais lukturis) ir vienk\u0101r\u0161as, cilindriskas formas un loka, kas piepild\u012bts ar stikla krist\u0101liem, kombin\u0101cija. Ap pamatni novietotie krist\u0101li veido griestu atstarojumus un veido smalku rot\u0101jumu. Op\u0101la mat\u0113ta stikla apak\u0161\u0113j\u0101 pl\u0101ksne pasl\u0113pj gaismas punktus, pateicoties kuriem lukturis piepilda iek\u0161pusi ar m\u012bkstu, siltu gaismu. Vienk\u0101r\u0161\u012bbas un izsmalcin\u0101t\u012bbas kombin\u0101cija padara Diamante lampas univers\u0101las: t\u0101s lieliski papildina minim\u0101listisko dekoru un ask\u0113tiski sak\u0101rtoto telpu, un taj\u0101 pa\u0161\u0101 laik\u0101 labi sajaucas ar interjeriem, kas bag\u0101ti ar fakt\u016br\u0101m un kr\u0101s\u0101m.<\/p>","protected":false},"featured_media":1892,"template":"","meta":{"_acf_changed":false},"product_brand":[],"product_cat":[42,43],"product_tag":[44],"class_list":{"0":"post-1891","1":"product","2":"type-product","3":"status-publish","4":"has-post-thumbnail","6":"product_cat-apgaismojums","7":"product_cat-piekaramas-lampas","8":"product_tag-maxlight","10":"first","11":"instock","12":"shipping-taxable","13":"purchasable","14":"product-type-simple"},"acf":[],"_links":{"self":[{"href":"https:\/\/lightup.lv\/ru\/wp-json\/wp\/v2\/product\/1891","targetHints":{"allow":["GET"]}}],"collection":[{"href":"https:\/\/lightup.lv\/ru\/wp-json\/wp\/v2\/product"}],"about":[{"href":"https:\/\/lightup.lv\/ru\/wp-json\/wp\/v2\/types\/product"}],"wp:featuredmedia":[{"embeddable":true,"href":"https:\/\/lightup.lv\/ru\/wp-json\/wp\/v2\/media\/1892"}],"wp:attachment":[{"href":"https:\/\/lightup.lv\/ru\/wp-json\/wp\/v2\/media?parent=1891"}],"wp:term":[{"taxonomy":"product_brand","embeddable":true,"href":"https:\/\/lightup.lv\/ru\/wp-json\/wp\/v2\/product_brand?post=1891"},{"taxonomy":"product_cat","embeddable":true,"href":"https:\/\/lightup.lv\/ru\/wp-json\/wp\/v2\/product_cat?post=1891"},{"taxonomy":"product_tag","embeddable":true,"href":"https:\/\/lightup.lv\/ru\/wp-json\/wp\/v2\/product_tag?post=1891"}],"curies":[{"name":"WP","href":"https:\/\/api.w.org\/{rel}","templated":true}]}}