{"id":2099,"date":"2020-03-21T11:23:34","date_gmt":"2020-03-21T11:23:34","guid":{"rendered":"https:\/\/lightup.lv\/product\/delia-aluminija-kresls-ar-roku-balstiem\/"},"modified":"2024-01-29T12:45:47","modified_gmt":"2024-01-29T12:45:47","slug":"delia-aluminija-kresls-ar-roku-balstiem","status":"publish","type":"product","link":"https:\/\/lightup.lv\/ru\/%d0%ba%d0%b0%d1%82%d0%b0%d0%bb%d0%be%d0%b3-%d0%bf%d1%80%d0%be%d0%b4%d1%83%d0%ba%d1%86%d0%b8%d0%b8\/delia-aluminija-kresls-ar-roku-balstiem\/","title":{"rendered":"Delia alum\u012bnija kr\u0113sls ar roku balstiem"},"content":{"rendered":"<p>Kr\u0101sa : Balts<br \/>\nS\u0113des augstums : 43cm<br \/>\nKr\u0113sla platums : 55cm<br \/>\nKr\u0113sla garums : 55 cm<br \/>\nKr\u0113sla augstums : 80 cm<\/p>\n<p>Praktisks, saliekams kr\u0113sls no mat\u0113ta, balta alum\u012bnija<\/p>\n<p>ID 2651-50<\/p>","protected":false},"excerpt":{"rendered":"<p>Brafab \u2014 \u0448\u0432\u0435\u0434\u0441\u043a\u0430\u044f \u043a\u043e\u043c\u043f\u0430\u043d\u0438\u044f, \u043f\u0440\u043e\u0438\u0437\u0432\u043e\u0434\u044f\u0449\u0430\u044f \u0441\u0430\u0434\u043e\u0432\u0443\u044e \u043c\u0435\u0431\u0435\u043b\u044c. \u041f\u0440\u043e\u0438\u0437\u0432\u043e\u0434\u0438\u0442\u0435\u043b\u044c \u043f\u0440\u0435\u0434\u043b\u0430\u0433\u0430\u0435\u0442 \u043a\u043e\u043b\u043b\u0435\u043a\u0446\u0438\u0438 \u0432 \u0440\u0430\u0437\u043b\u0438\u0447\u043d\u044b\u0445 \u0441\u0442\u0438\u043b\u044f\u0445, \u043f\u043e\u0434\u0445\u043e\u0434\u044f\u0449\u0438\u0435 \u0434\u043b\u044f \u043b\u044e\u0431\u043e\u0433\u043e \u043f\u0430\u0442\u0438\u043e.<br \/>\n\u0421\u0430\u0434\u043e\u0432\u0430\u044f \u043c\u0435\u0431\u0435\u043b\u044c \u0441\u043e\u043e\u0442\u0432\u0435\u0442\u0441\u0442\u0432\u0443\u0435\u0442 \u0448\u0432\u0435\u0434\u0441\u043a\u0438\u043c \u0441\u0442\u0430\u043d\u0434\u0430\u0440\u0442\u0430\u043c \u043a\u0430\u0447\u0435\u0441\u0442\u0432\u0430 \u0438 \u043f\u043e\u0434\u0445\u043e\u0434\u0438\u0442 \u0434\u043b\u044f \u0438\u0441\u043f\u043e\u043b\u044c\u0437\u043e\u0432\u0430\u043d\u0438\u044f \u043d\u0430 \u043e\u0442\u043a\u0440\u044b\u0442\u043e\u043c \u0432\u043e\u0437\u0434\u0443\u0445\u0435.<\/p>","protected":false},"featured_media":2100,"template":"","meta":{"_acf_changed":false},"product_brand":[],"product_cat":[51,50],"product_tag":[52],"class_list":{"0":"post-2099","1":"product","2":"type-product","3":"status-publish","4":"has-post-thumbnail","6":"product_cat-kresli-terases-mebeles","7":"product_cat-terases-mebeles","8":"product_tag-brafab","10":"first","11":"instock","12":"shipping-taxable","13":"purchasable","14":"product-type-simple"},"acf":[],"_links":{"self":[{"href":"https:\/\/lightup.lv\/ru\/wp-json\/wp\/v2\/product\/2099","targetHints":{"allow":["GET"]}}],"collection":[{"href":"https:\/\/lightup.lv\/ru\/wp-json\/wp\/v2\/product"}],"about":[{"href":"https:\/\/lightup.lv\/ru\/wp-json\/wp\/v2\/types\/product"}],"wp:featuredmedia":[{"embeddable":true,"href":"https:\/\/lightup.lv\/ru\/wp-json\/wp\/v2\/media\/2100"}],"wp:attachment":[{"href":"https:\/\/lightup.lv\/ru\/wp-json\/wp\/v2\/media?parent=2099"}],"wp:term":[{"taxonomy":"product_brand","embeddable":true,"href":"https:\/\/lightup.lv\/ru\/wp-json\/wp\/v2\/product_brand?post=2099"},{"taxonomy":"product_cat","embeddable":true,"href":"https:\/\/lightup.lv\/ru\/wp-json\/wp\/v2\/product_cat?post=2099"},{"taxonomy":"product_tag","embeddable":true,"href":"https:\/\/lightup.lv\/ru\/wp-json\/wp\/v2\/product_tag?post=2099"}],"curies":[{"name":"wp","href":"https:\/\/api.w.org\/{rel}","templated":true}]}}