{"id":22,"date":"2018-07-23T09:04:24","date_gmt":"2018-07-23T09:04:24","guid":{"rendered":"https:\/\/lightup.lv\/product\/pixel-akustiskais-panelis\/"},"modified":"2025-03-18T12:25:36","modified_gmt":"2025-03-18T10:25:36","slug":"pixel-akustiskais-panelis","status":"publish","type":"product","link":"https:\/\/lightup.lv\/ru\/precu-katalogs\/pixel-akustiskais-panelis\/","title":{"rendered":"Pixel L akustiskais panelis"},"content":{"rendered":"<p>\u0420\u0430\u0437\u043c\u0435\u0440\u044b:<\/p>\n<p>1000 \u0445 1000 \u0445 40 \u043c\u043c<\/p>\n<p>\u0412 \u043a\u043e\u043c\u043f\u043b\u0435\u043a\u0442 \u0432\u0445\u043e\u0434\u044f\u0442 \u043c\u043e\u043d\u0442\u0430\u0436\u043d\u044b\u0435 \u043a\u0440\u043e\u043d\u0448\u0442\u0435\u0439\u043d\u044b.<\/p>\n<p>ID Pixel<\/p>","protected":false},"excerpt":{"rendered":"<p>Kvadr\u0101ts (100 cm x 100 cm) ir lieliski piem\u0113rots lielam laukumam, izvietojot vienu blakus otram veidosies lieliska kompoz\u012bcija un perfekta ska\u0146as izol\u0101cija.<\/p>","protected":false},"featured_media":23,"template":"","meta":{"_acf_changed":false},"product_brand":[],"product_cat":[18,19],"product_tag":[20],"class_list":{"0":"post-22","1":"product","2":"type-product","3":"status-publish","4":"has-post-thumbnail","6":"product_cat-dizaina-skanas-izolacija","7":"product_cat-fluffo-air-griestiem","8":"product_tag-fluffo","10":"first","11":"instock","12":"shipping-taxable","13":"purchasable","14":"product-type-simple"},"acf":[],"_links":{"self":[{"href":"https:\/\/lightup.lv\/ru\/wp-json\/wp\/v2\/product\/22","targetHints":{"allow":["GET"]}}],"collection":[{"href":"https:\/\/lightup.lv\/ru\/wp-json\/wp\/v2\/product"}],"about":[{"href":"https:\/\/lightup.lv\/ru\/wp-json\/wp\/v2\/types\/product"}],"wp:featuredmedia":[{"embeddable":true,"href":"https:\/\/lightup.lv\/ru\/wp-json\/wp\/v2\/media\/23"}],"wp:attachment":[{"href":"https:\/\/lightup.lv\/ru\/wp-json\/wp\/v2\/media?parent=22"}],"wp:term":[{"taxonomy":"product_brand","embeddable":true,"href":"https:\/\/lightup.lv\/ru\/wp-json\/wp\/v2\/product_brand?post=22"},{"taxonomy":"product_cat","embeddable":true,"href":"https:\/\/lightup.lv\/ru\/wp-json\/wp\/v2\/product_cat?post=22"},{"taxonomy":"product_tag","embeddable":true,"href":"https:\/\/lightup.lv\/ru\/wp-json\/wp\/v2\/product_tag?post=22"}],"curies":[{"name":"WP","href":"https:\/\/api.w.org\/{rel}","templated":true}]}}