{"id":2468,"date":"2020-03-22T16:08:36","date_gmt":"2020-03-22T16:08:36","guid":{"rendered":"https:\/\/lightup.lv\/product\/murano-b-iekarinama-lampa\/"},"modified":"2024-02-04T05:44:56","modified_gmt":"2024-02-04T05:44:56","slug":"murano-b-iekarinama-lampa","status":"publish","type":"product","link":"https:\/\/lightup.lv\/ru\/%d0%ba%d0%b0%d1%82%d0%b0%d0%bb%d0%be%d0%b3-%d0%bf%d1%80%d0%be%d0%b4%d1%83%d0%ba%d1%86%d0%b8%d0%b8\/murano-b-iekarinama-lampa\/","title":{"rendered":"MURANO B iekarin\u0101ma lampa"},"content":{"rendered":"<p>1 x 3W LED 230V 285 LM<\/p>\n<p>\u00d8: 6,8 cm<\/p>\n<p>H: max 180 cm<\/p>\n<p>Kr\u0101sa: Chrome<\/p>\n<p>\u041c\u0430\u0442\u0435\u0440\u0438\u0430\u043b: \u041c\u0435\u0442\u0430\u043b\u043b, \u0441\u0442\u0435\u043a\u043b\u043e<\/p>\n<p>\u041b\u0430\u043c\u043f\u043e\u0447\u043a\u0438 \u0432 \u043a\u043e\u043c\u043f\u043b\u0435\u043a\u0442 \u043d\u0435 \u0432\u0445\u043e\u0434\u044f\u0442.<\/p>\n<p>ID P0246<\/p>","protected":false},"excerpt":{"rendered":"<p>\u010cetri Murano saimes gaismas \u0137erme\u0146i ir lampas, kas paredz\u0113tas \u012bpa\u0161iem pielietojumiem. Vi\u0146u gar\u0101s, izdom\u0101ti veidot\u0101s stikla nokr\u0101sas ir intri\u0123\u0113jo\u0161a dekor\u0101cija, un, \u0146emot v\u0113r\u0101 to, ka t\u0101s ir caursp\u012bd\u012bgas, lampas nodro\u0161ina maksim\u0101lu gaismas daudzumu. T\u0101p\u0113c tie ir lieliski viet\u0101s, kur jums nepiecie\u0161ams uzman\u012bbas centr\u0101, bet labi izklied\u0113t\u0101 gaism\u0101, piem\u0113ram, virs uz\u0146em\u0161anas letes. Murano gaismek\u013ci lieliski izskat\u0101s ar\u012b grup\u0101s, pak\u0101rti rind\u0101 vai neregul\u0101ri &#8211; \u0161\u0101di sak\u0101rtoti var aizst\u0101t tradicion\u0101lo galda vai virtuves apgaismojumu. Pateicoties vertik\u0101lajai formai, tie optiski palielina telpu un ir smalks, graciozs papildin\u0101jums jebkuram interjeram.<\/p>","protected":false},"featured_media":2469,"template":"","meta":{"_acf_changed":false},"product_brand":[],"product_cat":[42,43],"product_tag":[44],"class_list":{"0":"post-2468","1":"product","2":"type-product","3":"status-publish","4":"has-post-thumbnail","6":"product_cat-apgaismojums","7":"product_cat-piekaramas-lampas","8":"product_tag-maxlight","10":"first","11":"instock","12":"shipping-taxable","13":"purchasable","14":"product-type-simple"},"acf":[],"_links":{"self":[{"href":"https:\/\/lightup.lv\/ru\/wp-json\/wp\/v2\/product\/2468","targetHints":{"allow":["GET"]}}],"collection":[{"href":"https:\/\/lightup.lv\/ru\/wp-json\/wp\/v2\/product"}],"about":[{"href":"https:\/\/lightup.lv\/ru\/wp-json\/wp\/v2\/types\/product"}],"wp:featuredmedia":[{"embeddable":true,"href":"https:\/\/lightup.lv\/ru\/wp-json\/wp\/v2\/media\/2469"}],"wp:attachment":[{"href":"https:\/\/lightup.lv\/ru\/wp-json\/wp\/v2\/media?parent=2468"}],"wp:term":[{"taxonomy":"product_brand","embeddable":true,"href":"https:\/\/lightup.lv\/ru\/wp-json\/wp\/v2\/product_brand?post=2468"},{"taxonomy":"product_cat","embeddable":true,"href":"https:\/\/lightup.lv\/ru\/wp-json\/wp\/v2\/product_cat?post=2468"},{"taxonomy":"product_tag","embeddable":true,"href":"https:\/\/lightup.lv\/ru\/wp-json\/wp\/v2\/product_tag?post=2468"}],"curies":[{"name":"wp","href":"https:\/\/api.w.org\/{rel}","templated":true}]}}