{"id":2537,"date":"2020-03-22T20:35:58","date_gmt":"2020-03-22T20:35:58","guid":{"rendered":"https:\/\/lightup.lv\/product\/linear-fortis-griestu-lampa\/"},"modified":"2024-02-04T05:37:05","modified_gmt":"2024-02-04T05:37:05","slug":"linear-fortis-griestu-lampa","status":"publish","type":"product","link":"https:\/\/lightup.lv\/ru\/precu-katalogs\/linear-fortis-griestu-lampa\/","title":{"rendered":"LINEAR FORTIS griestu lampa"},"content":{"rendered":"<p>1 x 18W LED 230V, 1300 LM<\/p>\n<p>W: 5 cm<\/p>\n<p>H: 6,5 cm<\/p>\n<p>L: 57 cm<\/p>\n<p>Kr\u0101sa: Balts<\/p>\n<p>\u041c\u0430\u0442\u0435\u0440\u0438\u0430\u043b: \u043c\u0435\u0442\u0430\u043b\u043b<\/p>\n<p>\u041b\u0430\u043c\u043f\u043e\u0447\u043a\u0438 \u0432 \u043a\u043e\u043c\u043f\u043b\u0435\u043a\u0442 \u043d\u0435 \u0432\u0445\u043e\u0434\u044f\u0442.<\/p>\n<p>ID C0124<\/p>","protected":false},"excerpt":{"rendered":"<p>Starp funkcion\u0101laj\u0101m lamp\u0101m Line\u0101rie griesti izce\u013cas ar izcilu meistar\u012bbas precizit\u0101ti un augst\u0101k\u0101s kvalit\u0101tes komponentiem. Balti gaismek\u013ci ar LED paneli, kas p\u0101rkl\u0101ti ar op\u0101la akrila stiklu, nodro\u0161ina lielu daudzumu gaismas. \u012as\u0101ka versija izstaro gaismu ar v\u0113rt\u012bbu 1300lm (v\u0113rt\u012bba ir l\u012bdz\u012bga 100 W spuldzei), bet gar\u0101ka versija ir 2700lm (v\u0113rt\u012bba l\u012bdz\u012bga spuldzei 150W). Turkl\u0101t izstarotajai gaismai ir stimul\u0113jo\u0161a nokr\u0101sa, t\u0101p\u0113c t\u0101 ir lieliski piem\u0113rota telp\u0101m, kas paredz\u0113tas gar\u012bgajam darbam. Gaisma ar kr\u0101su temperat\u016bru 4000K veicina labu re\u0101lu kr\u0101su uztver\u0161anu, un t\u0101p\u0113c Linear labi darbosies k\u0101 dr\u0113bju skapja lampa un virs spogu\u013ca.<\/p>","protected":false},"featured_media":2538,"template":"","meta":{"_acf_changed":false},"product_brand":[],"product_cat":[42,43],"product_tag":[44],"class_list":{"0":"post-2537","1":"product","2":"type-product","3":"status-publish","4":"has-post-thumbnail","6":"product_cat-apgaismojums","7":"product_cat-piekaramas-lampas","8":"product_tag-maxlight","10":"first","11":"instock","12":"shipping-taxable","13":"purchasable","14":"product-type-simple"},"acf":[],"_links":{"self":[{"href":"https:\/\/lightup.lv\/ru\/wp-json\/wp\/v2\/product\/2537","targetHints":{"allow":["GET"]}}],"collection":[{"href":"https:\/\/lightup.lv\/ru\/wp-json\/wp\/v2\/product"}],"about":[{"href":"https:\/\/lightup.lv\/ru\/wp-json\/wp\/v2\/types\/product"}],"wp:featuredmedia":[{"embeddable":true,"href":"https:\/\/lightup.lv\/ru\/wp-json\/wp\/v2\/media\/2538"}],"wp:attachment":[{"href":"https:\/\/lightup.lv\/ru\/wp-json\/wp\/v2\/media?parent=2537"}],"wp:term":[{"taxonomy":"product_brand","embeddable":true,"href":"https:\/\/lightup.lv\/ru\/wp-json\/wp\/v2\/product_brand?post=2537"},{"taxonomy":"product_cat","embeddable":true,"href":"https:\/\/lightup.lv\/ru\/wp-json\/wp\/v2\/product_cat?post=2537"},{"taxonomy":"product_tag","embeddable":true,"href":"https:\/\/lightup.lv\/ru\/wp-json\/wp\/v2\/product_tag?post=2537"}],"curies":[{"name":"WP","href":"https:\/\/api.w.org\/{rel}","templated":true}]}}