{"id":2985,"date":"2020-04-09T08:26:35","date_gmt":"2020-04-09T08:26:35","guid":{"rendered":"https:\/\/lightup.lv\/product\/panama-terases-komplekts\/"},"modified":"2024-01-30T08:18:02","modified_gmt":"2024-01-30T08:18:02","slug":"panama-terases-komplekts","status":"publish","type":"product","link":"https:\/\/lightup.lv\/ru\/%d0%ba%d0%b0%d1%82%d0%b0%d0%bb%d0%be%d0%b3-%d0%bf%d1%80%d0%be%d0%b4%d1%83%d0%ba%d1%86%d0%b8%d0%b8\/panama-terases-komplekts\/","title":{"rendered":"Panama terases komplekts"},"content":{"rendered":"<p><strong>Panama terases komplekts<\/strong> \/ iesp\u0113jams pas\u016bt\u012bt katru produktu atsevi\u0161\u0137i<br \/>\nKoplekt\u0101 ietilpst : Divi atp\u016btas kr\u0113sli, d\u012bv\u0101ns, \u017eurn\u0101lu galdi\u0146\u0161 .<\/p>\n<p>Kr\u0101sas : antrac\u012bts\/br\u016bns, melns\/tum\u0161i za\u013c\u0161, antrac\u012bts\/b\u0113\u0161s, Balts\/b\u0113\u0161s<\/p>\n<p>Panama terases m\u0113be\u013cu komplekts, alum\u012bnija r\u0101mis, mitrumiztur\u012bg\u0101 auduma s\u0113de un spilveni, kr\u0113sla muguras balsts vaidot no p\u012btas gumijas virves.<\/p>\n<p><strong>Atp\u016btas kr\u0113sls: 750,20 euro<\/strong><br \/>\n\u0412\u044b\u0441\u043e\u0442\u0430 \u0441\u0438\u0434\u0435\u043d\u044c\u044f: 40 \u0441\u043c<br \/>\nKr\u0113sla platums : 73 cm<br \/>\nKr\u0113sla augstums : 76 cm<\/p>\n<p><strong>D\u012bv\u0101ns : 1246,30 euro<\/strong><br \/>\n\u0412\u044b\u0441\u043e\u0442\u0430 \u0441\u0438\u0434\u0435\u043d\u044c\u044f: 40 \u0441\u043c<br \/>\nPlatums : 160 cm<br \/>\nAugstums : 76 cm<\/p>\n<p><strong>Galdi\u0146\u0161: 338,80 euro<\/strong><br \/>\nAugstums: 34 cm<br \/>\nD:70-100 cm<\/p>\n<p>ID PanamaSet<\/p>","protected":false},"excerpt":{"rendered":"<p>\u041a\u043e\u043c\u043f\u0430\u043d\u0438\u044f Grattoni \u0431\u044b\u043b\u0430 \u043e\u0441\u043d\u043e\u0432\u0430\u043d\u0430 \u0432 1972 \u0433\u043e\u0434\u0443 \u0432 \u0421\u0430\u043d-\u0414\u0436\u043e\u0432\u0430\u043d\u043d\u0438-\u0430\u043b\u044c-\u041d\u0430\u0442\u0438\u0437\u043e\u043d\u0435 \u2013 \u0441\u0435\u0440\u0434\u0446\u0435 \u0438\u0442\u0430\u043b\u044c\u044f\u043d\u0441\u043a\u043e\u0433\u043e \u0440\u0430\u0439\u043e\u043d\u0430, \u043f\u0440\u043e\u0438\u0437\u0432\u043e\u0434\u044f\u0449\u0435\u0433\u043e \u0441\u0442\u0443\u043b\u044c\u044f, \u2013 \u043a\u0430\u043a \u043f\u0440\u043e\u0438\u0437\u0432\u043e\u0434\u0438\u0442\u0435\u043b\u044c \u0441\u0442\u0443\u043b\u044c\u0435\u0432 \u043a\u043b\u0430\u0441\u0441\u0438\u0447\u0435\u0441\u043a\u043e\u0433\u043e \u0434\u0438\u0437\u0430\u0439\u043d\u0430. \u0412 2010 \u0433\u043e\u0434\u0443 \u043a\u043e\u043c\u043f\u0430\u043d\u0438\u044f \u043f\u0435\u0440\u0435\u0448\u043b\u0430 \u043d\u0430 \u043a\u043e\u043c\u043c\u0435\u0440\u0447\u0435\u0441\u043a\u0443\u044e \u0434\u0435\u044f\u0442\u0435\u043b\u044c\u043d\u043e\u0441\u0442\u044c, \u0438\u043c\u043f\u043e\u0440\u0442\u0438\u0440\u0443\u044f \u043a\u0430\u0447\u0435\u0441\u0442\u0432\u0435\u043d\u043d\u0443\u044e \u0441\u0430\u0434\u043e\u0432\u0443\u044e \u043c\u0435\u0431\u0435\u043b\u044c. \u0412 \u0435\u0451 \u0430\u0441\u0441\u043e\u0440\u0442\u0438\u043c\u0435\u043d\u0442 \u0432\u0445\u043e\u0434\u044f\u0442 \u0441\u0442\u0443\u043b\u044c\u044f, \u0434\u0438\u0432\u0430\u043d\u044b, \u043a\u0440\u0435\u0441\u043b\u0430, \u0441\u0442\u043e\u043b\u044b \u0438 \u043e\u0441\u043d\u043e\u0432\u0430\u043d\u0438\u044f \u0434\u043b\u044f \u0441\u0442\u043e\u043b\u043e\u0432 \u0434\u043b\u044f \u0438\u0441\u043f\u043e\u043b\u044c\u0437\u043e\u0432\u0430\u043d\u0438\u044f \u0432 \u043f\u043e\u043c\u0435\u0449\u0435\u043d\u0438\u044f\u0445 \u0438 \u043d\u0430 \u0443\u043b\u0438\u0446\u0435, \u043f\u0440\u0435\u0434\u043d\u0430\u0437\u043d\u0430\u0447\u0435\u043d\u043d\u044b\u0435 \u0434\u043b\u044f \u0436\u0438\u043b\u044b\u0445 \u043f\u043e\u043c\u0435\u0449\u0435\u043d\u0438\u0439 \u0438 \u0441\u0444\u0435\u0440\u044b \u0443\u0441\u043b\u0443\u0433.<\/p>","protected":false},"featured_media":2986,"template":"","meta":{"_acf_changed":false},"product_brand":[],"product_cat":[73,50],"product_tag":[66],"class_list":{"0":"post-2985","1":"product","2":"type-product","3":"status-publish","4":"has-post-thumbnail","6":"product_cat-divani-terases","7":"product_cat-terases-mebeles","8":"product_tag-grattoni","10":"first","11":"instock","12":"shipping-taxable","13":"purchasable","14":"product-type-simple"},"acf":[],"_links":{"self":[{"href":"https:\/\/lightup.lv\/ru\/wp-json\/wp\/v2\/product\/2985","targetHints":{"allow":["GET"]}}],"collection":[{"href":"https:\/\/lightup.lv\/ru\/wp-json\/wp\/v2\/product"}],"about":[{"href":"https:\/\/lightup.lv\/ru\/wp-json\/wp\/v2\/types\/product"}],"wp:featuredmedia":[{"embeddable":true,"href":"https:\/\/lightup.lv\/ru\/wp-json\/wp\/v2\/media\/2986"}],"wp:attachment":[{"href":"https:\/\/lightup.lv\/ru\/wp-json\/wp\/v2\/media?parent=2985"}],"wp:term":[{"taxonomy":"product_brand","embeddable":true,"href":"https:\/\/lightup.lv\/ru\/wp-json\/wp\/v2\/product_brand?post=2985"},{"taxonomy":"product_cat","embeddable":true,"href":"https:\/\/lightup.lv\/ru\/wp-json\/wp\/v2\/product_cat?post=2985"},{"taxonomy":"product_tag","embeddable":true,"href":"https:\/\/lightup.lv\/ru\/wp-json\/wp\/v2\/product_tag?post=2985"}],"curies":[{"name":"wp","href":"https:\/\/api.w.org\/{rel}","templated":true}]}}