{"id":3062,"date":"2020-04-09T16:31:32","date_gmt":"2020-04-09T16:31:32","guid":{"rendered":"https:\/\/lightup.lv\/product\/pembroke-trisvietigs-divans\/"},"modified":"2024-01-29T11:52:13","modified_gmt":"2024-01-29T11:52:13","slug":"pembroke-trisvietigs-divans","status":"publish","type":"product","link":"https:\/\/lightup.lv\/ru\/precu-katalogs\/pembroke-trisvietigs-divans\/","title":{"rendered":"Pembroke tr\u012bsviet\u012bgs d\u012bv\u0101ns"},"content":{"rendered":"<p>\u0426\u0432\u0435\u0442: \u041f\u0435\u0441\u043e\u0447\u043d\u043e-\u043a\u043e\u0440\u0438\u0447\u043d\u0435\u0432\u044b\u0439<br \/>\nD\u012bv\u0101na platums: 202 cm<br \/>\nD\u012bv\u0101na s\u0113des platums : 90 cm<br \/>\n\u0412\u044b\u0441\u043e\u0442\u0430 \u0441\u0438\u0434\u0435\u043d\u044c\u044f: 77 \u0441\u043c<\/p>\n<p>ID 4053-8-21-02<\/p>","protected":false},"excerpt":{"rendered":"<p><span class=\"sentence sentence-58-0\"><span class=\"phrase phrase-58-0-1-2-3-4-5-6-7-8-9-10-0-1-2-3-4-5-6-7-8-9\"><span class=\"word word-58-0-0\">\u0414\u0438\u0432\u0430\u043d \u0434\u043b\u044f \u043f\u0430\u0442\u0438\u043e<\/span>\u00a0<span class=\"word word-58-1-1\">\u0433\u0440\u0443\u043f\u043f\u0430<\/span>\u00a0<span class=\"word word-58-2-2\">\u0441<\/span>\u00a0<span class=\"word word-58-3-3\">\u0441\u043e\u0432\u0440\u0435\u043c\u0435\u043d\u043d\u044b\u0439<\/span><span class=\"word word-58-4-4\">,<\/span>\u00a0<span class=\"word word-58-5-5\">\u043a\u0440\u0443\u0433\u043b\u044b\u0439<\/span>\u00a0<span class=\"word word-58-6-6 word-58-7-6\">\u041a\u043e\u043d\u0442\u0443\u0440\u044b \u0438 \u043f\u043b\u0435\u0442\u0435\u043d\u0438\u0435. \u0418\u0434\u0435\u0430\u043b\u044c\u043d\u043e \u0441\u043e\u0447\u0435\u0442\u0430\u0435\u0442\u0441\u044f \u0441\u043e \u0441\u0442\u043e\u043b\u0430\u043c\u0438 \u0438\u0437 \u043a\u043e\u043b\u043b\u0435\u043a\u0446\u0438\u0438 \u00ab\u041f\u0430\u043c\u0438\u0440\u00bb.<\/span><\/span><\/span><\/p>","protected":false},"featured_media":3063,"template":"","meta":{"_acf_changed":false},"product_brand":[],"product_cat":[73,50],"product_tag":[52],"class_list":{"0":"post-3062","1":"product","2":"type-product","3":"status-publish","4":"has-post-thumbnail","6":"product_cat-divani-terases","7":"product_cat-terases-mebeles","8":"product_tag-brafab","10":"first","11":"instock","12":"shipping-taxable","13":"purchasable","14":"product-type-simple"},"acf":[],"_links":{"self":[{"href":"https:\/\/lightup.lv\/ru\/wp-json\/wp\/v2\/product\/3062","targetHints":{"allow":["GET"]}}],"collection":[{"href":"https:\/\/lightup.lv\/ru\/wp-json\/wp\/v2\/product"}],"about":[{"href":"https:\/\/lightup.lv\/ru\/wp-json\/wp\/v2\/types\/product"}],"wp:featuredmedia":[{"embeddable":true,"href":"https:\/\/lightup.lv\/ru\/wp-json\/wp\/v2\/media\/3063"}],"wp:attachment":[{"href":"https:\/\/lightup.lv\/ru\/wp-json\/wp\/v2\/media?parent=3062"}],"wp:term":[{"taxonomy":"product_brand","embeddable":true,"href":"https:\/\/lightup.lv\/ru\/wp-json\/wp\/v2\/product_brand?post=3062"},{"taxonomy":"product_cat","embeddable":true,"href":"https:\/\/lightup.lv\/ru\/wp-json\/wp\/v2\/product_cat?post=3062"},{"taxonomy":"product_tag","embeddable":true,"href":"https:\/\/lightup.lv\/ru\/wp-json\/wp\/v2\/product_tag?post=3062"}],"curies":[{"name":"WP","href":"https:\/\/api.w.org\/{rel}","templated":true}]}}