{"id":3127,"date":"2020-04-11T16:53:26","date_gmt":"2020-04-11T16:53:26","guid":{"rendered":"https:\/\/lightup.lv\/product\/dighton-edamkresls-ar-roku-balstiem\/"},"modified":"2024-01-29T11:47:50","modified_gmt":"2024-01-29T11:47:50","slug":"dighton-edamkresls-ar-roku-balstiem","status":"publish","type":"product","link":"https:\/\/lightup.lv\/ru\/precu-katalogs\/dighton-edamkresls-ar-roku-balstiem\/","title":{"rendered":"\u041e\u0431\u0435\u0434\u0435\u043d\u043d\u044b\u0439 \u0441\u0442\u0443\u043b Dighton \u0441 \u043f\u043e\u0434\u043b\u043e\u043a\u043e\u0442\u043d\u0438\u043a\u0430\u043c\u0438"},"content":{"rendered":"<p>Kr\u0101sa: Pel\u0113ks\/melns<br \/>\nAugstums : 99\u00a0 cm<br \/>\nPlatums : 64 cm<br \/>\nAugstums: 89 cm<br \/>\n\u0412\u044b\u0441\u043e\u0442\u0430 \u0441\u0438\u0434\u0435\u043d\u044c\u044f: 48 \u0441\u043c<br \/>\nM\u012bksts un \u0113rts pel\u0113ks \u0113damkr\u0113sls ar roku balstiem no melna sint\u0113tisk\u0101 rotang\u0101 ar taisn\u0101m l\u012bnij\u0101m un ner\u016bs\u0113jo\u0161u k\u0101ju r\u0101mjiem.<\/p>\n<p>ID 5831-79-74<\/p>","protected":false},"excerpt":{"rendered":"<p>Moderns lounge zonas s\u0113rijas m\u0113be\u013cu kl\u0101sts no meln\u0101 sint\u0113tisk\u0101 rotang\u0101 ar taisn\u0101m l\u012bnij\u0101m un ner\u016bs\u0113jo\u0161u k\u0101ju r\u0101mjiem. Dighton kolekcija sast\u0101v no divarpus viet\u012bgs\u00a0 d\u012bv\u0101ns, lounge atzveltnes kr\u0113sls un \u0113damkr\u0113sls. Neskatoties uz m\u0113be\u013cu pietic\u012bgajiem izm\u0113riem t\u0101s ir augstas kvalit\u0101tes un nodro\u0161ina augstu komforta l\u012bmeni.<\/p>","protected":false},"featured_media":3128,"template":"","meta":{"_acf_changed":false},"product_brand":[],"product_cat":[73,50],"product_tag":[52],"class_list":{"0":"post-3127","1":"product","2":"type-product","3":"status-publish","4":"has-post-thumbnail","6":"product_cat-divani-terases","7":"product_cat-terases-mebeles","8":"product_tag-brafab","10":"first","11":"instock","12":"shipping-taxable","13":"purchasable","14":"product-type-simple"},"acf":[],"_links":{"self":[{"href":"https:\/\/lightup.lv\/ru\/wp-json\/wp\/v2\/product\/3127","targetHints":{"allow":["GET"]}}],"collection":[{"href":"https:\/\/lightup.lv\/ru\/wp-json\/wp\/v2\/product"}],"about":[{"href":"https:\/\/lightup.lv\/ru\/wp-json\/wp\/v2\/types\/product"}],"wp:featuredmedia":[{"embeddable":true,"href":"https:\/\/lightup.lv\/ru\/wp-json\/wp\/v2\/media\/3128"}],"wp:attachment":[{"href":"https:\/\/lightup.lv\/ru\/wp-json\/wp\/v2\/media?parent=3127"}],"wp:term":[{"taxonomy":"product_brand","embeddable":true,"href":"https:\/\/lightup.lv\/ru\/wp-json\/wp\/v2\/product_brand?post=3127"},{"taxonomy":"product_cat","embeddable":true,"href":"https:\/\/lightup.lv\/ru\/wp-json\/wp\/v2\/product_cat?post=3127"},{"taxonomy":"product_tag","embeddable":true,"href":"https:\/\/lightup.lv\/ru\/wp-json\/wp\/v2\/product_tag?post=3127"}],"curies":[{"name":"WP","href":"https:\/\/api.w.org\/{rel}","templated":true}]}}