{"id":3132,"date":"2020-04-12T12:48:44","date_gmt":"2020-04-12T12:48:44","guid":{"rendered":"https:\/\/lightup.lv\/product\/olivet-bara-galds\/"},"modified":"2024-01-29T11:31:40","modified_gmt":"2024-01-29T11:31:40","slug":"olivet-bara-galds","status":"publish","type":"product","link":"https:\/\/lightup.lv\/ru\/precu-katalogs\/olivet-bara-galds\/","title":{"rendered":"\u0411\u0430\u0440\u043d\u044b\u0439 \u0441\u0442\u043e\u043b Olivet"},"content":{"rendered":"<p>Kr\u0101sa:\u00a0 balts mat\u0113ts<br \/>\nPlatums: 57 cm<br \/>\nAugstums : 106 cm<br \/>\nGarums: 176 cm<br \/>\nOlivet balts b\u0101ra galds<\/p>\n<p>ID 8139-5<\/p>","protected":false},"excerpt":{"rendered":"<p>Olivet ir s\u0113rija, kas rad\u012bta iedvesmojoties no se\u0161desmitajiem gadiem. Mat\u0113ts materi\u0101ls nokl\u0101ts balt\u0101 kr\u0101s\u0101 ar s\u012bkumiem t\u012bkkoka koksn\u0113 rada augstas kvalit\u0101tes komfortu, pateicoties izliekt\u0101m ieplak\u0101m un ap\u0161\u016btiem olef\u012bna spilveniem. Kolekcija sast\u0101v no 3 vai 2 s\u0113dek\u013cu d\u012bv\u0101nu, atzveltnes kr\u0113slu un kafijas galdi\u0146u tr\u012bs izm\u0113ros.<\/p>","protected":false},"featured_media":3133,"template":"","meta":{"_acf_changed":false},"product_brand":[],"product_cat":[57,50],"product_tag":[52],"class_list":{"0":"post-3132","1":"product","2":"type-product","3":"status-publish","4":"has-post-thumbnail","6":"product_cat-galdi-terases-mebeles","7":"product_cat-terases-mebeles","8":"product_tag-brafab","10":"first","11":"instock","12":"shipping-taxable","13":"purchasable","14":"product-type-simple"},"acf":[],"_links":{"self":[{"href":"https:\/\/lightup.lv\/ru\/wp-json\/wp\/v2\/product\/3132","targetHints":{"allow":["GET"]}}],"collection":[{"href":"https:\/\/lightup.lv\/ru\/wp-json\/wp\/v2\/product"}],"about":[{"href":"https:\/\/lightup.lv\/ru\/wp-json\/wp\/v2\/types\/product"}],"wp:featuredmedia":[{"embeddable":true,"href":"https:\/\/lightup.lv\/ru\/wp-json\/wp\/v2\/media\/3133"}],"wp:attachment":[{"href":"https:\/\/lightup.lv\/ru\/wp-json\/wp\/v2\/media?parent=3132"}],"wp:term":[{"taxonomy":"product_brand","embeddable":true,"href":"https:\/\/lightup.lv\/ru\/wp-json\/wp\/v2\/product_brand?post=3132"},{"taxonomy":"product_cat","embeddable":true,"href":"https:\/\/lightup.lv\/ru\/wp-json\/wp\/v2\/product_cat?post=3132"},{"taxonomy":"product_tag","embeddable":true,"href":"https:\/\/lightup.lv\/ru\/wp-json\/wp\/v2\/product_tag?post=3132"}],"curies":[{"name":"WP","href":"https:\/\/api.w.org\/{rel}","templated":true}]}}