{"id":31754,"date":"2019-11-28T10:29:14","date_gmt":"2019-11-28T08:29:14","guid":{"rendered":"https:\/\/lightup.lv\/precu-katalogs\/cloud-chair-vintage-grey\/"},"modified":"2025-09-11T16:03:03","modified_gmt":"2025-09-11T14:03:03","slug":"cloud-chair-vintage-grey","status":"publish","type":"product","link":"https:\/\/lightup.lv\/ru\/%d0%ba%d0%b0%d1%82%d0%b0%d0%bb%d0%be%d0%b3-%d0%bf%d1%80%d0%be%d0%b4%d1%83%d0%ba%d1%86%d0%b8%d0%b8\/cloud-chair-vintage-grey\/","title":{"rendered":"Cloud chair &#8211; vintage grey"},"content":{"rendered":"<p>Kr\u0113sla augstums \u2013 85cm<\/p>\n<p>Kr\u0113sla garums \u2013 50 cm<\/p>\n<p>\u0428\u0438\u0440\u0438\u043d\u0430 \u0441\u0438\u0434\u0435\u043d\u044c\u044f \u2013 56 \u0441\u043c.<\/p>\n<p>S\u0113des augstums \u2013 48 cm<\/p>\n<p>Pel\u0113ka \u0101das s\u0113\u017eam\u0101 da\u013ca ar meln\u0101m met\u0101la k\u0101j\u0101m<\/p>\n<p>ID 100800215<\/p>","protected":false},"excerpt":{"rendered":"<p>DAN-FORM ir D\u0101nij\u0101 projekt\u0113tas un ra\u017eotas augstas kvalit\u0101tes m\u0113beles. Sortiment\u0101 atrad\u012bsiet &#8211; Pusdienu kr\u0113slus, b\u0101ra kr\u0113slus, atp\u016btas kr\u0113slus, biroja kr\u0113slus un galdus. DAN- FORM pied\u0101v\u0101t\u0101s mebeles ir izstr\u0101d\u0101tas t\u0101, lai tas b\u016btu pieejam\u0101 cenu kategorij\u0101 un t\u0101s var\u0113tu at\u013cauties izmantot restor\u0101nos, viesn\u012bcas, birojos, un m\u0101jsaimniec\u012bbas. Ra\u017eot\u0101ja pied\u0101v\u0101jum\u0101 atrad\u012bsiet, \u0101das, m\u0101ksl\u012bg\u0101s \u0101das, auduma, met\u0101la un plastikas kr\u0113slus, k\u0101 ar\u012b koka galdus un \u017eurn\u0101la galdi\u0146us.<\/p>","protected":false},"featured_media":35774,"template":"","meta":{"_acf_changed":false},"product_brand":[],"product_cat":[28,38,213],"product_tag":[37],"class_list":{"0":"post-31754","1":"product","2":"type-product","3":"status-publish","4":"has-post-thumbnail","6":"product_cat-kresli","7":"product_cat-kresli-pie-galda","8":"product_cat-salona-pieejams","9":"product_tag-dan-form","11":"first","12":"instock","13":"shipping-taxable","14":"purchasable","15":"product-type-simple"},"acf":[],"_links":{"self":[{"href":"https:\/\/lightup.lv\/ru\/wp-json\/wp\/v2\/product\/31754","targetHints":{"allow":["GET"]}}],"collection":[{"href":"https:\/\/lightup.lv\/ru\/wp-json\/wp\/v2\/product"}],"about":[{"href":"https:\/\/lightup.lv\/ru\/wp-json\/wp\/v2\/types\/product"}],"wp:featuredmedia":[{"embeddable":true,"href":"https:\/\/lightup.lv\/ru\/wp-json\/wp\/v2\/media\/35774"}],"wp:attachment":[{"href":"https:\/\/lightup.lv\/ru\/wp-json\/wp\/v2\/media?parent=31754"}],"wp:term":[{"taxonomy":"product_brand","embeddable":true,"href":"https:\/\/lightup.lv\/ru\/wp-json\/wp\/v2\/product_brand?post=31754"},{"taxonomy":"product_cat","embeddable":true,"href":"https:\/\/lightup.lv\/ru\/wp-json\/wp\/v2\/product_cat?post=31754"},{"taxonomy":"product_tag","embeddable":true,"href":"https:\/\/lightup.lv\/ru\/wp-json\/wp\/v2\/product_tag?post=31754"}],"curies":[{"name":"wp","href":"https:\/\/api.w.org\/{rel}","templated":true}]}}