{"id":31802,"date":"2020-02-07T13:03:04","date_gmt":"2020-02-07T11:03:04","guid":{"rendered":"https:\/\/lightup.lv\/precu-katalogs\/rombo-pelekas-krasas-adas-kresls-ar-roku-balstiem\/"},"modified":"2024-04-02T13:57:47","modified_gmt":"2024-04-02T11:57:47","slug":"rombo-pelekas-krasas-adas-kresls-ar-roku-balstiem","status":"publish","type":"product","link":"https:\/\/lightup.lv\/ru\/%d0%ba%d0%b0%d1%82%d0%b0%d0%bb%d0%be%d0%b3-%d0%bf%d1%80%d0%be%d0%b4%d1%83%d0%ba%d1%86%d0%b8%d0%b8\/rombo-pelekas-krasas-adas-kresls-ar-roku-balstiem\/","title":{"rendered":"Rombo &#8211; pel\u0113kas kr\u0101sas \u0101das kr\u0113sls ar roku balstiem"},"content":{"rendered":"<p>\u0412\u044b\u0441\u043e\u0442\u0430 \u0441\u0442\u0443\u043b\u0430 \u2013 80 \u0441\u043c.<\/p>\n<p>\u0414\u043b\u0438\u043d\u0430 \u0441\u0442\u0443\u043b\u0430 \u2013 56 \u0441\u043c.<\/p>\n<p>S\u0113des platums \u2013 51 cm<\/p>\n<p>\u0412\u044b\u0441\u043e\u0442\u0430 \u0441\u0438\u0434\u0435\u043d\u044c\u044f \u2013 46 \u0441\u043c.<\/p>\n<p>ID 100690480<\/p>","protected":false},"excerpt":{"rendered":"<p>DAN-FORM ir D\u0101nij\u0101 projekt\u0113tas un ra\u017eotas augstas kvalit\u0101tes m\u0113beles. Sortiment\u0101 atrad\u012bsiet &#8211; Pusdienu kr\u0113slus, b\u0101ra kr\u0113slus, atp\u016btas kr\u0113slus, biroja kr\u0113slus un galdus. DAN- FORM pied\u0101v\u0101t\u0101s mebeles ir izstr\u0101d\u0101tas t\u0101, lai tas b\u016btu pieejam\u0101 cenu kategorij\u0101 un t\u0101s var\u0113tu at\u013cauties izmantot restor\u0101nos, viesn\u012bcas, birojos, un m\u0101jsaimniec\u012bbas. Ra\u017eot\u0101ja pied\u0101v\u0101jum\u0101 atrad\u012bsiet, \u0101das, m\u0101ksl\u012bg\u0101s \u0101das, auduma, met\u0101la un plastikas kr\u0113slus, k\u0101 ar\u012b koka galdus un \u017eurn\u0101la galdi\u0146us.<\/p>","protected":false},"featured_media":1670,"template":"","meta":{"_acf_changed":false},"product_brand":[],"product_cat":[28,38],"product_tag":[37],"class_list":{"0":"post-31802","1":"product","2":"type-product","3":"status-publish","4":"has-post-thumbnail","6":"product_cat-kresli","7":"product_cat-kresli-pie-galda","8":"product_tag-dan-form","10":"first","11":"instock","12":"shipping-taxable","13":"purchasable","14":"product-type-simple"},"acf":[],"_links":{"self":[{"href":"https:\/\/lightup.lv\/ru\/wp-json\/wp\/v2\/product\/31802","targetHints":{"allow":["GET"]}}],"collection":[{"href":"https:\/\/lightup.lv\/ru\/wp-json\/wp\/v2\/product"}],"about":[{"href":"https:\/\/lightup.lv\/ru\/wp-json\/wp\/v2\/types\/product"}],"wp:featuredmedia":[{"embeddable":true,"href":"https:\/\/lightup.lv\/ru\/wp-json\/wp\/v2\/media\/1670"}],"wp:attachment":[{"href":"https:\/\/lightup.lv\/ru\/wp-json\/wp\/v2\/media?parent=31802"}],"wp:term":[{"taxonomy":"product_brand","embeddable":true,"href":"https:\/\/lightup.lv\/ru\/wp-json\/wp\/v2\/product_brand?post=31802"},{"taxonomy":"product_cat","embeddable":true,"href":"https:\/\/lightup.lv\/ru\/wp-json\/wp\/v2\/product_cat?post=31802"},{"taxonomy":"product_tag","embeddable":true,"href":"https:\/\/lightup.lv\/ru\/wp-json\/wp\/v2\/product_tag?post=31802"}],"curies":[{"name":"wp","href":"https:\/\/api.w.org\/{rel}","templated":true}]}}