{"id":31803,"date":"2020-02-10T09:26:54","date_gmt":"2020-02-10T07:26:54","guid":{"rendered":"https:\/\/lightup.lv\/precu-katalogs\/cloud-melnas-adas-bara-kresls\/"},"modified":"2025-05-17T13:18:59","modified_gmt":"2025-05-17T11:18:59","slug":"cloud-melnas-adas-bara-kresls","status":"publish","type":"product","link":"https:\/\/lightup.lv\/ru\/precu-katalogs\/cloud-melnas-adas-bara-kresls\/","title":{"rendered":"Cloud &#8211; melnas \u0101das b\u0101ra kr\u0113sls"},"content":{"rendered":"<p><strong>B\u0101ra kr\u0113sls:<\/strong><\/p>\n<p>Kr\u0113sla augstums \u2013 110 cm<\/p>\n<p>Kr\u0113sla garums \u2013 48 cm<\/p>\n<p>\u0428\u0438\u0440\u0438\u043d\u0430 \u0441\u0438\u0434\u0435\u043d\u044c\u044f \u2013 54 \u0441\u043c.<\/p>\n<p>S\u0113des augstums \u2013 77 cm<\/p>\n<p><strong>Pusb\u0101ra kr\u0113sls<\/strong><\/p>\n<p>Kr\u0113sla augstums \u2013 100 cm<\/p>\n<p>Kr\u0113sla garums \u2013 48 cm<\/p>\n<p>\u0428\u0438\u0440\u0438\u043d\u0430 \u0441\u0438\u0434\u0435\u043d\u044c\u044f \u2013 54 \u0441\u043c.<\/p>\n<p>S\u0113des augstums \u2013 67 cm<\/p>\n<p>ID 200800200<\/p>","protected":false},"excerpt":{"rendered":"<p>DAN-FORM \u2014 \u044d\u0442\u043e \u0434\u0430\u0442\u0441\u043a\u0438\u0439 \u0431\u0440\u0435\u043d\u0434 \u0432\u044b\u0441\u043e\u043a\u043e\u043a\u0430\u0447\u0435\u0441\u0442\u0432\u0435\u043d\u043d\u043e\u0439 \u043c\u0435\u0431\u0435\u043b\u0438, \u0440\u0430\u0437\u0440\u0430\u0431\u043e\u0442\u0430\u043d\u043d\u043e\u0439 \u0438 \u043f\u0440\u043e\u0438\u0437\u0432\u0435\u0434\u0435\u043d\u043d\u043e\u0439 \u043f\u043e \u0438\u043d\u0434\u0438\u0432\u0438\u0434\u0443\u0430\u043b\u044c\u043d\u043e\u043c\u0443 \u0437\u0430\u043a\u0430\u0437\u0443. \u0410\u0441\u0441\u043e\u0440\u0442\u0438\u043c\u0435\u043d\u0442 \u0432\u043a\u043b\u044e\u0447\u0430\u0435\u0442 \u043e\u0431\u0435\u0434\u0435\u043d\u043d\u044b\u0435 \u0441\u0442\u0443\u043b\u044c\u044f, \u0431\u0430\u0440\u043d\u044b\u0435 \u0441\u0442\u0443\u043b\u044c\u044f, \u043a\u0440\u0435\u0441\u043b\u0430 \u0434\u043b\u044f \u043e\u0442\u0434\u044b\u0445\u0430, \u043e\u0444\u0438\u0441\u043d\u044b\u0435 \u043a\u0440\u0435\u0441\u043b\u0430 \u0438 \u0441\u0442\u043e\u043b\u044b. \u041c\u0435\u0431\u0435\u043b\u044c \u043e\u0442 DAN-FORM \u043e\u0442\u043b\u0438\u0447\u0430\u0435\u0442\u0441\u044f \u0434\u043e\u0441\u0442\u0443\u043f\u043d\u043e\u0439 \u0446\u0435\u043d\u043e\u0439 \u0438 \u043c\u043e\u0436\u0435\u0442 \u0438\u0441\u043f\u043e\u043b\u044c\u0437\u043e\u0432\u0430\u0442\u044c\u0441\u044f \u0432 \u0440\u0435\u0441\u0442\u043e\u0440\u0430\u043d\u0430\u0445, \u043e\u0442\u0435\u043b\u044f\u0445, \u043e\u0444\u0438\u0441\u0430\u0445 \u0438 \u0434\u043e\u043c\u0430\u0445. \u0412 \u0430\u0441\u0441\u043e\u0440\u0442\u0438\u043c\u0435\u043d\u0442 \u043f\u0440\u043e\u0438\u0437\u0432\u043e\u0434\u0438\u0442\u0435\u043b\u044f \u0432\u0445\u043e\u0434\u044f\u0442 \u0441\u0442\u0443\u043b\u044c\u044f \u0438\u0437 \u043a\u043e\u0436\u0438, \u0438\u0441\u043a\u0443\u0441\u0441\u0442\u0432\u0435\u043d\u043d\u043e\u0439 \u043a\u043e\u0436\u0438, \u0442\u043a\u0430\u043d\u0438, \u043c\u0435\u0442\u0430\u043b\u043b\u0430 \u0438 \u043f\u043b\u0430\u0441\u0442\u0438\u043a\u0430, \u0430 \u0442\u0430\u043a\u0436\u0435 \u0434\u0435\u0440\u0435\u0432\u044f\u043d\u043d\u044b\u0435 \u0441\u0442\u043e\u043b\u044b \u0438 \u0436\u0443\u0440\u043d\u0430\u043b\u044c\u043d\u044b\u0435 \u0441\u0442\u043e\u043b\u0438\u043a\u0438.<\/p>","protected":false},"featured_media":35769,"template":"","meta":{"_acf_changed":false},"product_brand":[],"product_cat":[29,28],"product_tag":[37],"class_list":{"0":"post-31803","1":"product","2":"type-product","3":"status-publish","4":"has-post-thumbnail","6":"product_cat-bara-kresli","7":"product_cat-kresli","8":"product_tag-dan-form","10":"first","11":"instock","12":"shipping-taxable","13":"purchasable","14":"product-type-simple"},"acf":[],"_links":{"self":[{"href":"https:\/\/lightup.lv\/ru\/wp-json\/wp\/v2\/product\/31803","targetHints":{"allow":["GET"]}}],"collection":[{"href":"https:\/\/lightup.lv\/ru\/wp-json\/wp\/v2\/product"}],"about":[{"href":"https:\/\/lightup.lv\/ru\/wp-json\/wp\/v2\/types\/product"}],"wp:featuredmedia":[{"embeddable":true,"href":"https:\/\/lightup.lv\/ru\/wp-json\/wp\/v2\/media\/35769"}],"wp:attachment":[{"href":"https:\/\/lightup.lv\/ru\/wp-json\/wp\/v2\/media?parent=31803"}],"wp:term":[{"taxonomy":"product_brand","embeddable":true,"href":"https:\/\/lightup.lv\/ru\/wp-json\/wp\/v2\/product_brand?post=31803"},{"taxonomy":"product_cat","embeddable":true,"href":"https:\/\/lightup.lv\/ru\/wp-json\/wp\/v2\/product_cat?post=31803"},{"taxonomy":"product_tag","embeddable":true,"href":"https:\/\/lightup.lv\/ru\/wp-json\/wp\/v2\/product_tag?post=31803"}],"curies":[{"name":"WP","href":"https:\/\/api.w.org\/{rel}","templated":true}]}}