{"id":31809,"date":"2020-02-11T13:58:33","date_gmt":"2020-02-11T11:58:33","guid":{"rendered":"https:\/\/lightup.lv\/precu-katalogs\/hype-melns-adas-bara-kresls\/"},"modified":"2024-04-02T10:32:17","modified_gmt":"2024-04-02T08:32:17","slug":"hype-melns-adas-bara-kresls","status":"publish","type":"product","link":"https:\/\/lightup.lv\/ru\/%d0%ba%d0%b0%d1%82%d0%b0%d0%bb%d0%be%d0%b3-%d0%bf%d1%80%d0%be%d0%b4%d1%83%d0%ba%d1%86%d0%b8%d0%b8\/hype-melns-adas-bara-kresls\/","title":{"rendered":"Hype &#8211; Melns \u0101das b\u0101ra kr\u0113sls"},"content":{"rendered":"<p>B\u0101ra kr\u0113sls:<\/p>\n<p>Kr\u0113sla augstums \u2013 101 cm<\/p>\n<p>Kr\u0113sla garums \u2013 49 cm<\/p>\n<p>S\u0113des platums \u2013 53 cm<\/p>\n<p>\u0412\u044b\u0441\u043e\u0442\u0430 \u0441\u0438\u0434\u0435\u043d\u044c\u044f \u2013 75 \u0441\u043c.<\/p>\n<p>Pusb\u0101ra kr\u0113sls:<\/p>\n<p>Kr\u0113sla augstums \u2013 91 cm<\/p>\n<p>Kr\u0113sla garums \u2013 49 cm<\/p>\n<p>\u0428\u0438\u0440\u0438\u043d\u0430 \u0441\u0438\u0434\u0435\u043d\u044c\u044f \u2013 52 \u0441\u043c.<\/p>\n<p>\u0412\u044b\u0441\u043e\u0442\u0430 \u0441\u0438\u0434\u0435\u043d\u044c\u044f \u2013 65 \u0441\u043c.<\/p>\n<p> ID 200700760<\/p>","protected":false},"excerpt":{"rendered":"<p>DAN-FORM ir D\u0101nij\u0101 projekt\u0113tas un ra\u017eotas augstas kvalit\u0101tes m\u0113beles. Sortiment\u0101 atrad\u012bsiet &#8211; Pusdienu kr\u0113slus, b\u0101ra kr\u0113slus, atp\u016btas kr\u0113slus, biroja kr\u0113slus un galdus. DAN- FORM pied\u0101v\u0101t\u0101s mebeles ir izstr\u0101d\u0101tas t\u0101, lai tas b\u016btu pieejam\u0101 cenu kategorij\u0101 un t\u0101s var\u0113tu at\u013cauties izmantot restor\u0101nos, viesn\u012bcas, birojos, un m\u0101jsaimniec\u012bbas. Ra\u017eot\u0101ja pied\u0101v\u0101jum\u0101 atrad\u012bsiet, \u0101das, m\u0101ksl\u012bg\u0101s \u0101das, auduma, met\u0101la un plastikas kr\u0113slus, k\u0101 ar\u012b koka galdus un \u017eurn\u0101la galdi\u0146us.<\/p>","protected":false},"featured_media":1761,"template":"","meta":{"_acf_changed":false},"product_brand":[],"product_cat":[29,28],"product_tag":[37],"class_list":{"0":"post-31809","1":"product","2":"type-product","3":"status-publish","4":"has-post-thumbnail","6":"product_cat-bara-kresli","7":"product_cat-kresli","8":"product_tag-dan-form","10":"first","11":"instock","12":"sale","13":"shipping-taxable","14":"purchasable","15":"product-type-simple"},"acf":[],"_links":{"self":[{"href":"https:\/\/lightup.lv\/ru\/wp-json\/wp\/v2\/product\/31809","targetHints":{"allow":["GET"]}}],"collection":[{"href":"https:\/\/lightup.lv\/ru\/wp-json\/wp\/v2\/product"}],"about":[{"href":"https:\/\/lightup.lv\/ru\/wp-json\/wp\/v2\/types\/product"}],"wp:featuredmedia":[{"embeddable":true,"href":"https:\/\/lightup.lv\/ru\/wp-json\/wp\/v2\/media\/1761"}],"wp:attachment":[{"href":"https:\/\/lightup.lv\/ru\/wp-json\/wp\/v2\/media?parent=31809"}],"wp:term":[{"taxonomy":"product_brand","embeddable":true,"href":"https:\/\/lightup.lv\/ru\/wp-json\/wp\/v2\/product_brand?post=31809"},{"taxonomy":"product_cat","embeddable":true,"href":"https:\/\/lightup.lv\/ru\/wp-json\/wp\/v2\/product_cat?post=31809"},{"taxonomy":"product_tag","embeddable":true,"href":"https:\/\/lightup.lv\/ru\/wp-json\/wp\/v2\/product_tag?post=31809"}],"curies":[{"name":"wp","href":"https:\/\/api.w.org\/{rel}","templated":true}]}}