{"id":31824,"date":"2021-02-17T13:33:40","date_gmt":"2021-02-17T11:33:40","guid":{"rendered":"https:\/\/lightup.lv\/precu-katalogs\/boto-tumsi-bruns-m-ada\/"},"modified":"2025-05-17T12:58:47","modified_gmt":"2025-05-17T10:58:47","slug":"boto-tumsi-bruns-m-ada","status":"publish","type":"product","link":"https:\/\/lightup.lv\/ru\/%d0%ba%d0%b0%d1%82%d0%b0%d0%bb%d0%be%d0%b3-%d0%bf%d1%80%d0%be%d0%b4%d1%83%d0%ba%d1%86%d0%b8%d0%b8\/boto-tumsi-bruns-m-ada\/","title":{"rendered":"BOTO &#8211; tum\u0161i br\u016bns M. \u0101da"},"content":{"rendered":"<p>\u0412\u044b\u0441\u043e\u0442\u0430 \u0441\u0442\u0443\u043b\u0430 \u2013 80 \u0441\u043c.<\/p>\n<p>\u0414\u043b\u0438\u043d\u0430 \u0441\u0442\u0443\u043b\u0430 \u2013 54 \u0441\u043c.<\/p>\n<p>S\u0113des platums \u2013 66 cm<\/p>\n<p>\u0412\u044b\u0441\u043e\u0442\u0430 \u0441\u0438\u0434\u0435\u043d\u044c\u044f \u2013 47 \u0441\u043c.<\/p>\n<p>Tum\u0161i br\u016bnas m\u0101ksl\u012bg\u0101s \u0101das s\u0113\u017eam\u0101 da\u013ca ar meln\u0101m met\u0101la k\u0101j\u0101m.<\/p>\n<p>ID 100310304<\/p>","protected":false},"excerpt":{"rendered":"<p>BOTO kr\u0113sls ir By Georgsen klasisk\u0101 dizaina. Pl\u0101nas met\u0101la k\u0101jas, kas turpin\u0101s roku balstos, ietin\u0101s ap kr\u0113sla atzveltni, s\u0113\u017eamajai da\u013cai ir m\u012bksta polster\u0113ta atzveltne un s\u0113deklis. M\u0101ksl\u012bg\u0101s \u0101da, kas apt\u012bta ap roku balstiem ir dekorat\u012bva deta\u013ca, kas pace\u013c dizainu uz n\u0101kamo l\u012bmeni. BOTO kolekcija sast\u0101v no kr\u0113sliem, b\u0101ra un letes kr\u0113sliem un atp\u016btas kr\u0113sliem.<\/p>","protected":false},"featured_media":7584,"template":"","meta":{"_acf_changed":false},"product_brand":[],"product_cat":[28],"product_tag":[37],"class_list":{"0":"post-31824","1":"product","2":"type-product","3":"status-publish","4":"has-post-thumbnail","6":"product_cat-kresli","7":"product_tag-dan-form","9":"first","10":"instock","11":"shipping-taxable","12":"purchasable","13":"product-type-simple"},"acf":[],"_links":{"self":[{"href":"https:\/\/lightup.lv\/ru\/wp-json\/wp\/v2\/product\/31824","targetHints":{"allow":["GET"]}}],"collection":[{"href":"https:\/\/lightup.lv\/ru\/wp-json\/wp\/v2\/product"}],"about":[{"href":"https:\/\/lightup.lv\/ru\/wp-json\/wp\/v2\/types\/product"}],"wp:featuredmedia":[{"embeddable":true,"href":"https:\/\/lightup.lv\/ru\/wp-json\/wp\/v2\/media\/7584"}],"wp:attachment":[{"href":"https:\/\/lightup.lv\/ru\/wp-json\/wp\/v2\/media?parent=31824"}],"wp:term":[{"taxonomy":"product_brand","embeddable":true,"href":"https:\/\/lightup.lv\/ru\/wp-json\/wp\/v2\/product_brand?post=31824"},{"taxonomy":"product_cat","embeddable":true,"href":"https:\/\/lightup.lv\/ru\/wp-json\/wp\/v2\/product_cat?post=31824"},{"taxonomy":"product_tag","embeddable":true,"href":"https:\/\/lightup.lv\/ru\/wp-json\/wp\/v2\/product_tag?post=31824"}],"curies":[{"name":"wp","href":"https:\/\/api.w.org\/{rel}","templated":true}]}}