{"id":31840,"date":"2021-02-18T18:19:36","date_gmt":"2021-02-18T16:19:36","guid":{"rendered":"https:\/\/lightup.lv\/precu-katalogs\/medusa-melna-m-ada\/"},"modified":"2024-04-02T13:52:32","modified_gmt":"2024-04-02T11:52:32","slug":"medusa-melna-m-ada","status":"publish","type":"product","link":"https:\/\/lightup.lv\/ru\/%d0%ba%d0%b0%d1%82%d0%b0%d0%bb%d0%be%d0%b3-%d0%bf%d1%80%d0%be%d0%b4%d1%83%d0%ba%d1%86%d0%b8%d0%b8\/medusa-melna-m-ada\/","title":{"rendered":"MEDUSA melna M. \u0101da"},"content":{"rendered":"<p>\u0412\u044b\u0441\u043e\u0442\u0430 \u0441\u0442\u0443\u043b\u0430 \u2013 86 \u0441\u043c.<\/p>\n<p>\u0414\u043b\u0438\u043d\u0430 \u0441\u0442\u0443\u043b\u0430 \u2013 49,5 \u0441\u043c.<\/p>\n<p>\u0428\u0438\u0440\u0438\u043d\u0430 \u0441\u0438\u0434\u0435\u043d\u044c\u044f \u2013 58,5 \u0441\u043c.<\/p>\n<p>\u0412\u044b\u0441\u043e\u0442\u0430 \u0441\u0438\u0434\u0435\u043d\u044c\u044f \u2013 45 \u0441\u043c.<\/p>\n<p>Meln\u0101 kr\u0101s\u0101 m\u0101ksl\u012bg\u0101s \u0101das s\u0113\u017eam\u0101 da\u013ca ar met\u0101la meln\u0101 kr\u0101s\u0101 k\u0101j\u0101m.<\/p>\n<p>ID 100600920<\/p>","protected":false},"excerpt":{"rendered":"<p>\u041a\u0440\u0435\u0441\u043b\u043e MEDUSA \u0441\u043e\u0431\u043b\u0430\u0437\u043d\u044f\u0435\u0442 \u0441\u0432\u043e\u0435\u0439 \u043a\u043e\u043c\u043f\u0430\u043a\u0442\u043d\u043e\u0439 \u0444\u043e\u0440\u043c\u043e\u0439 \u0432 \u0432\u0438\u0434\u0435 \u043f\u0435\u0441\u043e\u0447\u043d\u044b\u0445 \u0447\u0430\u0441\u043e\u0432 \u0438 \u043b\u0430\u043a\u043e\u043d\u0438\u0447\u043d\u044b\u043c \u0434\u0438\u0437\u0430\u0439\u043d\u043e\u043c. \u0421\u0438\u0434\u0435\u043d\u044c\u0435 \u0443\u043a\u0440\u0430\u0448\u0435\u043d\u043e \u0441\u0442\u0440\u043e\u0447\u043a\u043e\u0439 \u0432 \u0431\u0435\u0439\u0441\u0431\u043e\u043b\u044c\u043d\u043e\u043c \u0441\u0442\u0438\u043b\u0435, \u0430 \u043e\u0431\u0438\u0432\u043a\u0430 \u0438\u0437 \u0432\u044b\u0441\u043e\u043a\u043e\u043a\u0430\u0447\u0435\u0441\u0442\u0432\u0435\u043d\u043d\u043e\u0439 \u0438\u0441\u043a\u0443\u0441\u0441\u0442\u0432\u0435\u043d\u043d\u043e\u0439 \u043a\u043e\u0436\u0438 \u043f\u0440\u0438\u0434\u0430\u0451\u0442 \u0435\u043c\u0443 \u0441\u043e\u0432\u0440\u0435\u043c\u0435\u043d\u043d\u044b\u0439 \u0432\u0438\u0434. \u0421\u0438\u0434\u0435\u043d\u044c\u0435 \u043e\u0431\u0435\u0441\u043f\u0435\u0447\u0438\u0432\u0430\u0435\u0442 \u043c\u0430\u043a\u0441\u0438\u043c\u0430\u043b\u044c\u043d\u044b\u0439 \u043a\u043e\u043c\u0444\u043e\u0440\u0442, \u0430 \u043a\u043e\u043d\u0438\u0447\u0435\u0441\u043a\u0438\u0435 \u043d\u043e\u0436\u043a\u0438 \u0437\u0430\u0432\u0435\u0440\u0448\u0430\u044e\u0442 \u043e\u0431\u0440\u0430\u0437 \u043b\u0451\u0433\u043a\u043e\u0433\u043e \u0438 \u044d\u043b\u0435\u0433\u0430\u043d\u0442\u043d\u043e\u0433\u043e \u043a\u0440\u0435\u0441\u043b\u0430. MEDUSA \u0434\u043e\u0441\u0442\u0443\u043f\u043d\u0430 \u0442\u043e\u043b\u044c\u043a\u043e \u0432 \u0432\u0438\u0434\u0435 \u043a\u0440\u0435\u0441\u043b\u0430.<\/p>","protected":false},"featured_media":7760,"template":"","meta":{"_acf_changed":false},"product_brand":[],"product_cat":[28,38],"product_tag":[37],"class_list":{"0":"post-31840","1":"product","2":"type-product","3":"status-publish","4":"has-post-thumbnail","6":"product_cat-kresli","7":"product_cat-kresli-pie-galda","8":"product_tag-dan-form","10":"first","11":"instock","12":"sale","13":"shipping-taxable","14":"purchasable","15":"product-type-simple"},"acf":[],"_links":{"self":[{"href":"https:\/\/lightup.lv\/ru\/wp-json\/wp\/v2\/product\/31840","targetHints":{"allow":["GET"]}}],"collection":[{"href":"https:\/\/lightup.lv\/ru\/wp-json\/wp\/v2\/product"}],"about":[{"href":"https:\/\/lightup.lv\/ru\/wp-json\/wp\/v2\/types\/product"}],"wp:featuredmedia":[{"embeddable":true,"href":"https:\/\/lightup.lv\/ru\/wp-json\/wp\/v2\/media\/7760"}],"wp:attachment":[{"href":"https:\/\/lightup.lv\/ru\/wp-json\/wp\/v2\/media?parent=31840"}],"wp:term":[{"taxonomy":"product_brand","embeddable":true,"href":"https:\/\/lightup.lv\/ru\/wp-json\/wp\/v2\/product_brand?post=31840"},{"taxonomy":"product_cat","embeddable":true,"href":"https:\/\/lightup.lv\/ru\/wp-json\/wp\/v2\/product_cat?post=31840"},{"taxonomy":"product_tag","embeddable":true,"href":"https:\/\/lightup.lv\/ru\/wp-json\/wp\/v2\/product_tag?post=31840"}],"curies":[{"name":"wp","href":"https:\/\/api.w.org\/{rel}","templated":true}]}}