{"id":31850,"date":"2021-02-19T13:45:03","date_gmt":"2021-02-19T11:45:03","guid":{"rendered":"https:\/\/lightup.lv\/precu-katalogs\/sway-melns-m-ada\/"},"modified":"2024-04-02T13:58:00","modified_gmt":"2024-04-02T11:58:00","slug":"sway-melns-m-ada","status":"publish","type":"product","link":"https:\/\/lightup.lv\/ru\/%d0%ba%d0%b0%d1%82%d0%b0%d0%bb%d0%be%d0%b3-%d0%bf%d1%80%d0%be%d0%b4%d1%83%d0%ba%d1%86%d0%b8%d0%b8\/sway-melns-m-ada\/","title":{"rendered":"SWAY melns M. \u0101da"},"content":{"rendered":"<p>\u0412\u044b\u0441\u043e\u0442\u0430 \u0441\u0442\u0443\u043b\u0430 \u2013 80 \u0441\u043c.<\/p>\n<p>Kr\u0113sla garums \u2013 51 cm<\/p>\n<p>\u0428\u0438\u0440\u0438\u043d\u0430 \u0441\u0438\u0434\u0435\u043d\u044c\u044f \u2013 61 \u0441\u043c.<\/p>\n<p>\u0412\u044b\u0441\u043e\u0442\u0430 \u0441\u0438\u0434\u0435\u043d\u044c\u044f \u2013 46 \u0441\u043c.<\/p>\n<p>Meln\u0101 kr\u0101s\u0101 m\u0101ksl\u012bg\u0101s \u0101das s\u0113\u017eam\u0101 da\u013ca ar melnas kr\u0101sas met\u0101la k\u0101j\u0101m.<\/p>\n<p>ID 100750110<\/p>","protected":false},"excerpt":{"rendered":"<p>SWAY ir m\u016bsdien\u012bgs un gluds, kr\u0113slam ir polster\u0113ts saspiests koka s\u0113deklis, kas nodro\u0161ina lielisku s\u0113d\u0113\u0161anas komfortu. S\u0113dek\u013ca iek\u0161pus\u0113 ir dekorat\u012bvas \u0161uves, un ap aizmuguri ir izveidots melns r\u0101mis, kas sniedz skaistus \u0113nu efektus un kontrast\u0113 polster\u0113jumu. SWAY elegant\u0101s konisk\u0101s k\u0101jas papildina dizainu ar graciozu piesk\u0101rienu. SWAY ir pieejams tikai k\u0101 kr\u0113sls.<\/p>","protected":false},"featured_media":7878,"template":"","meta":{"_acf_changed":false},"product_brand":[],"product_cat":[28,38],"product_tag":[37],"class_list":{"0":"post-31850","1":"product","2":"type-product","3":"status-publish","4":"has-post-thumbnail","6":"product_cat-kresli","7":"product_cat-kresli-pie-galda","8":"product_tag-dan-form","10":"first","11":"instock","12":"sale","13":"shipping-taxable","14":"purchasable","15":"product-type-simple"},"acf":[],"_links":{"self":[{"href":"https:\/\/lightup.lv\/ru\/wp-json\/wp\/v2\/product\/31850","targetHints":{"allow":["GET"]}}],"collection":[{"href":"https:\/\/lightup.lv\/ru\/wp-json\/wp\/v2\/product"}],"about":[{"href":"https:\/\/lightup.lv\/ru\/wp-json\/wp\/v2\/types\/product"}],"wp:featuredmedia":[{"embeddable":true,"href":"https:\/\/lightup.lv\/ru\/wp-json\/wp\/v2\/media\/7878"}],"wp:attachment":[{"href":"https:\/\/lightup.lv\/ru\/wp-json\/wp\/v2\/media?parent=31850"}],"wp:term":[{"taxonomy":"product_brand","embeddable":true,"href":"https:\/\/lightup.lv\/ru\/wp-json\/wp\/v2\/product_brand?post=31850"},{"taxonomy":"product_cat","embeddable":true,"href":"https:\/\/lightup.lv\/ru\/wp-json\/wp\/v2\/product_cat?post=31850"},{"taxonomy":"product_tag","embeddable":true,"href":"https:\/\/lightup.lv\/ru\/wp-json\/wp\/v2\/product_tag?post=31850"}],"curies":[{"name":"wp","href":"https:\/\/api.w.org\/{rel}","templated":true}]}}