{"id":31853,"date":"2021-02-19T14:14:45","date_gmt":"2021-02-19T12:14:45","guid":{"rendered":"https:\/\/lightup.lv\/precu-katalogs\/swing-peleks-m-ada\/"},"modified":"2024-04-02T13:58:13","modified_gmt":"2024-04-02T11:58:13","slug":"swing-peleks-m-ada","status":"publish","type":"product","link":"https:\/\/lightup.lv\/ru\/%d0%ba%d0%b0%d1%82%d0%b0%d0%bb%d0%be%d0%b3-%d0%bf%d1%80%d0%be%d0%b4%d1%83%d0%ba%d1%86%d0%b8%d0%b8\/swing-peleks-m-ada\/","title":{"rendered":"SWING pel\u0113ks M. \u0101da"},"content":{"rendered":"<p>Kr\u0113sla augstums \u2013 84 cm<\/p>\n<p>Kr\u0113sla garums \u2013 46,5 cm<\/p>\n<p>\u0428\u0438\u0440\u0438\u043d\u0430 \u0441\u0438\u0434\u0435\u043d\u044c\u044f \u2013 61 \u0441\u043c.<\/p>\n<p>\u0412\u044b\u0441\u043e\u0442\u0430 \u0441\u0438\u0434\u0435\u043d\u044c\u044f \u2013 46,5 \u0441\u043c.<\/p>\n<p>Pel\u0113k\u0101 kr\u0101s\u0101 m\u0101ksl\u012bg\u0101s \u0101das s\u0113\u017eam\u0101 da\u013ca ar melnas kr\u0101sas met\u0101la k\u0101j\u0101m.<\/p>\n<p>ID 100800330<\/p>","protected":false},"excerpt":{"rendered":"<p>SWING kr\u0113sls ir minim\u0101listisks kr\u0113sls, tom\u0113r joproj\u0101m pie\u0161\u0137ir telpai m\u016bsdien\u012bgu izj\u016btu. Katrai muguras pusei ir rakstur\u012bga &#8220;iesai\u0146o\u0161ana&#8221; mazos \u201csp\u0101rnos\u201d, un meln\u0101s met\u0101la k\u0101jas atbalsta gai\u0161u, modernu izskatu. SWING kolekcija sast\u0101v no kr\u0113sliem, b\u0101ra kr\u0113sliem un letes kr\u0113sliem.<\/p>","protected":false},"featured_media":7915,"template":"","meta":{"_acf_changed":false},"product_brand":[],"product_cat":[28,38],"product_tag":[37],"class_list":{"0":"post-31853","1":"product","2":"type-product","3":"status-publish","4":"has-post-thumbnail","6":"product_cat-kresli","7":"product_cat-kresli-pie-galda","8":"product_tag-dan-form","10":"first","11":"instock","12":"shipping-taxable","13":"purchasable","14":"product-type-simple"},"acf":[],"_links":{"self":[{"href":"https:\/\/lightup.lv\/ru\/wp-json\/wp\/v2\/product\/31853","targetHints":{"allow":["GET"]}}],"collection":[{"href":"https:\/\/lightup.lv\/ru\/wp-json\/wp\/v2\/product"}],"about":[{"href":"https:\/\/lightup.lv\/ru\/wp-json\/wp\/v2\/types\/product"}],"wp:featuredmedia":[{"embeddable":true,"href":"https:\/\/lightup.lv\/ru\/wp-json\/wp\/v2\/media\/7915"}],"wp:attachment":[{"href":"https:\/\/lightup.lv\/ru\/wp-json\/wp\/v2\/media?parent=31853"}],"wp:term":[{"taxonomy":"product_brand","embeddable":true,"href":"https:\/\/lightup.lv\/ru\/wp-json\/wp\/v2\/product_brand?post=31853"},{"taxonomy":"product_cat","embeddable":true,"href":"https:\/\/lightup.lv\/ru\/wp-json\/wp\/v2\/product_cat?post=31853"},{"taxonomy":"product_tag","embeddable":true,"href":"https:\/\/lightup.lv\/ru\/wp-json\/wp\/v2\/product_tag?post=31853"}],"curies":[{"name":"wp","href":"https:\/\/api.w.org\/{rel}","templated":true}]}}