{"id":31856,"date":"2021-02-20T07:28:38","date_gmt":"2021-02-20T05:28:38","guid":{"rendered":"https:\/\/lightup.lv\/precu-katalogs\/vetro-zals-samta\/"},"modified":"2024-04-02T13:23:04","modified_gmt":"2024-04-02T11:23:04","slug":"vetro-zals-samta","status":"publish","type":"product","link":"https:\/\/lightup.lv\/ru\/%d0%ba%d0%b0%d1%82%d0%b0%d0%bb%d0%be%d0%b3-%d0%bf%d1%80%d0%be%d0%b4%d1%83%d0%ba%d1%86%d0%b8%d0%b8\/vetro-zals-samta\/","title":{"rendered":"VETRO za\u013c\u0161 samta"},"content":{"rendered":"<p>\u0412\u044b\u0441\u043e\u0442\u0430 \u0441\u0442\u0443\u043b\u0430 \u2013 80 \u0441\u043c.<\/p>\n<p>\u0414\u043b\u0438\u043d\u0430 \u0441\u0442\u0443\u043b\u0430 \u2013 54 \u0441\u043c.<\/p>\n<p>\u0428\u0438\u0440\u0438\u043d\u0430 \u0441\u0438\u0434\u0435\u043d\u044c\u044f \u2013 61 \u0441\u043c.<\/p>\n<p>\u0412\u044b\u0441\u043e\u0442\u0430 \u0441\u0438\u0434\u0435\u043d\u044c\u044f \u2013 47 \u0441\u043c.<\/p>\n<p>Za\u013c\u0101 kr\u0101s\u0101 samta s\u0113\u017eam\u0101 da\u013ca ar koka k\u0101j\u0101m.<\/p>\n<p>ID 100250545<\/p>","protected":false},"excerpt":{"rendered":"<p>\u041a\u0440\u0435\u0441\u043b\u043e VETRO \u2013 \u044d\u0442\u043e \u043f\u043e\u0438\u0441\u0442\u0438\u043d\u0435 \u043a\u043e\u0440\u043e\u043b\u0435\u0432\u0441\u043a\u0438\u0439 \u0441\u0442\u0443\u043b, \u0434\u0430\u0440\u044f\u0449\u0438\u0439 \u043e\u0449\u0443\u0449\u0435\u043d\u0438\u0435 \u043a\u043e\u043c\u0444\u043e\u0440\u0442\u0430. \u0423\u0434\u043e\u0431\u043d\u043e\u0435 \u0441\u0438\u0434\u0435\u043d\u044c\u0435 \u0438 \u0441\u043f\u0438\u043d\u043a\u0430 \u043e\u0431\u0432\u043e\u043b\u0430\u043a\u0438\u0432\u0430\u044e\u0442 \u0441\u0438\u0434\u044f\u0449\u0435\u0433\u043e, \u0430 \u0442\u043a\u0430\u043d\u044c \u043f\u0440\u0438\u0434\u0430\u0435\u0442 \u0435\u043c\u0443 \u0438\u0437\u044b\u0441\u043a\u0430\u043d\u043d\u044b\u0439 \u0432\u0438\u0434. \u041d\u043e\u0436\u043a\u0438 \u0438\u0437 \u043c\u0430\u0441\u0441\u0438\u0432\u0430 \u0434\u0443\u0431\u0430 \u043f\u043e\u043a\u0440\u044b\u0442\u044b \u043f\u0440\u043e\u0437\u0440\u0430\u0447\u043d\u044b\u043c \u043b\u0430\u043a\u043e\u043c \u0438\u043b\u0438 \u043e\u043a\u0440\u0430\u0448\u0435\u043d\u044b \u0432 \u0447\u0435\u0440\u043d\u044b\u0439 \u0446\u0432\u0435\u0442. \u041a\u043e\u043b\u043b\u0435\u043a\u0446\u0438\u044f VETRO \u0432\u043a\u043b\u044e\u0447\u0430\u0435\u0442 \u0432 \u0441\u0435\u0431\u044f \u043e\u0431\u0435\u0434\u0435\u043d\u043d\u044b\u0435 \u0441\u0442\u0443\u043b\u044c\u044f, \u0431\u0430\u0440\u043d\u0443\u044e \u0441\u0442\u043e\u0439\u043a\u0443 \u0438 \u0442\u0430\u0431\u0443\u0440\u0435\u0442.<\/p>","protected":false},"featured_media":7946,"template":"","meta":{"_acf_changed":false},"product_brand":[],"product_cat":[28,38],"product_tag":[37],"class_list":{"0":"post-31856","1":"product","2":"type-product","3":"status-publish","4":"has-post-thumbnail","6":"product_cat-kresli","7":"product_cat-kresli-pie-galda","8":"product_tag-dan-form","10":"first","11":"instock","12":"sale","13":"shipping-taxable","14":"purchasable","15":"product-type-simple"},"acf":[],"_links":{"self":[{"href":"https:\/\/lightup.lv\/ru\/wp-json\/wp\/v2\/product\/31856","targetHints":{"allow":["GET"]}}],"collection":[{"href":"https:\/\/lightup.lv\/ru\/wp-json\/wp\/v2\/product"}],"about":[{"href":"https:\/\/lightup.lv\/ru\/wp-json\/wp\/v2\/types\/product"}],"wp:featuredmedia":[{"embeddable":true,"href":"https:\/\/lightup.lv\/ru\/wp-json\/wp\/v2\/media\/7946"}],"wp:attachment":[{"href":"https:\/\/lightup.lv\/ru\/wp-json\/wp\/v2\/media?parent=31856"}],"wp:term":[{"taxonomy":"product_brand","embeddable":true,"href":"https:\/\/lightup.lv\/ru\/wp-json\/wp\/v2\/product_brand?post=31856"},{"taxonomy":"product_cat","embeddable":true,"href":"https:\/\/lightup.lv\/ru\/wp-json\/wp\/v2\/product_cat?post=31856"},{"taxonomy":"product_tag","embeddable":true,"href":"https:\/\/lightup.lv\/ru\/wp-json\/wp\/v2\/product_tag?post=31856"}],"curies":[{"name":"wp","href":"https:\/\/api.w.org\/{rel}","templated":true}]}}