{"id":31867,"date":"2021-02-23T10:31:47","date_gmt":"2021-02-23T08:31:47","guid":{"rendered":"https:\/\/lightup.lv\/precu-katalogs\/zed-melns-auduma\/"},"modified":"2024-04-02T13:23:21","modified_gmt":"2024-04-02T11:23:21","slug":"zed-melns-auduma","status":"publish","type":"product","link":"https:\/\/lightup.lv\/ru\/%d0%ba%d0%b0%d1%82%d0%b0%d0%bb%d0%be%d0%b3-%d0%bf%d1%80%d0%be%d0%b4%d1%83%d0%ba%d1%86%d0%b8%d0%b8\/zed-melns-auduma\/","title":{"rendered":"ZED melns auduma"},"content":{"rendered":"<p>\u0412\u044b\u0441\u043e\u0442\u0430 \u0441\u0442\u0443\u043b\u0430 \u2013 80 \u0441\u043c.<\/p>\n<p>Kr\u0113sla garums \u2013 50 cm<\/p>\n<p>S\u0113des platums \u2013 64 cm<\/p>\n<p>S\u0113des augstums \u2013 72,5 cm<\/p>\n<p>Meln\u0101 kr\u0101s\u0101 auduma s\u0113\u017eam\u0101 da\u013ca ar meln\u0101m met\u0101la k\u0101j\u0101m.<\/p>\n<p>ID 100103102<\/p>","protected":false},"excerpt":{"rendered":"<p>ZED kr\u0113sls ir Steffensen &amp; W\u00fcrtz dizains. Slaid\u0101s met\u0101la k\u0101jas sniedzas eleganti le\u0146\u0137veida roku balstos, kas turpin\u0101s aiz muguras un padara to gandr\u012bz peldo\u0161u. Dizain\u0101 ir elementi, kas atg\u0101dina 1950. gadu klasiskos kr\u0113slus, un apvienojum\u0101 ar stingr\u0101m l\u012bnij\u0101m, tom\u0113r ar m\u012bkstais izskats ZED kr\u0113slu padara m\u016bsdien\u012bgu. ZED ir pieejams tikai k\u0101 pusdienu kr\u0113sls.<\/p>","protected":false},"featured_media":8089,"template":"","meta":{"_acf_changed":false},"product_brand":[],"product_cat":[28,38],"product_tag":[37],"class_list":{"0":"post-31867","1":"product","2":"type-product","3":"status-publish","4":"has-post-thumbnail","6":"product_cat-kresli","7":"product_cat-kresli-pie-galda","8":"product_tag-dan-form","10":"first","11":"instock","12":"sale","13":"shipping-taxable","14":"purchasable","15":"product-type-simple"},"acf":[],"_links":{"self":[{"href":"https:\/\/lightup.lv\/ru\/wp-json\/wp\/v2\/product\/31867","targetHints":{"allow":["GET"]}}],"collection":[{"href":"https:\/\/lightup.lv\/ru\/wp-json\/wp\/v2\/product"}],"about":[{"href":"https:\/\/lightup.lv\/ru\/wp-json\/wp\/v2\/types\/product"}],"wp:featuredmedia":[{"embeddable":true,"href":"https:\/\/lightup.lv\/ru\/wp-json\/wp\/v2\/media\/8089"}],"wp:attachment":[{"href":"https:\/\/lightup.lv\/ru\/wp-json\/wp\/v2\/media?parent=31867"}],"wp:term":[{"taxonomy":"product_brand","embeddable":true,"href":"https:\/\/lightup.lv\/ru\/wp-json\/wp\/v2\/product_brand?post=31867"},{"taxonomy":"product_cat","embeddable":true,"href":"https:\/\/lightup.lv\/ru\/wp-json\/wp\/v2\/product_cat?post=31867"},{"taxonomy":"product_tag","embeddable":true,"href":"https:\/\/lightup.lv\/ru\/wp-json\/wp\/v2\/product_tag?post=31867"}],"curies":[{"name":"wp","href":"https:\/\/api.w.org\/{rel}","templated":true}]}}