{"id":31870,"date":"2021-02-23T10:52:28","date_gmt":"2021-02-23T08:52:28","guid":{"rendered":"https:\/\/lightup.lv\/precu-katalogs\/boto-melns-m-ada\/"},"modified":"2025-05-17T13:11:44","modified_gmt":"2025-05-17T11:11:44","slug":"boto-melns-m-ada","status":"publish","type":"product","link":"https:\/\/lightup.lv\/ru\/%d0%ba%d0%b0%d1%82%d0%b0%d0%bb%d0%be%d0%b3-%d0%bf%d1%80%d0%be%d0%b4%d1%83%d0%ba%d1%86%d0%b8%d0%b8\/boto-melns-m-ada\/","title":{"rendered":"BOTO melns M. \u0101da"},"content":{"rendered":"<p>Kr\u0113sla augstums \u2013 105 cm<\/p>\n<p>\u0414\u043b\u0438\u043d\u0430 \u0441\u0442\u0443\u043b\u0430 \u2013 55 \u0441\u043c.<\/p>\n<p>\u0428\u0438\u0440\u0438\u043d\u0430 \u0441\u0438\u0434\u0435\u043d\u044c\u044f \u2013 56 \u0441\u043c.<\/p>\n<p>S\u0113des augstums \u2013 77 cm<\/p>\n<p>Meln\u0101 kr\u0101s\u0101 m\u0101ksl\u012bg\u0101s \u0101das s\u0113\u017eam\u0101 da\u013ca ar meln\u0101m met\u0101la k\u0101j\u0101m.<\/p>\n<p>ID 200310300<\/p>","protected":false},"excerpt":{"rendered":"<p>BOTO b\u0101ra kr\u0113sls ir klasisks By Georgsen dizains. Pl\u0101nas met\u0101la k\u0101jas, kas turpin\u0101s roku balstos, ietin\u0101s ap s\u0113dek\u013ca atzveltni. M\u0101ksl\u012bg\u0101 \u0101da ir apt\u012bta ap roku balstiem k\u0101 dekorat\u012bva deta\u013ca, kas dizainu pace\u013c n\u0101kamaj\u0101 l\u012bmen\u012b. BOTO kolekcija sast\u0101v no kr\u0113sliem, b\u0101ra un letes kr\u0113sliem un atp\u016btas kr\u0113sliem.<\/p>","protected":false},"featured_media":8128,"template":"","meta":{"_acf_changed":false},"product_brand":[],"product_cat":[29,28],"product_tag":[37],"class_list":{"0":"post-31870","1":"product","2":"type-product","3":"status-publish","4":"has-post-thumbnail","6":"product_cat-bara-kresli","7":"product_cat-kresli","8":"product_tag-dan-form","10":"first","11":"instock","12":"shipping-taxable","13":"purchasable","14":"product-type-simple"},"acf":[],"_links":{"self":[{"href":"https:\/\/lightup.lv\/ru\/wp-json\/wp\/v2\/product\/31870","targetHints":{"allow":["GET"]}}],"collection":[{"href":"https:\/\/lightup.lv\/ru\/wp-json\/wp\/v2\/product"}],"about":[{"href":"https:\/\/lightup.lv\/ru\/wp-json\/wp\/v2\/types\/product"}],"wp:featuredmedia":[{"embeddable":true,"href":"https:\/\/lightup.lv\/ru\/wp-json\/wp\/v2\/media\/8128"}],"wp:attachment":[{"href":"https:\/\/lightup.lv\/ru\/wp-json\/wp\/v2\/media?parent=31870"}],"wp:term":[{"taxonomy":"product_brand","embeddable":true,"href":"https:\/\/lightup.lv\/ru\/wp-json\/wp\/v2\/product_brand?post=31870"},{"taxonomy":"product_cat","embeddable":true,"href":"https:\/\/lightup.lv\/ru\/wp-json\/wp\/v2\/product_cat?post=31870"},{"taxonomy":"product_tag","embeddable":true,"href":"https:\/\/lightup.lv\/ru\/wp-json\/wp\/v2\/product_tag?post=31870"}],"curies":[{"name":"wp","href":"https:\/\/api.w.org\/{rel}","templated":true}]}}