{"id":31880,"date":"2021-02-23T13:56:28","date_gmt":"2021-02-23T11:56:28","guid":{"rendered":"https:\/\/lightup.lv\/precu-katalogs\/stiletto-melns-2\/"},"modified":"2024-04-02T10:32:58","modified_gmt":"2024-04-02T08:32:58","slug":"stiletto-melns-2","status":"publish","type":"product","link":"https:\/\/lightup.lv\/ru\/%d0%ba%d0%b0%d1%82%d0%b0%d0%bb%d0%be%d0%b3-%d0%bf%d1%80%d0%be%d0%b4%d1%83%d0%ba%d1%86%d0%b8%d0%b8\/stiletto-melns-2\/","title":{"rendered":"STILETTO melns"},"content":{"rendered":"<p>Kr\u0113sla augstums \u2013 78 cm<\/p>\n<p>Kr\u0113sla garums \u2013 48 cm<\/p>\n<p>S\u0113des platums \u2013 36 cm<\/p>\n<p>S\u0113des augstums \u2013 78 cm<\/p>\n<p>Meln\u0101 kr\u0101s\u0101 auklas s\u0113\u017eam\u0101 da\u013ca ar meln\u0101m met\u0101la k\u0101j\u0101m.<br \/>\nPieejams ar\u012b pusb\u0101ra kr\u0113sls:<\/p>\n<p>Kr\u0113sla augstums \u2013 68 cm<\/p>\n<p>Kr\u0113sla garums \u2013 48 cm<\/p>\n<p>S\u0113des platums \u2013 36 cm<\/p>\n<p>S\u0113des augstums \u2013 68 cm<\/p>\n<p> ID 200232810<\/p>","protected":false},"excerpt":{"rendered":"<p>STILETTO ir elegants Says Who dizains. K\u0101 nor\u0101da nosaukums, s\u0113rijai ir garas, slaidas k\u0101jas, kas padara to vieglu un gais\u012bgu. Skaisti ar rok\u0101m austs pap\u012bra auklas s\u0113deklis pie\u0161\u0137ir dizainam klasisku piesk\u0101rienu un padara dizaina vienk\u0101r\u0161\u012bbu izsmalcin\u0101tu. STILETTO b\u0101ra kr\u0113sla  augstums ir piem\u0113rots liel\u0101kajai da\u013cai stie\u0146a augstuma galdu. STILETTO kolekciju veido kr\u0113sli, atzveltnes kr\u0113sli, b\u0101ra kr\u0113sli un letes.<\/p>","protected":false},"featured_media":8268,"template":"","meta":{"_acf_changed":false},"product_brand":[],"product_cat":[29,28],"product_tag":[37],"class_list":{"0":"post-31880","1":"product","2":"type-product","3":"status-publish","4":"has-post-thumbnail","6":"product_cat-bara-kresli","7":"product_cat-kresli","8":"product_tag-dan-form","10":"first","11":"instock","12":"sale","13":"shipping-taxable","14":"purchasable","15":"product-type-simple"},"acf":[],"_links":{"self":[{"href":"https:\/\/lightup.lv\/ru\/wp-json\/wp\/v2\/product\/31880","targetHints":{"allow":["GET"]}}],"collection":[{"href":"https:\/\/lightup.lv\/ru\/wp-json\/wp\/v2\/product"}],"about":[{"href":"https:\/\/lightup.lv\/ru\/wp-json\/wp\/v2\/types\/product"}],"wp:featuredmedia":[{"embeddable":true,"href":"https:\/\/lightup.lv\/ru\/wp-json\/wp\/v2\/media\/8268"}],"wp:attachment":[{"href":"https:\/\/lightup.lv\/ru\/wp-json\/wp\/v2\/media?parent=31880"}],"wp:term":[{"taxonomy":"product_brand","embeddable":true,"href":"https:\/\/lightup.lv\/ru\/wp-json\/wp\/v2\/product_brand?post=31880"},{"taxonomy":"product_cat","embeddable":true,"href":"https:\/\/lightup.lv\/ru\/wp-json\/wp\/v2\/product_cat?post=31880"},{"taxonomy":"product_tag","embeddable":true,"href":"https:\/\/lightup.lv\/ru\/wp-json\/wp\/v2\/product_tag?post=31880"}],"curies":[{"name":"wp","href":"https:\/\/api.w.org\/{rel}","templated":true}]}}