{"id":31882,"date":"2021-02-23T14:08:54","date_gmt":"2021-02-23T12:08:54","guid":{"rendered":"https:\/\/lightup.lv\/precu-katalogs\/gaia-melns-m-ada\/"},"modified":"2025-05-24T12:25:08","modified_gmt":"2025-05-24T10:25:08","slug":"gaia-melns-m-ada","status":"publish","type":"product","link":"https:\/\/lightup.lv\/ru\/%d0%ba%d0%b0%d1%82%d0%b0%d0%bb%d0%be%d0%b3-%d0%bf%d1%80%d0%be%d0%b4%d1%83%d0%ba%d1%86%d0%b8%d0%b8\/gaia-melns-m-ada\/","title":{"rendered":"GAIA melns M. \u0101da"},"content":{"rendered":"<p>Kr\u0113sla augstums \u2013 75-87 cm<\/p>\n<p>Kr\u0113sla garums \u2013 61 cm<\/p>\n<p>S\u0113des platums \u2013 59 cm<\/p>\n<p>S\u0113des augstums \u2013 43-55 cm<\/p>\n<p>Meln\u0101 kr\u0101s\u0101 m\u0101ksl\u012bg\u0101s \u0101das s\u0113\u017eam\u0101 da\u013ca.<\/p>\n<p>ID 100200200<\/p>","protected":false},"excerpt":{"rendered":"<p>Izliekts un ar dramatisku siluetu GAIA biroja kr\u0113sls ieder\u0113sies jebkur\u0101 biroja telp\u0101. GAIA biroja kr\u0113slam ir \u0113rts, aptvero\u0161s s\u0113deklis un roku balsti, k\u0101 ar\u012b melna pamatne ar 5 rite\u0146iem. GAIA kolekcija sast\u0101v no pusdienu kr\u0113sliem, atp\u016btas kr\u0113sliem, b\u0101ra kr\u0113sliem, letes kr\u0113sliem un biroja kr\u0113sliem.<\/p>","protected":false},"featured_media":8290,"template":"","meta":{"_acf_changed":false},"product_brand":[],"product_cat":[28,38],"product_tag":[37],"class_list":{"0":"post-31882","1":"product","2":"type-product","3":"status-publish","4":"has-post-thumbnail","6":"product_cat-kresli","7":"product_cat-kresli-pie-galda","8":"product_tag-dan-form","10":"first","11":"instock","12":"shipping-taxable","13":"purchasable","14":"product-type-simple"},"acf":[],"_links":{"self":[{"href":"https:\/\/lightup.lv\/ru\/wp-json\/wp\/v2\/product\/31882","targetHints":{"allow":["GET"]}}],"collection":[{"href":"https:\/\/lightup.lv\/ru\/wp-json\/wp\/v2\/product"}],"about":[{"href":"https:\/\/lightup.lv\/ru\/wp-json\/wp\/v2\/types\/product"}],"wp:featuredmedia":[{"embeddable":true,"href":"https:\/\/lightup.lv\/ru\/wp-json\/wp\/v2\/media\/8290"}],"wp:attachment":[{"href":"https:\/\/lightup.lv\/ru\/wp-json\/wp\/v2\/media?parent=31882"}],"wp:term":[{"taxonomy":"product_brand","embeddable":true,"href":"https:\/\/lightup.lv\/ru\/wp-json\/wp\/v2\/product_brand?post=31882"},{"taxonomy":"product_cat","embeddable":true,"href":"https:\/\/lightup.lv\/ru\/wp-json\/wp\/v2\/product_cat?post=31882"},{"taxonomy":"product_tag","embeddable":true,"href":"https:\/\/lightup.lv\/ru\/wp-json\/wp\/v2\/product_tag?post=31882"}],"curies":[{"name":"wp","href":"https:\/\/api.w.org\/{rel}","templated":true}]}}