{"id":31885,"date":"2021-02-23T14:32:22","date_gmt":"2021-02-23T12:32:22","guid":{"rendered":"https:\/\/lightup.lv\/precu-katalogs\/hype-bruns-m-ada\/"},"modified":"2024-04-02T13:03:13","modified_gmt":"2024-04-02T11:03:13","slug":"hype-bruns-m-ada","status":"publish","type":"product","link":"https:\/\/lightup.lv\/ru\/%d0%ba%d0%b0%d1%82%d0%b0%d0%bb%d0%be%d0%b3-%d0%bf%d1%80%d0%be%d0%b4%d1%83%d0%ba%d1%86%d0%b8%d0%b8\/hype-bruns-m-ada\/","title":{"rendered":"HYPE br\u016bns M. \u0101da"},"content":{"rendered":"<p>Kr\u0113sla augstums \u2013 78-90 cm<\/p>\n<p>Kr\u0113sla garums \u2013 51 cm<\/p>\n<p>\u0428\u0438\u0440\u0438\u043d\u0430 \u0441\u0438\u0434\u0435\u043d\u044c\u044f \u2013 44 \u0441\u043c.<\/p>\n<p>S\u0113des augstums \u2013 42-54 cm<\/p>\n<p>Br\u016bn\u0101 kr\u0101s\u0101 m\u0101ksl\u012bg\u0101s \u0101das s\u0113\u017eam\u0101 da\u013ca.<\/p>\n<p>ID 700770500<\/p>","protected":false},"excerpt":{"rendered":"<p>HYPE biroja kr\u0113slam ir ikonisks s\u0113dek\u013ca siluets ar beisbola \u0161uv\u0113m un melna pamatne ar rite\u0146iem. M\u012bkstajam s\u0113deklim ir lieliskas s\u0113d\u0113\u0161anas \u0113rt\u012bbas, un \u0161iks, m\u016bsdien\u012bgs dizains padara \u0161o par popul\u0101ru izv\u0113li m\u0101jas birojiem. HYPE kolekcija sast\u0101v no kr\u0113sliem, b\u0101ra kr\u0113sliem, letes kr\u0113sliem un biroja kr\u0113sliem.<\/p>","protected":false},"featured_media":8327,"template":"","meta":{"_acf_changed":false},"product_brand":[],"product_cat":[28,38],"product_tag":[37],"class_list":{"0":"post-31885","1":"product","2":"type-product","3":"status-publish","4":"has-post-thumbnail","6":"product_cat-kresli","7":"product_cat-kresli-pie-galda","8":"product_tag-dan-form","10":"first","11":"instock","12":"sale","13":"shipping-taxable","14":"purchasable","15":"product-type-simple"},"acf":[],"_links":{"self":[{"href":"https:\/\/lightup.lv\/ru\/wp-json\/wp\/v2\/product\/31885","targetHints":{"allow":["GET"]}}],"collection":[{"href":"https:\/\/lightup.lv\/ru\/wp-json\/wp\/v2\/product"}],"about":[{"href":"https:\/\/lightup.lv\/ru\/wp-json\/wp\/v2\/types\/product"}],"wp:featuredmedia":[{"embeddable":true,"href":"https:\/\/lightup.lv\/ru\/wp-json\/wp\/v2\/media\/8327"}],"wp:attachment":[{"href":"https:\/\/lightup.lv\/ru\/wp-json\/wp\/v2\/media?parent=31885"}],"wp:term":[{"taxonomy":"product_brand","embeddable":true,"href":"https:\/\/lightup.lv\/ru\/wp-json\/wp\/v2\/product_brand?post=31885"},{"taxonomy":"product_cat","embeddable":true,"href":"https:\/\/lightup.lv\/ru\/wp-json\/wp\/v2\/product_cat?post=31885"},{"taxonomy":"product_tag","embeddable":true,"href":"https:\/\/lightup.lv\/ru\/wp-json\/wp\/v2\/product_tag?post=31885"}],"curies":[{"name":"wp","href":"https:\/\/api.w.org\/{rel}","templated":true}]}}